{"id":341285,"date":"2023-04-03T12:25:48","date_gmt":"2023-04-03T11:25:48","guid":{"rendered":"https:\/\/www.moskito.cz\/produkt\/noz-bowie-z-litej-stali-kutej-matrycowo\/"},"modified":"2025-05-07T11:15:30","modified_gmt":"2025-05-07T10:15:30","slug":"noz-bowie-z-litej-stali-kutej-matrycowo","status":"publish","type":"product","link":"https:\/\/www.moskito.cz\/pl\/produkt\/noz-bowie-z-litej-stali-kutej-matrycowo\/","title":{"rendered":"N\u00f3\u017c Bowie z litej stali kutej matrycowo"},"content":{"rendered":"<p>Solidny n\u00f3\u017c Bowie z kutej <strong>stali na zimno<\/strong><\/p>\n<p>Ten dodatek do naszej linii no\u017cy kutych matrycowo ma ca\u0142kowit\u0105 d\u0142ugo\u015b\u0107 14 cali i posiada 9 \u00bd-calowe ostrze, kt\u00f3re ma wiele takich samych cech, jak inne no\u017ce z tej serii, w tym t\u0119 sam\u0105 solidn\u0105, jednocz\u0119\u015bciow\u0105 kut\u0105 konstrukcj\u0119. stali, co nadaje mu zaskakuj\u0105c\u0105 wytrzyma\u0142o\u015b\u0107. Jednak w przeciwie\u0144stwie do innych no\u017cy kutych matrycowo, posiada on charakterystyczne p\u0142ytki ze sztucznego jelenia wbudowane w r\u0119koje\u015b\u0107. Ostrze jest szlifowane p\u0142asko do \u015brednio cienkiej kraw\u0119dzi, a nast\u0119pnie ostrzone do brzytwy. Ko\u0144c\u00f3wka ostrza jest wystarczaj\u0105co ostra, aby zapewni\u0107 g\u0142\u0119bok\u0105 penetracj\u0119, a punkt r\u00f3wnowagi znajduje si\u0119 tu\u017c przed jelcem, dzi\u0119ki czemu n\u00f3\u017c \u017cywo le\u017cy w d\u0142oni, a ostrze jest nieco ci\u0119\u017ckie. Podobnie jak inne no\u017ce z serii Drop Forged, jest on wyposa\u017cony w pochw\u0119 Secure-Ex\u2122 klasy wojskowej, kt\u00f3ra zawiera wyjmowan\u0105 szlufk\u0119 z Cordury.<\/p>\n<p>Opis:<\/p>\n<p>Materia\u0142 ostrza: 52100<br \/>\nMateria\u0142 r\u0119koje\u015bci: stal, sztuczne poro\u017ce<br \/>\nMateria\u0142 obudowy: Secure-Ex<br \/>\nD\u0142ugo\u015b\u0107 ostrza: 24 cm<br \/>\nD\u0142ugo\u015b\u0107 ca\u0142kowita: 36 cm<br \/>\nD\u0142ugo\u015b\u0107 r\u0105czki: 12 cm<br \/>\nGrubo\u015b\u0107 ostrza: 5 mm<br \/>\nWysoko\u015b\u0107 ostrza: 3,7 cm<br \/>\nWaga: 420 g<\/p>\n<p><iframe title=\"Cold Steel Drop Forge Bowie Knife\" width=\"800\" height=\"450\" src=\"https:\/\/www.youtube.com\/embed\/kenk0Dq_1Qc?feature=oembed\" frameborder=\"0\" allow=\"accelerometer; autoplay; clipboard-write; encrypted-media; gyroscope; picture-in-picture; web-share\" referrerpolicy=\"strict-origin-when-cross-origin\" allowfullscreen><\/iframe><\/p>\n<p>&nbsp;<\/p>\n","protected":false},"excerpt":{"rendered":"<p><strong>Uniwersalny n\u00f3\u017c do but\u00f3w kutych matrycowo firmy COLD STEEL to wytrzyma\u0142y n\u00f3\u017c przeznaczony do ukrytego noszenia, wyposa\u017cony w g\u0142adkie ostrze obosieczne.<\/strong><\/p>\n","protected":false},"featured_media":341291,"comment_status":"open","ping_status":"closed","template":"","meta":[],"pwb-brand":[3596],"product_brand":[],"product_cat":[3297,3296],"product_tag":[3671],"class_list":{"0":"post-341285","1":"product","2":"type-product","3":"status-publish","4":"has-post-thumbnail","6":"pwb-brand-zimna-stal","7":"product_cat-solidne-noze","8":"product_cat-noze-pl","9":"product_tag-b2b-pl","11":"first","12":"instock","13":"taxable","14":"shipping-taxable","15":"purchasable","16":"product-type-simple"},"brands":[{"id":3596,"name":"Zimna stal","slug":"zimna-stal"}],"_links":{"self":[{"href":"https:\/\/www.moskito.cz\/pl\/wp-json\/wp\/v2\/product\/341285","targetHints":{"allow":["GET"]}}],"collection":[{"href":"https:\/\/www.moskito.cz\/pl\/wp-json\/wp\/v2\/product"}],"about":[{"href":"https:\/\/www.moskito.cz\/pl\/wp-json\/wp\/v2\/types\/product"}],"replies":[{"embeddable":true,"href":"https:\/\/www.moskito.cz\/pl\/wp-json\/wp\/v2\/comments?post=341285"}],"wp:featuredmedia":[{"embeddable":true,"href":"https:\/\/www.moskito.cz\/pl\/wp-json\/wp\/v2\/media\/341291"}],"wp:attachment":[{"href":"https:\/\/www.moskito.cz\/pl\/wp-json\/wp\/v2\/media?parent=341285"}],"wp:term":[{"taxonomy":"pwb-brand","embeddable":true,"href":"https:\/\/www.moskito.cz\/pl\/wp-json\/wp\/v2\/pwb-brand?post=341285"},{"taxonomy":"product_brand","embeddable":true,"href":"https:\/\/www.moskito.cz\/pl\/wp-json\/wp\/v2\/product_brand?post=341285"},{"taxonomy":"product_cat","embeddable":true,"href":"https:\/\/www.moskito.cz\/pl\/wp-json\/wp\/v2\/product_cat?post=341285"},{"taxonomy":"product_tag","embeddable":true,"href":"https:\/\/www.moskito.cz\/pl\/wp-json\/wp\/v2\/product_tag?post=341285"}],"curies":[{"name":"wp","href":"https:\/\/api.w.org\/{rel}","templated":true}]}}