{"id":341338,"date":"2022-11-02T22:01:47","date_gmt":"2022-11-02T21:01:47","guid":{"rendered":"https:\/\/www.moskito.cz\/produkt\/noz-skladany-cold-steel-tuff-lite-plain-edge-blue\/"},"modified":"2025-05-07T11:15:33","modified_gmt":"2025-05-07T10:15:33","slug":"noz-skladany-cold-steel-tuff-lite-plain-edge-blue","status":"publish","type":"product","link":"https:\/\/www.moskito.cz\/pl\/produkt\/noz-skladany-cold-steel-tuff-lite-plain-edge-blue\/","title":{"rendered":"N\u00f3\u017c sk\u0142adany Cold Steel TUFF LITE PLAIN EDGE BLUE"},"content":{"rendered":"<p>N\u00f3\u017c sk\u0142adany <strong>Cold Steel<\/strong> TUFF LITE PLAIN EDGE BLUE.<\/p>\n<p>Buty Tuff Lite firmy Cold Steel s\u0105 wystarczaj\u0105co wytrzyma\u0142e, aby sobie z nimi poradzi\u0107 i wystarczaj\u0105co lekkie, aby mie\u0107 je pod r\u0119k\u0105, gdy ich potrzebujesz. Idealny rozmiar, aby zmie\u015bci\u0107 si\u0119 w ka\u017cdej kieszeni, przypi\u0105\u0107 go do talii lub nosi\u0107 na szyi na smyczy. Dzi\u0119ki szerokim, wydr\u0105\u017conym, szlifowanym ostrzom s\u0105 bezlito\u015bnie ostre i z nieoczekiwan\u0105 \u0142atwo\u015bci\u0105 przecinaj\u0105 nawet najtwardsze materia\u0142y. Ich zakrzywione ko\u0144c\u00f3wki zapewniaj\u0105 g\u0142\u0119bok\u0105 penetracj\u0119 i potencja\u0142 precyzyjnego ci\u0119cia, nie b\u0119d\u0105c jednocze\u015bnie na tyle agresywnymi, aby przyci\u0105ga\u0107 niechcian\u0105 uwag\u0119. Zar\u00f3wno wersja standardowa, jak i wersja mini s\u0105 stworzone do tego zadania i zapewniaj\u0105 zaskakuj\u0105co dobry chwyt dzi\u0119ki doskonale zaprojektowanym uchwytom Griv Ex\u2122, kt\u00f3re oferuj\u0105 niesamowity stosunek wytrzyma\u0142o\u015bci do masy i s\u0105 wyposa\u017cone w najnowocze\u015bniejszy Tri-Ad zamek, kt\u00f3ry zapewnia imponuj\u0105ce mi\u0119\u015bnie jak na sw\u00f3j rozmiar.<\/p>\n<p>PARAMETRY PRODUKTU<br \/>\nStal: japo\u0144ska stal nierdzewna AUS 8A<br \/>\nD\u0142ugo\u015b\u0107 ostrza: 63,5 mm<br \/>\nRozmiar ca\u0142kowity: 152,4 mm<br \/>\nD\u0142ugo\u015b\u0107 r\u0119koje\u015bci: 88,9 mm<br \/>\nKolor: niebieski\/srebrny<br \/>\nWaga: 70,87 g<br \/>\nRodzaj zamka: Blokada Tri-Ad<br \/>\nGrubo\u015b\u0107 ostrza: 2,75 mm<br \/>\nMateria\u0142 r\u0119koje\u015bci: D\u0142ugi Griv-Ex\u2122 Blue<br \/>\nMateria\u0142 kabury: obur\u0119czna kiesze\u0144\/zaczep na pasek-<\/p>\n","protected":false},"excerpt":{"rendered":"<p>Tuff Lite Plain Edge firmy Cold Steel to n\u00f3\u017c sk\u0142adany o g\u0142adkiej, prostej kraw\u0119dzi.<\/p>\n","protected":false},"featured_media":341339,"comment_status":"open","ping_status":"closed","template":"","meta":[],"pwb-brand":[3596],"product_brand":[],"product_cat":[3307,3296],"product_tag":[3671],"class_list":{"0":"post-341338","1":"product","2":"type-product","3":"status-publish","4":"has-post-thumbnail","6":"pwb-brand-zimna-stal","7":"product_cat-zamykanie-nozy","8":"product_cat-noze-pl","9":"product_tag-b2b-pl","11":"first","12":"instock","13":"taxable","14":"shipping-taxable","15":"purchasable","16":"product-type-simple"},"brands":[{"id":3596,"name":"Zimna stal","slug":"zimna-stal"}],"_links":{"self":[{"href":"https:\/\/www.moskito.cz\/pl\/wp-json\/wp\/v2\/product\/341338","targetHints":{"allow":["GET"]}}],"collection":[{"href":"https:\/\/www.moskito.cz\/pl\/wp-json\/wp\/v2\/product"}],"about":[{"href":"https:\/\/www.moskito.cz\/pl\/wp-json\/wp\/v2\/types\/product"}],"replies":[{"embeddable":true,"href":"https:\/\/www.moskito.cz\/pl\/wp-json\/wp\/v2\/comments?post=341338"}],"wp:featuredmedia":[{"embeddable":true,"href":"https:\/\/www.moskito.cz\/pl\/wp-json\/wp\/v2\/media\/341339"}],"wp:attachment":[{"href":"https:\/\/www.moskito.cz\/pl\/wp-json\/wp\/v2\/media?parent=341338"}],"wp:term":[{"taxonomy":"pwb-brand","embeddable":true,"href":"https:\/\/www.moskito.cz\/pl\/wp-json\/wp\/v2\/pwb-brand?post=341338"},{"taxonomy":"product_brand","embeddable":true,"href":"https:\/\/www.moskito.cz\/pl\/wp-json\/wp\/v2\/product_brand?post=341338"},{"taxonomy":"product_cat","embeddable":true,"href":"https:\/\/www.moskito.cz\/pl\/wp-json\/wp\/v2\/product_cat?post=341338"},{"taxonomy":"product_tag","embeddable":true,"href":"https:\/\/www.moskito.cz\/pl\/wp-json\/wp\/v2\/product_tag?post=341338"}],"curies":[{"name":"wp","href":"https:\/\/api.w.org\/{rel}","templated":true}]}}