{"id":341355,"date":"2020-12-03T22:49:32","date_gmt":"2024-05-20T11:15:29","guid":{"rendered":"https:\/\/www.moskito.cz\/produkt\/luksusowy-manicure-pfeilring-solingen\/"},"modified":"2025-07-11T07:53:06","modified_gmt":"2025-07-11T06:53:06","slug":"luksusowy-manicure-pfeilring-solingen","status":"publish","type":"product","link":"https:\/\/www.moskito.cz\/pl\/produkt\/luksusowy-manicure-pfeilring-solingen\/","title":{"rendered":"Luksusowy manicure PFEILRING SOLINGEN"},"content":{"rendered":"<p>Luksusowy manicure PFEILRING SOLINGEN.<br \/>\nLuksusowy 5-cz\u0119\u015bciowy manicure niemieckiej marki Pfeilring, oryginalny Solingen w wysokiej jako\u015bci czarnym sk\u00f3rzanym etui. Manicure Solingen s\u0142ynie z trwa\u0142o\u015bci i najwy\u017cszej jako\u015bci wykonania. Etui jest bardzo praktyczne i zamykane patentem. Narz\u0119dzia wchodz\u0105ce w sk\u0142ad manicure posiadaj\u0105 do\u017cywotni\u0105 gwarancj\u0119, kt\u00f3ra nie obejmuje uszkodze\u0144 powsta\u0142ych na skutek niew\u0142a\u015bciwego u\u017cytkowania lub pozostawienia w wilgotnym \u015brodowisku.<\/p>\n<p>Solingen to marka najwy\u017cszej jako\u015bci, kupuj\u0105c j\u0105 stawiasz na jako\u015b\u0107 i gwarancj\u0119 satysfakcji!<\/p>\n<p>W walizce znajduj\u0105 si\u0119 narz\u0119dzia wykonane z niklu:<br \/>\nNo\u017cyczki do sk\u00f3rek<br \/>\nObcinacze do paznokci<br \/>\nSzafirowy plik<br \/>\nSko\u015bne p\u0119sety<br \/>\nJednostronne narz\u0119dzie do manicure<\/p>\n<p>Mieszkania:<br \/>\nMateria\u0142 sk\u00f3ra naturalna<\/p>\n<p>Kolor obudowy:<br \/>\nCzarny<\/p>\n<p>Obr\u00f3bka powierzchniowa narz\u0119dzi:<br \/>\nB\u0142yszcz\u0105cy nikiel<\/p>\n","protected":false},"excerpt":{"rendered":"<p>Luksusowy 5-cz\u0119\u015bciowy manicure niemieckiej marki Pfeilring, oryginalny Solingen, w wysokiej jako\u015bci sk\u00f3rzanym etui z czarn\u0105 ramk\u0105.<br \/>\n<strong>Wyprodukowano w Solingen, do\u017cywotnia gwarancja.<\/strong><\/p>\n","protected":false},"featured_media":175737,"comment_status":"open","ping_status":"closed","template":"","meta":[],"pwb-brand":[3896],"product_brand":[],"product_cat":[3643],"product_tag":[],"class_list":{"0":"post-341355","1":"product","2":"type-product","3":"status-publish","4":"has-post-thumbnail","6":"pwb-brand-pfeilringa-solingena","7":"product_cat-manicure","9":"first","10":"instock","11":"taxable","12":"shipping-taxable","13":"purchasable","14":"product-type-simple"},"brands":[{"id":3896,"name":"PFEILRINGA SOLINGENA","slug":"pfeilringa-solingena"}],"_links":{"self":[{"href":"https:\/\/www.moskito.cz\/pl\/wp-json\/wp\/v2\/product\/341355","targetHints":{"allow":["GET"]}}],"collection":[{"href":"https:\/\/www.moskito.cz\/pl\/wp-json\/wp\/v2\/product"}],"about":[{"href":"https:\/\/www.moskito.cz\/pl\/wp-json\/wp\/v2\/types\/product"}],"replies":[{"embeddable":true,"href":"https:\/\/www.moskito.cz\/pl\/wp-json\/wp\/v2\/comments?post=341355"}],"wp:featuredmedia":[{"embeddable":true,"href":"https:\/\/www.moskito.cz\/pl\/wp-json\/wp\/v2\/media\/175737"}],"wp:attachment":[{"href":"https:\/\/www.moskito.cz\/pl\/wp-json\/wp\/v2\/media?parent=341355"}],"wp:term":[{"taxonomy":"pwb-brand","embeddable":true,"href":"https:\/\/www.moskito.cz\/pl\/wp-json\/wp\/v2\/pwb-brand?post=341355"},{"taxonomy":"product_brand","embeddable":true,"href":"https:\/\/www.moskito.cz\/pl\/wp-json\/wp\/v2\/product_brand?post=341355"},{"taxonomy":"product_cat","embeddable":true,"href":"https:\/\/www.moskito.cz\/pl\/wp-json\/wp\/v2\/product_cat?post=341355"},{"taxonomy":"product_tag","embeddable":true,"href":"https:\/\/www.moskito.cz\/pl\/wp-json\/wp\/v2\/product_tag?post=341355"}],"curies":[{"name":"wp","href":"https:\/\/api.w.org\/{rel}","templated":true}]}}