{"id":341410,"date":"2024-05-20T13:39:46","date_gmt":"2024-05-20T12:42:30","guid":{"rendered":"https:\/\/www.moskito.cz\/produkt\/noz-strzelecki-microtech-glykon-bayonet-apocalyptic-184-12apnc\/"},"modified":"2025-05-07T11:15:38","modified_gmt":"2025-05-07T10:15:38","slug":"noz-strzelecki-microtech-glykon-bayonet-apocalyptic-184-12apnc","status":"publish","type":"product","link":"https:\/\/www.moskito.cz\/pl\/produkt\/noz-strzelecki-microtech-glykon-bayonet-apocalyptic-184-12apnc\/","title":{"rendered":"N\u00f3\u017c Strzelecki Microtech Glykon Bayonet Apocalyptic 184-12APNC"},"content":{"rendered":"<p>N\u00f3\u017c strzelecki <strong>Microtech<\/strong> Glykon Bayonet Apocalyptic 184-12APNC.<\/p>\n<p><strong>Bagnet Microtech Glykon<\/strong> Naturalny przezroczysty uchwyt z apokaliptyczn\u0105 nak\u0142adk\u0105 Apocalyptic Full Serrated 184-12APNC<\/p>\n<p>Ta pi\u0119kna, nowa konfiguracja Microtech zosta\u0142a nazwana na cze\u015b\u0107 rzymskiego boga-w\u0119\u017ca. Ten OTF z pewno\u015bci\u0105 zaimponuje swoj\u0105 niesamowit\u0105 moc\u0105. Lekko zakrzywiona obudowa w po\u0142\u0105czeniu z uderzeniem sprawia, \u017ce \u200b\u200bten n\u00f3\u017c staje si\u0119 kolejnym elementem Twojego arsena\u0142u, kt\u00f3ry z pewno\u015bci\u0105 b\u0119dzie hitem. Nowy opatentowany tr\u00f3jstronny przycisk sprawia, \u017ce \u200b\u200bGlykon jest niezwykle przyjazny dla u\u017cytkownika. Dwustronny klips kieszonkowy zapewnia mo\u017cliwo\u015b\u0107 dostosowania tego no\u017ca do indywidualnych potrzeb.<\/p>\n<p>Model ten posiada uchwyty z naturalnego, przezroczystego, anodyzowanego aluminium z apokaliptycznym wyko\u0144czeniem z tytanu. Apokaliptyczne ostrze bagnetowe ze stali nierdzewnej M390 z ca\u0142kowicie z\u0105bkowanym ostrzem. Sprz\u0119t w apokaliptycznym stylu, dwustronny klips do kieszeni i otw\u00f3r na smycz. Klip zawiera informacje o modelu, logo Microtech, numer seryjny i dat\u0119 produkcji.<\/p>\n<p>Kraj pochodzenia: USA<br \/>\nMateria\u0142 r\u0119koje\u015bci: aluminium<br \/>\nMateria\u0142 ostrza: M390<br \/>\nStyl ostrza: bagnet<br \/>\nObr\u00f3bka powierzchni ostrza: Apkoaliptic<br \/>\nTyp kraw\u0119dzi: w pe\u0142ni z\u0105bkowany<br \/>\nModel\/wz\u00f3r: Glikon<br \/>\nTyp no\u017ca: Automatyczny OTF o podw\u00f3jnym dzia\u0142aniu<br \/>\nTyp zamka: OTF<br \/>\nD\u0142ugo\u015b\u0107 ostrza: 9,37 cm<br \/>\nD\u0142ugo\u015b\u0107 po zamkni\u0119ciu: 13,12 cm<br \/>\nD\u0142ugo\u015b\u0107 ca\u0142kowita: 22,5 cm<br \/>\nStal: M390<\/p>\n<p><iframe title=\"Microtech Combat Troodon Torture Test\" width=\"800\" height=\"450\" src=\"https:\/\/www.youtube.com\/embed\/xE9TeOFYEjg?feature=oembed\" frameborder=\"0\" allow=\"accelerometer; autoplay; clipboard-write; encrypted-media; gyroscope; picture-in-picture; web-share\" referrerpolicy=\"strict-origin-when-cross-origin\" allowfullscreen><\/iframe><\/p>\n<p>&nbsp;<\/p>\n<p>&nbsp;<\/p>\n","protected":false},"excerpt":{"rendered":"<div class=\"elementor-element elementor-element-bbb542b elementor-widget elementor-widget-woocommerce-product-short-description\" data-id=\"bbb542b\" data-element_type=\"widget\" data-widget_type=\"woocommerce-product-short-description.default\">\n<div class=\"elementor-widget-container\">\n<div class=\"woocommerce-product-details__short-description\">\n<p><strong>Przez lata Microtech\u00ae Knives wype\u0142nia\u0142 no\u017ce pasj\u0105 i umiej\u0119tno\u015bciami, aby tworzy\u0107 niemal dzie\u0142a sztuki, kt\u00f3re s\u0105 szczytem funkcjonalno\u015bci.Wszystkie cz\u0119\u015bci s\u0105 produkowane w USA.<\/strong><br \/>\n<strong>Wszystkie no\u017ce Microtech obj\u0119te s\u0105 do\u017cywotni\u0105 gwarancj\u0105.<\/strong><\/p>\n<p><strong>Bezp\u0142atny transport.<\/strong><\/p>\n<\/div>\n<\/div>\n<\/div>\n","protected":false},"featured_media":341368,"comment_status":"open","ping_status":"closed","template":"","meta":[],"pwb-brand":[3279],"product_brand":[],"product_cat":[3296,3344],"product_tag":[3671],"class_list":{"0":"post-341410","1":"product","2":"type-product","3":"status-publish","4":"has-post-thumbnail","6":"pwb-brand-microtech-pl","7":"product_cat-noze-pl","8":"product_cat-noze-strzeleckie","9":"product_tag-b2b-pl","11":"first","12":"outofstock","13":"taxable","14":"shipping-taxable","15":"purchasable","16":"product-type-simple"},"brands":[{"id":3279,"name":"Microtech","slug":"microtech-pl"}],"_links":{"self":[{"href":"https:\/\/www.moskito.cz\/pl\/wp-json\/wp\/v2\/product\/341410","targetHints":{"allow":["GET"]}}],"collection":[{"href":"https:\/\/www.moskito.cz\/pl\/wp-json\/wp\/v2\/product"}],"about":[{"href":"https:\/\/www.moskito.cz\/pl\/wp-json\/wp\/v2\/types\/product"}],"replies":[{"embeddable":true,"href":"https:\/\/www.moskito.cz\/pl\/wp-json\/wp\/v2\/comments?post=341410"}],"wp:featuredmedia":[{"embeddable":true,"href":"https:\/\/www.moskito.cz\/pl\/wp-json\/wp\/v2\/media\/341368"}],"wp:attachment":[{"href":"https:\/\/www.moskito.cz\/pl\/wp-json\/wp\/v2\/media?parent=341410"}],"wp:term":[{"taxonomy":"pwb-brand","embeddable":true,"href":"https:\/\/www.moskito.cz\/pl\/wp-json\/wp\/v2\/pwb-brand?post=341410"},{"taxonomy":"product_brand","embeddable":true,"href":"https:\/\/www.moskito.cz\/pl\/wp-json\/wp\/v2\/product_brand?post=341410"},{"taxonomy":"product_cat","embeddable":true,"href":"https:\/\/www.moskito.cz\/pl\/wp-json\/wp\/v2\/product_cat?post=341410"},{"taxonomy":"product_tag","embeddable":true,"href":"https:\/\/www.moskito.cz\/pl\/wp-json\/wp\/v2\/product_tag?post=341410"}],"curies":[{"name":"wp","href":"https:\/\/api.w.org\/{rel}","templated":true}]}}