{"id":341465,"date":"2024-05-20T14:02:31","date_gmt":"2024-05-20T13:04:13","guid":{"rendered":"https:\/\/www.moskito.cz\/produkt\/noz-strzelecki-microtech-glykon-stonewashed-184-12od\/"},"modified":"2025-05-07T11:15:39","modified_gmt":"2025-05-07T10:15:39","slug":"noz-strzelecki-microtech-glykon-stonewashed-184-12od","status":"publish","type":"product","link":"https:\/\/www.moskito.cz\/pl\/produkt\/noz-strzelecki-microtech-glykon-stonewashed-184-12od\/","title":{"rendered":"N\u00f3\u017c strzelecki Microtech Glykon Stonewashed 184-12OD"},"content":{"rendered":"<p>N\u00f3\u017c strzelecki <strong>Microtech<\/strong> Glykon Stonewashed 184-12OD.<\/p>\n<p>Glykon, nazwany na cze\u015b\u0107 staro\u017cytnego greckiego boga-w\u0119\u017ca, jest pierwszym Microtechem z tr\u00f3jstronnym przyciskiem. To sprawia, \u017ce \u200b\u200bjest to model OTF z g\u00f3rnym zasilaniem, a tak\u017ce model strzelaj\u0105cy z boku, kt\u00f3ry jest w pe\u0142ni obur\u0119czny. Wystarczy, \u017ce prze\u0142o\u017cysz klips kieszeniowy na drug\u0105 stron\u0119 za pomoc\u0105 du\u017cego bitu Torx i gotowe. Jest to jeden z niewielu Microtech\u00f3w, kt\u00f3ry wykorzystuje konstrukcj\u0119 \u015bruby Torx, aby umo\u017cliwi\u0107 modyfikacje w domu. Posiada r\u00f3wnie\u017c tytanowe akcenty i nak\u0142adki na ramie, kt\u00f3re mo\u017cna \u0142atwo usun\u0105\u0107 i zmodyfikowa\u0107, je\u015bli masz na to ochot\u0119. Stale wprowadzaj\u0105c innowacje, firma Microtech ma tutaj wyra\u017anego zwyci\u0119zc\u0119 w postaci Glykon.<\/p>\n<p>Dane techniczne<br \/>\nD\u0142ugo\u015b\u0107 ostrza: 9,37 cm<br \/>\nD\u0142ugo\u015b\u0107 po zamkni\u0119ciu: 13,12 cm<br \/>\nD\u0142ugo\u015b\u0107 ca\u0142kowita: 22,5 cm<br \/>\nStal: M390<br \/>\nStyl ostrza: bagnet o podw\u00f3jnej kraw\u0119dzi<br \/>\nSzlif ostrza: p\u0142aski<br \/>\nObr\u00f3bka powierzchni ostrza: Stonewash<br \/>\nMateria\u0142 r\u0119koje\u015bci: aluminium 6061-T6 w kolorze zielonym OD z nak\u0142adkami z piaskowanego tytanu<br \/>\nMechanizm blokuj\u0105cy: Tri-Slide<br \/>\nKieszonkowy klips: Tytan (sk\u0142adany)<br \/>\nWaga: 5,01 uncji<br \/>\nProjektanci: Tony i Sean Marfione<br \/>\nWykonane w USA<\/p>\n<p><iframe title=\"Microtech Combat Troodon Torture Test\" width=\"800\" height=\"450\" src=\"https:\/\/www.youtube.com\/embed\/xE9TeOFYEjg?feature=oembed\" frameborder=\"0\" allow=\"accelerometer; autoplay; clipboard-write; encrypted-media; gyroscope; picture-in-picture; web-share\" referrerpolicy=\"strict-origin-when-cross-origin\" allowfullscreen><\/iframe><\/p>\n<p>&nbsp;<\/p>\n","protected":false},"excerpt":{"rendered":"<div class=\"elementor-element elementor-element-bbb542b elementor-widget elementor-widget-woocommerce-product-short-description\" data-id=\"bbb542b\" data-element_type=\"widget\" data-widget_type=\"woocommerce-product-short-description.default\">\n<div class=\"elementor-widget-container\">\n<div class=\"woocommerce-product-details__short-description\">\n<p><strong>Przez lata Microtech\u00ae Knives wype\u0142nia\u0142 no\u017ce pasj\u0105 i umiej\u0119tno\u015bciami, aby tworzy\u0107 niemal dzie\u0142a sztuki, kt\u00f3re s\u0105 szczytem funkcjonalno\u015bci.Wszystkie cz\u0119\u015bci s\u0105 produkowane w USA.<\/strong><br \/>\n<strong>Wszystkie no\u017ce Microtech obj\u0119te s\u0105 do\u017cywotni\u0105 gwarancj\u0105.<\/strong><\/p>\n<p><strong>Bezp\u0142atny transport.<\/strong><\/p>\n<\/div>\n<\/div>\n<\/div>\n","protected":false},"featured_media":341418,"comment_status":"open","ping_status":"closed","template":"","meta":[],"pwb-brand":[3279],"product_brand":[],"product_cat":[3296,3344],"product_tag":[3671],"class_list":{"0":"post-341465","1":"product","2":"type-product","3":"status-publish","4":"has-post-thumbnail","6":"pwb-brand-microtech-pl","7":"product_cat-noze-pl","8":"product_cat-noze-strzeleckie","9":"product_tag-b2b-pl","11":"first","12":"instock","13":"taxable","14":"shipping-taxable","15":"purchasable","16":"product-type-simple"},"brands":[{"id":3279,"name":"Microtech","slug":"microtech-pl"}],"_links":{"self":[{"href":"https:\/\/www.moskito.cz\/pl\/wp-json\/wp\/v2\/product\/341465","targetHints":{"allow":["GET"]}}],"collection":[{"href":"https:\/\/www.moskito.cz\/pl\/wp-json\/wp\/v2\/product"}],"about":[{"href":"https:\/\/www.moskito.cz\/pl\/wp-json\/wp\/v2\/types\/product"}],"replies":[{"embeddable":true,"href":"https:\/\/www.moskito.cz\/pl\/wp-json\/wp\/v2\/comments?post=341465"}],"wp:featuredmedia":[{"embeddable":true,"href":"https:\/\/www.moskito.cz\/pl\/wp-json\/wp\/v2\/media\/341418"}],"wp:attachment":[{"href":"https:\/\/www.moskito.cz\/pl\/wp-json\/wp\/v2\/media?parent=341465"}],"wp:term":[{"taxonomy":"pwb-brand","embeddable":true,"href":"https:\/\/www.moskito.cz\/pl\/wp-json\/wp\/v2\/pwb-brand?post=341465"},{"taxonomy":"product_brand","embeddable":true,"href":"https:\/\/www.moskito.cz\/pl\/wp-json\/wp\/v2\/product_brand?post=341465"},{"taxonomy":"product_cat","embeddable":true,"href":"https:\/\/www.moskito.cz\/pl\/wp-json\/wp\/v2\/product_cat?post=341465"},{"taxonomy":"product_tag","embeddable":true,"href":"https:\/\/www.moskito.cz\/pl\/wp-json\/wp\/v2\/product_tag?post=341465"}],"curies":[{"name":"wp","href":"https:\/\/api.w.org\/{rel}","templated":true}]}}