{"id":341633,"date":"2021-03-25T22:35:52","date_gmt":"2024-05-20T13:54:44","guid":{"rendered":"https:\/\/www.moskito.cz\/produkt\/naprawiono-noz-microtech-socom-alpha-114-10\/"},"modified":"2025-07-11T07:54:09","modified_gmt":"2025-07-11T06:54:09","slug":"naprawiono-noz-microtech-socom-alpha-114-10","status":"publish","type":"product","link":"https:\/\/www.moskito.cz\/pl\/produkt\/naprawiono-noz-microtech-socom-alpha-114-10\/","title":{"rendered":"Naprawiono n\u00f3\u017c Microtech Socom Alpha 114-10"},"content":{"rendered":"<p>Naprawiono n\u00f3\u017c <strong>Microtech<\/strong> Socom Alpha 114-10.<\/p>\n<p>Min\u0119\u0142o ponad dziesi\u0119\u0107 lat, zanim <strong>Microtech<\/strong> dostarczy\u0142 solidny Socom, Socom Alpha, ale na szcz\u0119\u015bcie dla nas Alpha Mini depta\u0142a mu po pi\u0119tach. Ta wersja serii Signature ma czarne wyko\u0144czenie, stal CTS-204P i r\u0119koje\u015b\u0107 z w\u0142\u00f3kna w\u0119glowego.<\/p>\n<p>Ostrze: Ostrze spiczaste jest szlifowane w celu uzyskania r\u00f3wnowagi pomi\u0119dzy wytrzyma\u0142o\u015bci\u0105 i wydajno\u015bci\u0105 ci\u0119cia, wyposa\u017cone w trwa\u0142\u0105 powierzchni\u0119 w\u0119glow\u0105 typu diamentowego. Dzi\u0119ki temu jest lepiej odporna na zu\u017cycie i korozj\u0119 oraz dyskretnie nie odbija \u015bwiat\u0142a. Wysoka wydajno\u015b\u0107, CTS-204P zapewnia doskona\u0142\u0105 odporno\u015b\u0107 na korozj\u0119 i zachowanie kraw\u0119dzi dla optymalnej wydajno\u015bci.<\/p>\n<p>R\u0119koje\u015b\u0107: Wykonana z w\u0142\u00f3kna w\u0119glowego, bezpiecznie przymocowana do opatentowanego sprz\u0119tu pokrytego DLC. Otw\u00f3r na ko\u0144cu g\u0142\u00f3wki umo\u017cliwia przymocowanie do szyi.<\/p>\n<p>Kabura: Noszona przy u\u017cyciu formowanej kabury Kydex z zaczepem na pasek DOTS.<\/p>\n<p>CTS-204P: Stal nierdzewna CTS-204P wykonana metod\u0105 metalurgii proszk\u00f3w, bardzo odporna na zu\u017cycie, ma jedne z najwy\u017cszych dost\u0119pnych w\u0142a\u015bciwo\u015bci zachowania kraw\u0119dzi i odporno\u015bci na korozj\u0119. CTS-204P ma podobn\u0105 wydajno\u015b\u0107 do CPM-20CV i Bohlera M390.<\/p>\n<p>Microtech Socom Alpha T\/E 114-10 Wyko\u0144czenie Stonewash<\/p>\n<p>Sta\u0142e ostrze produkcji <strong>Microtech<\/strong> SOCOM Alpha charakteryzuje si\u0119 konstrukcj\u0105 spopularyzowan\u0105 pod t\u0105 sam\u0105 nazw\u0105 serii no\u017cy sk\u0142adanych z poprzednich produkcji w po\u0142\u0105czeniu z nowszymi produkcjami na zam\u00f3wienie. Zawiera r\u00f3wnie\u017c pochw\u0119 na pasek z kydexu laminowan\u0105 w\u0142\u00f3knem w\u0119glowym z systemem klips\u00f3w Bladetech.<\/p>\n<p><b>Cechy<\/b><br \/>\nD\u0142ugo\u015b\u0107 ca\u0142kowita: 10&#8243;<br \/>\nD\u0142ugo\u015b\u0107 ostrza: 5&#8243;<br \/>\nMateria\u0142 ostrza: CTS-204P<br \/>\nGrubo\u015b\u0107 ostrza: 0,20&#8243;<br \/>\nMateria\u0142 r\u0119koje\u015bci: G10<br \/>\nWaga: 8,25 uncji<br \/>\nD\u0142ugo\u015b\u0107 zamkni\u0119ta: 5,25 cala<br \/>\nKategoria no\u017ca: Sta\u0142e ostrze<br \/>\nStyl ostrza: T\/E (kraw\u0119d\u017a Tanto)<br \/>\nKraj pochodzenia: USA<\/p>\n<p>&nbsp;<\/p>\n<p>&nbsp;<\/p>\n","protected":false},"excerpt":{"rendered":"<p>Przez lata <strong>Microtech\u00ae<\/strong> Knives wype\u0142nia\u0142 no\u017ce pasj\u0105 i umiej\u0119tno\u015bciami, aby tworzy\u0107 niemal dzie\u0142a sztuki, kt\u00f3re s\u0105 szczytem funkcjonalno\u015bci.Wszystkie cz\u0119\u015bci s\u0105 produkowane w USA.<\/p>\n","protected":false},"featured_media":341642,"comment_status":"open","ping_status":"closed","template":"","meta":[],"pwb-brand":[3279],"product_brand":[],"product_cat":[3296,3297],"product_tag":[3671],"class_list":{"0":"post-341633","1":"product","2":"type-product","3":"status-publish","4":"has-post-thumbnail","6":"pwb-brand-microtech-pl","7":"product_cat-noze-pl","8":"product_cat-solidne-noze","9":"product_tag-b2b-pl","11":"first","12":"instock","13":"taxable","14":"shipping-taxable","15":"purchasable","16":"product-type-simple"},"brands":[{"id":3279,"name":"Microtech","slug":"microtech-pl"}],"_links":{"self":[{"href":"https:\/\/www.moskito.cz\/pl\/wp-json\/wp\/v2\/product\/341633","targetHints":{"allow":["GET"]}}],"collection":[{"href":"https:\/\/www.moskito.cz\/pl\/wp-json\/wp\/v2\/product"}],"about":[{"href":"https:\/\/www.moskito.cz\/pl\/wp-json\/wp\/v2\/types\/product"}],"replies":[{"embeddable":true,"href":"https:\/\/www.moskito.cz\/pl\/wp-json\/wp\/v2\/comments?post=341633"}],"wp:featuredmedia":[{"embeddable":true,"href":"https:\/\/www.moskito.cz\/pl\/wp-json\/wp\/v2\/media\/341642"}],"wp:attachment":[{"href":"https:\/\/www.moskito.cz\/pl\/wp-json\/wp\/v2\/media?parent=341633"}],"wp:term":[{"taxonomy":"pwb-brand","embeddable":true,"href":"https:\/\/www.moskito.cz\/pl\/wp-json\/wp\/v2\/pwb-brand?post=341633"},{"taxonomy":"product_brand","embeddable":true,"href":"https:\/\/www.moskito.cz\/pl\/wp-json\/wp\/v2\/product_brand?post=341633"},{"taxonomy":"product_cat","embeddable":true,"href":"https:\/\/www.moskito.cz\/pl\/wp-json\/wp\/v2\/product_cat?post=341633"},{"taxonomy":"product_tag","embeddable":true,"href":"https:\/\/www.moskito.cz\/pl\/wp-json\/wp\/v2\/product_tag?post=341633"}],"curies":[{"name":"wp","href":"https:\/\/api.w.org\/{rel}","templated":true}]}}