{"id":342092,"date":"2023-03-29T21:43:18","date_gmt":"2024-05-22T08:42:26","guid":{"rendered":"https:\/\/www.moskito.cz\/produkt\/noz-skladany-cold-steel-trapper-jigged-bone\/"},"modified":"2025-05-07T11:15:55","modified_gmt":"2025-05-07T10:15:55","slug":"noz-skladany-cold-steel-trapper-jigged-bone","status":"publish","type":"product","link":"https:\/\/www.moskito.cz\/pl\/produkt\/noz-skladany-cold-steel-trapper-jigged-bone\/","title":{"rendered":"N\u00f3\u017c sk\u0142adany Cold Steel TRAPPER JIGGED BONE"},"content":{"rendered":"<p>N\u00f3\u017c sk\u0142adany <strong>Cold Steel<\/strong> TRAPPER JIGGED BONE<\/p>\n<p>N\u00f3\u017c sk\u0142adany <strong>Cold Steel<\/strong> Traper to odmiana firmy Cold Steel na klasycznym no\u017cu Traper z przesuwnym z\u0142\u0105czem. Ma autentyczne uchwyty z ko\u015bci i jest akcentowany zag\u0142\u00f3wkami z polerowanego metalu. Solidne uchwyty s\u0105 zasadniczo przystosowane do ci\u0119\u017ckiej pracy, nawet w r\u0119kawiczkach. Jest zbudowany wed\u0142ug tradycyjnego wzoru Jack Knife z dwoma polerowanymi ostrzami: ostrzem klipsowym do przek\u0142uwania i ci\u0119cia oraz ostrym ostrzem do sk\u00f3rowania i patroszenia, oba wychylaj\u0105 si\u0119 z jednego ko\u0144ca r\u0119koje\u015bci no\u017ca. Popularny folklor sprawia, \u017ce \u200b\u200bTrapper jest preferowanym wyborem dla wytrzyma\u0142ych ludzi sp\u0119dzaj\u0105cych czas na \u015bwie\u017cym powietrzu i my\u015bliwych z pogranicza, ale jego wrodzona praktyczno\u015b\u0107 sprawia, \u017ce \u200b\u200bjest on przydatny do wszelkiego rodzaju prac domowych i dobrze sprawdza si\u0119 w niemal ka\u017cdym otoczeniu, od miejskiego po wiejskie. Jest to \u015bwietny scyzoryk, idealny do projekt\u00f3w domowych, do u\u017cytku na zewn\u0105trz lub jako n\u00f3\u017c my\u015bliwski.<\/p>\n<p>Opis:<br \/>\nMateria\u0142 ostrza: 8cr13mov<br \/>\nMateria\u0142 r\u0119koje\u015bci: stal nierdzewna, ko\u015b\u0107<br \/>\nBezpiecznik: z\u0142\u0105cze przesuwne<br \/>\nD\u0142ugo\u015b\u0107 ostrza: 8,4 cm<br \/>\nD\u0142ugo\u015b\u0107 ca\u0142kowita: 18,9 cm<br \/>\nD\u0142ugo\u015b\u0107 z\u0142o\u017conego no\u017ca: 10,5 cm<br \/>\nTyp ostrza: Clip Point, Sheepsfoot<\/p>\n<p>&nbsp;<\/p>\n","protected":false},"excerpt":{"rendered":"<p><strong>N\u00f3\u017c sk\u0142adany Cold Steel Traper jest odmian\u0105 tradycyjnego no\u017ca traperskiego. Jest zbudowany wed\u0142ug tradycyjnego wzoru Jack Knife z dwoma polerowanymi ostrzami.<\/strong><\/p>\n","protected":false},"featured_media":342098,"comment_status":"open","ping_status":"closed","template":"","meta":[],"pwb-brand":[3596],"product_brand":[],"product_cat":[3296,3307],"product_tag":[3671],"class_list":{"0":"post-342092","1":"product","2":"type-product","3":"status-publish","4":"has-post-thumbnail","6":"pwb-brand-zimna-stal","7":"product_cat-noze-pl","8":"product_cat-zamykanie-nozy","9":"product_tag-b2b-pl","11":"first","12":"instock","13":"taxable","14":"shipping-taxable","15":"purchasable","16":"product-type-simple"},"brands":[{"id":3596,"name":"Zimna stal","slug":"zimna-stal"}],"_links":{"self":[{"href":"https:\/\/www.moskito.cz\/pl\/wp-json\/wp\/v2\/product\/342092","targetHints":{"allow":["GET"]}}],"collection":[{"href":"https:\/\/www.moskito.cz\/pl\/wp-json\/wp\/v2\/product"}],"about":[{"href":"https:\/\/www.moskito.cz\/pl\/wp-json\/wp\/v2\/types\/product"}],"replies":[{"embeddable":true,"href":"https:\/\/www.moskito.cz\/pl\/wp-json\/wp\/v2\/comments?post=342092"}],"wp:featuredmedia":[{"embeddable":true,"href":"https:\/\/www.moskito.cz\/pl\/wp-json\/wp\/v2\/media\/342098"}],"wp:attachment":[{"href":"https:\/\/www.moskito.cz\/pl\/wp-json\/wp\/v2\/media?parent=342092"}],"wp:term":[{"taxonomy":"pwb-brand","embeddable":true,"href":"https:\/\/www.moskito.cz\/pl\/wp-json\/wp\/v2\/pwb-brand?post=342092"},{"taxonomy":"product_brand","embeddable":true,"href":"https:\/\/www.moskito.cz\/pl\/wp-json\/wp\/v2\/product_brand?post=342092"},{"taxonomy":"product_cat","embeddable":true,"href":"https:\/\/www.moskito.cz\/pl\/wp-json\/wp\/v2\/product_cat?post=342092"},{"taxonomy":"product_tag","embeddable":true,"href":"https:\/\/www.moskito.cz\/pl\/wp-json\/wp\/v2\/product_tag?post=342092"}],"curies":[{"name":"wp","href":"https:\/\/api.w.org\/{rel}","templated":true}]}}