{"id":342216,"date":"2021-08-09T20:47:03","date_gmt":"2024-05-27T07:59:13","guid":{"rendered":"https:\/\/www.moskito.cz\/produkt\/noz-zamykajacy-joker-pastora\/"},"modified":"2025-05-07T11:15:57","modified_gmt":"2025-05-07T10:15:57","slug":"noz-zamykajacy-joker-pastora","status":"publish","type":"product","link":"https:\/\/www.moskito.cz\/pl\/produkt\/noz-zamykajacy-joker-pastora\/","title":{"rendered":"N\u00f3\u017c zamykaj\u0105cy Joker PASTORA"},"content":{"rendered":"<p>N\u00f3\u017c zamykaj\u0105cy <strong>Joker<\/strong> PASTORA.<\/p>\n<p>N\u00f3\u017c Joker Pastora wykonany r\u0119cznie tradycyjn\u0105 metod\u0105 w klasycznym stylu typowym dla no\u017cy Albacete. Jest to n\u00f3\u017c tradycyjnie u\u017cywany przez rolnik\u00f3w na obszarach wiejskich ze wzgl\u0119du na jego niezawodno\u015b\u0107 i wszechstronno\u015b\u0107 w codziennej pracy w polu i przy zwierz\u0119tach.<\/p>\n<p>Wykonany ze stali nierdzewnej molibdenowo-wanadowej, posiada ostrze o d\u0142ugo\u015bci 8 cm z podw\u00f3jnym pier\u015bcieniem i blokad\u0105 ostrza. Ca\u0142kowita waga no\u017ca wynosi oko\u0142o 72 gramy i jest dostarczany w pi\u0119knym etui, dzi\u0119ki czemu jest idealnym prezentem.<\/p>\n<p>N\u00f3\u017c Joker Pastora mo\u017cna spotka\u0107 w r\u00f3\u017cnych wyko\u0144czeniach, w\u015br\u00f3d kt\u00f3rych warto wyr\u00f3\u017cni\u0107 r\u00f3g byka, r\u00f3g bawo\u0142a, r\u00f3g barana, r\u00f3g jelenia itp. Jest to n\u00f3\u017c wykonany w rzemie\u015blniczy spos\u00f3b, w jaki robiono scyzoryki.<\/p>\n<p>Szczeg\u00f3\u0142y produktu:<\/p>\n<p>\u00b7 D\u0142ugo\u015b\u0107 ostrza: 80 mm<\/p>\n<p>\u00b7 Stal: SS molibdenowo-wanadowa<\/p>\n<p>\u00b7 Materia\u0142 r\u0119koje\u015bci: Prawdziwe poro\u017ce<\/p>\n<p><strong>Joker<\/strong> &#8211; Jeste\u015bmy znan\u0105 na ca\u0142ym \u015bwiecie hiszpa\u0144sk\u0105 firm\u0105 z miasta Albacete, znan\u0105 na ca\u0142ym \u015bwiecie ze swojego doskona\u0142ego rzemios\u0142a i mistrzowskich no\u017cy.<\/p>\n<p>Joker starannie wykonuje ka\u017cdy ze swoich element\u00f3w r\u0119cznie.<\/p>\n<p>Od momentu za\u0142o\u017cenia w 1987 roku Joker w ka\u017cdym swoim produkcie zawsze stara\u0142 si\u0119 \u0142\u0105czy\u0107 tradycyjne rzemios\u0142o z najnowocze\u015bniejsz\u0105 technologi\u0105.<\/p>\n<p>Joker kontynuuje dumn\u0105 tradycj\u0119 hiszpa\u0144skich producent\u00f3w moz, oferuj\u0105c jedne z najlepszych ostrzy i posiadaj\u0105cy jeden z najwi\u0119kszych asortyment\u00f3w na \u015bwiecie.<\/p>\n","protected":false},"excerpt":{"rendered":"<p>Zamykany n\u00f3\u017c.<\/p>\n","protected":false},"featured_media":342217,"comment_status":"open","ping_status":"closed","template":"","meta":[],"pwb-brand":[3393],"product_brand":[],"product_cat":[3296,3307],"product_tag":[],"class_list":{"0":"post-342216","1":"product","2":"type-product","3":"status-publish","4":"has-post-thumbnail","6":"pwb-brand-zartownis","7":"product_cat-noze-pl","8":"product_cat-zamykanie-nozy","10":"first","11":"instock","12":"taxable","13":"shipping-taxable","14":"purchasable","15":"product-type-simple"},"brands":[{"id":3393,"name":"\u017bartowni\u015b","slug":"zartownis"}],"_links":{"self":[{"href":"https:\/\/www.moskito.cz\/pl\/wp-json\/wp\/v2\/product\/342216","targetHints":{"allow":["GET"]}}],"collection":[{"href":"https:\/\/www.moskito.cz\/pl\/wp-json\/wp\/v2\/product"}],"about":[{"href":"https:\/\/www.moskito.cz\/pl\/wp-json\/wp\/v2\/types\/product"}],"replies":[{"embeddable":true,"href":"https:\/\/www.moskito.cz\/pl\/wp-json\/wp\/v2\/comments?post=342216"}],"wp:featuredmedia":[{"embeddable":true,"href":"https:\/\/www.moskito.cz\/pl\/wp-json\/wp\/v2\/media\/342217"}],"wp:attachment":[{"href":"https:\/\/www.moskito.cz\/pl\/wp-json\/wp\/v2\/media?parent=342216"}],"wp:term":[{"taxonomy":"pwb-brand","embeddable":true,"href":"https:\/\/www.moskito.cz\/pl\/wp-json\/wp\/v2\/pwb-brand?post=342216"},{"taxonomy":"product_brand","embeddable":true,"href":"https:\/\/www.moskito.cz\/pl\/wp-json\/wp\/v2\/product_brand?post=342216"},{"taxonomy":"product_cat","embeddable":true,"href":"https:\/\/www.moskito.cz\/pl\/wp-json\/wp\/v2\/product_cat?post=342216"},{"taxonomy":"product_tag","embeddable":true,"href":"https:\/\/www.moskito.cz\/pl\/wp-json\/wp\/v2\/product_tag?post=342216"}],"curies":[{"name":"wp","href":"https:\/\/api.w.org\/{rel}","templated":true}]}}