{"id":342537,"date":"2024-05-27T18:20:16","date_gmt":"2024-05-27T17:25:55","guid":{"rendered":"https:\/\/www.moskito.cz\/produkt\/mlynek-ceramiczny-spyderco-400f1sp\/"},"modified":"2025-05-07T11:16:07","modified_gmt":"2025-05-07T10:16:07","slug":"mlynek-ceramiczny-spyderco-400f1sp","status":"publish","type":"product","link":"https:\/\/www.moskito.cz\/pl\/produkt\/mlynek-ceramiczny-spyderco-400f1sp\/","title":{"rendered":"M\u0142ynek ceramiczny Spyderco 400F1SP"},"content":{"rendered":"<p>M\u0142ynek ceramiczny <strong>Spyderco<\/strong> 400F1SP.<\/p>\n<p>Ceramiczne \u015bciernice <strong>Spyderco<\/strong> s\u0105 specjalnie zaprojektowane do ostrzenia ma\u0142ych, szczeg\u00f3\u0142owych narz\u0119dzi, takich jak narz\u0119dzia rze\u017abiarskie, \u017c\u0142obienia i sprz\u0119t dentystyczny. S\u0105 r\u00f3wnie\u017c u\u017cywane przez rusznikarzy do pracy spustowej, gratowania i wyka\u0144czania detali. Ten pilnik (w kszta\u0142cie \u0142ezki) idealnie nadaje si\u0119 do ostrzenia ma\u0142ych narz\u0119dzi i z\u0105bkowanych kraw\u0119dzi. Mo\u017cna go \u0142atwo wyczy\u015bci\u0107 za pomoc\u0105 domowego \u015brodka czyszcz\u0105cego, szczotki drucianej i wody.<\/p>\n<p>Marka: Spyderco<\/p>\n<p>bia\u0142y kolor<\/p>\n<p>Seria: Ceramika 400<\/p>\n<p>D\u0142ugo\u015b\u0107 ca\u0142kowita: 12,8 cm<\/p>\n<p>\u015arednica stali: 0,6 mm<\/p>\n<p>D\u0142ugo\u015b\u0107: 12,8 cm<\/p>\n<p>Waga: 22 g<\/p>\n<p>Szeroko\u015b\u0107: 1,2 cm<\/p>\n<p>Wykonane w USA<\/p>\n<p>Sprzedawane indywidualnie.<\/p>\n","protected":false},"excerpt":{"rendered":"<p><strong>\u015aciernice ceramiczne Spyderco s\u0105 specjalnie zaprojektowane do ostrzenia ma\u0142ych, szczeg\u00f3\u0142owych narz\u0119dzi, takich jak narz\u0119dzia rze\u017abiarskie, \u017c\u0142obienia i sprz\u0119t dentystyczny.<\/strong><\/p>\n","protected":false},"featured_media":342528,"comment_status":"open","ping_status":"closed","template":"","meta":[],"pwb-brand":[3432],"product_brand":[],"product_cat":[3345],"product_tag":[3671],"class_list":{"0":"post-342537","1":"product","2":"type-product","3":"status-publish","4":"has-post-thumbnail","6":"pwb-brand-spyderco-pl","7":"product_cat-tarcze-szlifierskie-i-stal","8":"product_tag-b2b-pl","10":"first","11":"instock","12":"taxable","13":"shipping-taxable","14":"purchasable","15":"product-type-simple"},"brands":[{"id":3432,"name":"Spyderco","slug":"spyderco-pl"}],"_links":{"self":[{"href":"https:\/\/www.moskito.cz\/pl\/wp-json\/wp\/v2\/product\/342537","targetHints":{"allow":["GET"]}}],"collection":[{"href":"https:\/\/www.moskito.cz\/pl\/wp-json\/wp\/v2\/product"}],"about":[{"href":"https:\/\/www.moskito.cz\/pl\/wp-json\/wp\/v2\/types\/product"}],"replies":[{"embeddable":true,"href":"https:\/\/www.moskito.cz\/pl\/wp-json\/wp\/v2\/comments?post=342537"}],"wp:featuredmedia":[{"embeddable":true,"href":"https:\/\/www.moskito.cz\/pl\/wp-json\/wp\/v2\/media\/342528"}],"wp:attachment":[{"href":"https:\/\/www.moskito.cz\/pl\/wp-json\/wp\/v2\/media?parent=342537"}],"wp:term":[{"taxonomy":"pwb-brand","embeddable":true,"href":"https:\/\/www.moskito.cz\/pl\/wp-json\/wp\/v2\/pwb-brand?post=342537"},{"taxonomy":"product_brand","embeddable":true,"href":"https:\/\/www.moskito.cz\/pl\/wp-json\/wp\/v2\/product_brand?post=342537"},{"taxonomy":"product_cat","embeddable":true,"href":"https:\/\/www.moskito.cz\/pl\/wp-json\/wp\/v2\/product_cat?post=342537"},{"taxonomy":"product_tag","embeddable":true,"href":"https:\/\/www.moskito.cz\/pl\/wp-json\/wp\/v2\/product_tag?post=342537"}],"curies":[{"name":"wp","href":"https:\/\/api.w.org\/{rel}","templated":true}]}}