{"id":342553,"date":"2024-05-27T18:33:52","date_gmt":"2024-05-27T17:39:18","guid":{"rendered":"https:\/\/www.moskito.cz\/produkt\/spyderco-spydercoin-2023\/"},"modified":"2025-05-07T11:16:10","modified_gmt":"2025-05-07T10:16:10","slug":"spyderco-spydercoin-2023","status":"publish","type":"product","link":"https:\/\/www.moskito.cz\/pl\/produkt\/spyderco-spydercoin-2023\/","title":{"rendered":"Spyderco SPYDERCOIN 2023"},"content":{"rendered":"<p><strong>Spyderco<\/strong> SPYDERCOIN 2023.<\/p>\n<p><strong>SpyderCoin\u2122 2023<\/strong> jest wyrazem uznania dla niezachwianego wsparcia Spyderco dla organ\u00f3w \u015bcigania i personelu wojskowego naszego kraju oraz ich zaanga\u017cowania w ochron\u0119 naszego stylu \u017cycia. Stanowi \u017cywe odzwierciedlenie warto\u015bci naszego spo\u0142ecze\u0144stwa, przypominaj\u0105c nam, \u017ce \u201eobowi\u0105zkiem dobra jest zapobieganie krzywdzeniu niewinnych przez z\u0142o\u201d i zach\u0119caj\u0105c nas, aby\u015bmy \u201enigdy si\u0119 nie poddawali\u201d, \u201enigdy si\u0119 nie cofali\u201d i \u201enigdy si\u0119 nie cofali\u201d . \u201eTa moneta jest bita na zam\u00f3wienie w unikalnym kszta\u0142cie tr\u00f3jk\u0105ta Reuleaux, wype\u0142niona niebiesko-bia\u0142\u0105 emali\u0105 i dumnie nosi logo Spyderco oraz rok \u201e2023\u201d.<\/p>\n","protected":false},"excerpt":{"rendered":"<p><strong>Spyderco SPYDERCOIN 2023<\/strong><\/p>\n","protected":false},"featured_media":342545,"comment_status":"open","ping_status":"closed","template":"","meta":[],"pwb-brand":[3432],"product_brand":[],"product_cat":[3296,3307],"product_tag":[3671],"class_list":{"0":"post-342553","1":"product","2":"type-product","3":"status-publish","4":"has-post-thumbnail","6":"pwb-brand-spyderco-pl","7":"product_cat-noze-pl","8":"product_cat-zamykanie-nozy","9":"product_tag-b2b-pl","11":"first","12":"instock","13":"taxable","14":"shipping-taxable","15":"purchasable","16":"product-type-simple"},"brands":[{"id":3432,"name":"Spyderco","slug":"spyderco-pl"}],"_links":{"self":[{"href":"https:\/\/www.moskito.cz\/pl\/wp-json\/wp\/v2\/product\/342553","targetHints":{"allow":["GET"]}}],"collection":[{"href":"https:\/\/www.moskito.cz\/pl\/wp-json\/wp\/v2\/product"}],"about":[{"href":"https:\/\/www.moskito.cz\/pl\/wp-json\/wp\/v2\/types\/product"}],"replies":[{"embeddable":true,"href":"https:\/\/www.moskito.cz\/pl\/wp-json\/wp\/v2\/comments?post=342553"}],"wp:featuredmedia":[{"embeddable":true,"href":"https:\/\/www.moskito.cz\/pl\/wp-json\/wp\/v2\/media\/342545"}],"wp:attachment":[{"href":"https:\/\/www.moskito.cz\/pl\/wp-json\/wp\/v2\/media?parent=342553"}],"wp:term":[{"taxonomy":"pwb-brand","embeddable":true,"href":"https:\/\/www.moskito.cz\/pl\/wp-json\/wp\/v2\/pwb-brand?post=342553"},{"taxonomy":"product_brand","embeddable":true,"href":"https:\/\/www.moskito.cz\/pl\/wp-json\/wp\/v2\/product_brand?post=342553"},{"taxonomy":"product_cat","embeddable":true,"href":"https:\/\/www.moskito.cz\/pl\/wp-json\/wp\/v2\/product_cat?post=342553"},{"taxonomy":"product_tag","embeddable":true,"href":"https:\/\/www.moskito.cz\/pl\/wp-json\/wp\/v2\/product_tag?post=342553"}],"curies":[{"name":"wp","href":"https:\/\/api.w.org\/{rel}","templated":true}]}}