{"id":342645,"date":"2024-05-28T19:05:23","date_gmt":"2024-05-28T18:08:59","guid":{"rendered":"https:\/\/www.moskito.cz\/produkt\/noz-zamykajacy-sog-stout-sj\/"},"modified":"2025-05-07T11:16:12","modified_gmt":"2025-05-07T10:16:12","slug":"noz-zamykajacy-sog-stout-sj","status":"publish","type":"product","link":"https:\/\/www.moskito.cz\/pl\/produkt\/noz-zamykajacy-sog-stout-sj\/","title":{"rendered":"N\u00f3\u017c zamykaj\u0105cy SOG STOUT SJ"},"content":{"rendered":"<p>N\u00f3\u017c zamykaj\u0105cy <strong>SOG<\/strong> STOUT SJ.<\/p>\n<p>Stout SJ jest wynikiem wsp\u00f3\u0142pracy du\u0144skiego projektanta no\u017cy Mikkela Willumsena i za\u0142o\u017cyciela SOG, Spencera Frazera. Z czarnym ostrzem ze stali CRYO D2, ram\u0105 ze stali nierdzewnej i solidn\u0105 r\u0119koje\u015bci\u0105 z G10. Zaprojektowany z my\u015bl\u0105 o bezpiecze\u0144stwie, ten all-star do codziennego noszenia zapewnia \u0142atwe i p\u0142ynne otwieranie i zamykanie dzi\u0119ki mocnej i bezpiecznej pozycji otwartej.<\/p>\n<p>Ostre ostrze ze stali CRYO D2 z czarn\u0105 pow\u0142ok\u0105, chwytne r\u0119koje\u015bci G10 i mechanizm przegubu przesuwnego zaprojektowane tak, aby by\u0142y bezpieczne i \u0142atwe do przenoszenia.<\/p>\n<p>STAL KRYO D2<br \/>\nWszechstronna, wysokow\u0119glowa stal narz\u0119dziowa poddawana kriogenicznej obr\u00f3bce cieplnej zgodnie z unikalnymi specyfikacjami SOG. D2 zapewnia idealne po\u0142\u0105czenie zachowania kraw\u0119dzi i trwa\u0142o\u015bci przy d\u0142ugotrwa\u0142ym u\u017cytkowaniu.<\/p>\n<p>PO\u0141\u0104CZENIE SLIPOWE<br \/>\nWyposa\u017cone w elegancki mechanizm przegubu przesuwnego, kt\u00f3ry przy pomocy spr\u0119\u017cyny utrzymuje ostrze w pozycji otwartej i zamyka r\u0119cznie po pokonaniu si\u0142y spr\u0119\u017cyny. P\u0142ynne otwieranie i zamykanie przy okre\u015blonej pozycji otwartej.<\/p>\n<p>UCHWYT G10<br \/>\nChwytliwy uchwyt G10 z mikrotekstur\u0105 posiada dwustronny klips, kt\u00f3ry mo\u017cna zamontowa\u0107 do noszenia na lewej lub prawej r\u0119ce.<\/p>\n<p>D\u0141UGO\u015a\u0106 UCHWYTU: 9,4 cm<br \/>\nGRUBO\u015a\u0106 OSTRZA: 0,37 cm<br \/>\nMATERIA\u0141 UCHWYTU: G10<br \/>\nCzarny kolor<br \/>\nD\u0141UGO\u015a\u0106 OSTRZA: 6,6 cm<br \/>\nSTAL: CRYO D2<br \/>\nTYP BEZPIECZNIKA: Z\u0142\u0105cze przesuwne<\/p>\n<p>&nbsp;<\/p>\n<p>&nbsp;<\/p>\n","protected":false},"excerpt":{"rendered":"<p><strong>Stout SJ jest wynikiem wsp\u00f3\u0142pracy du\u0144skiego projektanta no\u017cy Mikkela Willumsena i za\u0142o\u017cyciela SOG, Spencera Frazera. Jest podr\u00f3\u017cnikiem po \u015bwiecie z rodziny Stout.<\/strong><\/p>\n","protected":false},"featured_media":342615,"comment_status":"open","ping_status":"closed","template":"","meta":[],"pwb-brand":[3606],"product_brand":[],"product_cat":[3296,3307],"product_tag":[3671],"class_list":{"0":"post-342645","1":"product","2":"type-product","3":"status-publish","4":"has-post-thumbnail","6":"pwb-brand-sog-pl","7":"product_cat-noze-pl","8":"product_cat-zamykanie-nozy","9":"product_tag-b2b-pl","11":"first","12":"instock","13":"taxable","14":"shipping-taxable","15":"purchasable","16":"product-type-simple"},"brands":[{"id":3606,"name":"SOG","slug":"sog-pl"}],"_links":{"self":[{"href":"https:\/\/www.moskito.cz\/pl\/wp-json\/wp\/v2\/product\/342645","targetHints":{"allow":["GET"]}}],"collection":[{"href":"https:\/\/www.moskito.cz\/pl\/wp-json\/wp\/v2\/product"}],"about":[{"href":"https:\/\/www.moskito.cz\/pl\/wp-json\/wp\/v2\/types\/product"}],"replies":[{"embeddable":true,"href":"https:\/\/www.moskito.cz\/pl\/wp-json\/wp\/v2\/comments?post=342645"}],"wp:featuredmedia":[{"embeddable":true,"href":"https:\/\/www.moskito.cz\/pl\/wp-json\/wp\/v2\/media\/342615"}],"wp:attachment":[{"href":"https:\/\/www.moskito.cz\/pl\/wp-json\/wp\/v2\/media?parent=342645"}],"wp:term":[{"taxonomy":"pwb-brand","embeddable":true,"href":"https:\/\/www.moskito.cz\/pl\/wp-json\/wp\/v2\/pwb-brand?post=342645"},{"taxonomy":"product_brand","embeddable":true,"href":"https:\/\/www.moskito.cz\/pl\/wp-json\/wp\/v2\/product_brand?post=342645"},{"taxonomy":"product_cat","embeddable":true,"href":"https:\/\/www.moskito.cz\/pl\/wp-json\/wp\/v2\/product_cat?post=342645"},{"taxonomy":"product_tag","embeddable":true,"href":"https:\/\/www.moskito.cz\/pl\/wp-json\/wp\/v2\/product_tag?post=342645"}],"curies":[{"name":"wp","href":"https:\/\/api.w.org\/{rel}","templated":true}]}}