{"id":342825,"date":"2024-05-28T19:52:10","date_gmt":"2024-05-28T19:14:41","guid":{"rendered":"https:\/\/www.moskito.cz\/produkt\/noz-zamykany-sog-adventurer-lb\/"},"modified":"2025-05-07T11:16:16","modified_gmt":"2025-05-07T10:16:16","slug":"noz-zamykany-sog-adventurer-lb","status":"publish","type":"product","link":"https:\/\/www.moskito.cz\/pl\/produkt\/noz-zamykany-sog-adventurer-lb\/","title":{"rendered":"N\u00f3\u017c zamykany SOG ADVENTURER LB"},"content":{"rendered":"<p>N\u00f3\u017c zamykany <strong>SOG<\/strong> ADVENTURER LB.<\/p>\n<p>Prawdopodobnie Tw\u00f3j ojciec lub dziadek nosi\u0142 sk\u0142adany n\u00f3\u017c z zamkiem. Ten klasyczny i prosty mechanizm jest znany z tego, \u017ce jest lekki, niezawodny i trwa\u0142y. Bezpieczne jest tak\u017ce u\u017cytkowanie dzi\u0119ki solidnemu zamkowi, kt\u00f3ry zapobiega przypadkowemu zamkni\u0119ciu i nieoczekiwanemu otwarciu kieszeni. Nasz zaktualizowany projekt obejmuje ostrze 5CR15MOV hartowane CRYO z satynowym wyko\u0144czeniem, kt\u00f3re ma w\u0142a\u015bciwo\u015bci stali nierdzewnej odporne na korozj\u0119 i matowienie, a tak\u017ce \u015bredni\u0105 wytrzyma\u0142o\u015b\u0107, zapewniaj\u0105c\u0105 dobre zachowanie kraw\u0119dzi i \u0142atwo\u015b\u0107 ostrzenia. Nylonowy uchwyt wzmocniony w\u0142\u00f3knem szklanym ma tekstur\u0119 zapewniaj\u0105c\u0105 pewny chwyt, a jednocze\u015bnie jest lekki i mocny. Wszechstronny klips kieszonkowy do g\u0142\u0119bokiego przenoszenia ma dwustronn\u0105 konstrukcj\u0119.<\/p>\n<p>AKTUALIZACJA I NOWOCZESNE MATERIA\u0141Y<br \/>\nTo nie jest sk\u0142adany n\u00f3\u017c twojego dziadka. Posiada ostre ostrze ze stali CRYO 5CR15MOV, kt\u00f3re jest odporne na korozj\u0119 i plamy. Wytrzyma\u0142a r\u0119koje\u015b\u0107 z nylonu wzmocnionego w\u0142\u00f3knem szklanym o mocnej fakturze zapewnia pewny chwyt zar\u00f3wno w mokrych, jak i suchych warunkach. Dwustronny klips kieszeniowy umo\u017cliwia noszenie go w dowolny spos\u00f3b.<\/p>\n<p>STAL CRYO 5CR15MOV<br \/>\nNaszym zdaniem stal CRYO 5CR15MOV to \u015bwietna warto\u015b\u0107. Ma w\u0142a\u015bciwo\u015bci, jakich oczekujesz od stali nierdzewnej, w tym odporno\u015b\u0107 na korozj\u0119 i plamoodporno\u015b\u0107. Hartowanie CRYO zapewnia zachowanie ostrej kraw\u0119dzi, a jego \u0142agodna wytrzyma\u0142o\u015b\u0107 jest idealna dla u\u017cytkownik\u00f3w, kt\u00f3rzy lubi\u0105 samodzielnie ostrzy\u0107 no\u017ce.<\/p>\n<p>UCHWYT GRN<br \/>\nNylonowe uchwyty wzmocnione w\u0142\u00f3knem szklanym idealnie nadaj\u0105 si\u0119 do u\u017cytku na zewn\u0105trz, poniewa\u017c ich lekko\u015b\u0107 u\u0142atwia ich pakowanie. W\u0142\u00f3kna szklane zintegrowane z nylonow\u0105 matryc\u0105 znacznie zwi\u0119kszaj\u0105 wytrzyma\u0142o\u015b\u0107 i trwa\u0142o\u015b\u0107 r\u0119koje\u015bci podczas wymagaj\u0105cego u\u017cytkowania na zewn\u0105trz. Klamki GRN charakteryzuj\u0105 si\u0119 naturaln\u0105 odporno\u015bci\u0105 na wilgo\u0107, dzi\u0119ki czemu idealnie nadaj\u0105 si\u0119 r\u00f3wnie\u017c do u\u017cytku na zewn\u0105trz.<\/p>\n<p>Mechanizm blokuj\u0105cy jest doskona\u0142ym wyborem do u\u017cytku na zewn\u0105trz ze wzgl\u0119du na lekk\u0105 i prost\u0105 konstrukcj\u0119. Dzi\u0119ki swojej prostocie niewiele mo\u017ce si\u0119 nie uda\u0107. Ale nie daj si\u0119 zwie\u015b\u0107 prostej konstrukcji, poniewa\u017c ta konstrukcja znana jest z solidnego i bezpiecznego zamka. Co\u015b, na czym mo\u017cesz polega\u0107, gdy jeste\u015b w lesie.<\/p>\n<p>D\u0141UGO\u015a\u0106 CA\u0141KOWITA: 19 cm<br \/>\nD\u0141UGO\u015a\u0106 OSTRZA: 7,5 cm<br \/>\nTYP ZACISKA DO PASKA: Dwustronny, o niskim no\u015bno\u015bci<br \/>\nWYKO\u0143CZENIE: Satynowe<br \/>\nTYP KRAW\u0118DZI: Prosta<br \/>\nTYP OSTRZA STALOWEGO: CRYO 5CR15MOV<br \/>\nKSZTA\u0141T OSTRZA: Punkt opadania<br \/>\nMATERIA\u0141 UCHWYTU: GRN<br \/>\nKOLOR UCHWYTU: Nordycki b\u0142\u0119kit<\/p>\n<p><iframe title=\"Adventurer LB\" width=\"800\" height=\"450\" src=\"https:\/\/www.youtube.com\/embed\/plY3yDDxUQI?feature=oembed\" frameborder=\"0\" allow=\"accelerometer; autoplay; clipboard-write; encrypted-media; gyroscope; picture-in-picture; web-share\" referrerpolicy=\"strict-origin-when-cross-origin\" allowfullscreen><\/iframe><\/p>\n<p>&nbsp;<\/p>\n","protected":false},"excerpt":{"rendered":"<p><strong>Mi\u0142o\u015bnicy no\u017cy od dawna podziwiaj\u0105 eleganck\u0105 i prost\u0105 konstrukcj\u0119 z zamkiem, kt\u00f3ry ma wszystkie zalety do u\u017cytku na zewn\u0105trz&#8230; lekki, bezpieczny i trwa\u0142y.<\/strong><\/p>\n","protected":false},"featured_media":342714,"comment_status":"open","ping_status":"closed","template":"","meta":[],"pwb-brand":[3606],"product_brand":[],"product_cat":[3296,3307],"product_tag":[3671],"class_list":{"0":"post-342825","1":"product","2":"type-product","3":"status-publish","4":"has-post-thumbnail","6":"pwb-brand-sog-pl","7":"product_cat-noze-pl","8":"product_cat-zamykanie-nozy","9":"product_tag-b2b-pl","11":"first","12":"instock","13":"taxable","14":"shipping-taxable","15":"purchasable","16":"product-type-simple"},"brands":[{"id":3606,"name":"SOG","slug":"sog-pl"}],"_links":{"self":[{"href":"https:\/\/www.moskito.cz\/pl\/wp-json\/wp\/v2\/product\/342825","targetHints":{"allow":["GET"]}}],"collection":[{"href":"https:\/\/www.moskito.cz\/pl\/wp-json\/wp\/v2\/product"}],"about":[{"href":"https:\/\/www.moskito.cz\/pl\/wp-json\/wp\/v2\/types\/product"}],"replies":[{"embeddable":true,"href":"https:\/\/www.moskito.cz\/pl\/wp-json\/wp\/v2\/comments?post=342825"}],"wp:featuredmedia":[{"embeddable":true,"href":"https:\/\/www.moskito.cz\/pl\/wp-json\/wp\/v2\/media\/342714"}],"wp:attachment":[{"href":"https:\/\/www.moskito.cz\/pl\/wp-json\/wp\/v2\/media?parent=342825"}],"wp:term":[{"taxonomy":"pwb-brand","embeddable":true,"href":"https:\/\/www.moskito.cz\/pl\/wp-json\/wp\/v2\/pwb-brand?post=342825"},{"taxonomy":"product_brand","embeddable":true,"href":"https:\/\/www.moskito.cz\/pl\/wp-json\/wp\/v2\/product_brand?post=342825"},{"taxonomy":"product_cat","embeddable":true,"href":"https:\/\/www.moskito.cz\/pl\/wp-json\/wp\/v2\/product_cat?post=342825"},{"taxonomy":"product_tag","embeddable":true,"href":"https:\/\/www.moskito.cz\/pl\/wp-json\/wp\/v2\/product_tag?post=342825"}],"curies":[{"name":"wp","href":"https:\/\/api.w.org\/{rel}","templated":true}]}}