{"id":342826,"date":"2024-05-28T20:10:21","date_gmt":"2024-05-28T19:14:42","guid":{"rendered":"https:\/\/www.moskito.cz\/produkt\/noz-zamykajacy-sog-twitch-iii\/"},"modified":"2025-05-07T11:16:16","modified_gmt":"2025-05-07T10:16:16","slug":"noz-zamykajacy-sog-twitch-iii","status":"publish","type":"product","link":"https:\/\/www.moskito.cz\/pl\/produkt\/noz-zamykajacy-sog-twitch-iii\/","title":{"rendered":"N\u00f3\u017c zamykaj\u0105cy SOG TWITCH III"},"content":{"rendered":"<p>N\u00f3\u017c zamykaj\u0105cy <strong>SOG<\/strong> TWITCH III.<\/p>\n<p>Elegancki, mocny i wzmocniony ulepszonym stalowym ostrzem o d\u0142ugo\u015bci 154 cm, nasz sk\u0142adany n\u00f3\u017c Twitch III przenosi popularn\u0105 seri\u0119 Twitch na wy\u017cszy poziom. Twitch III ma smuk\u0142y profil, kt\u00f3ry pozwala na \u0142atwe przenoszenie i \u0142atw\u0105 obs\u0142ug\u0119. Nasza niezawodna technologia wspomagana umo\u017cliwia szybkie wdro\u017cenie jedn\u0105 r\u0119k\u0105. 3,1-calowe ostrze z mo\u017cliwo\u015bci\u0105 szybkiego monta\u017cu jest przymocowane do przemy\u015blanie ukszta\u0142towanego, teksturowanego aluminium. Niezawodny mechanizm blokuj\u0105cy utrzymuje ostrze bezpiecznie na miejscu podczas u\u017cytkowania, dzi\u0119ki czemu mo\u017cesz czu\u0107 si\u0119 bezpiecznie i bez zmartwie\u0144.<\/p>\n<p>Uchwyt z aluminium 6061<br \/>\nZwyci\u0119ska kombinacja. Cienki i lekki, co u\u0142atwia przenoszenie. Subtelnie teksturowana dla pewnego chwytu, wyko\u0144czona g\u0142\u0119bokim dwustronnym klipsem kieszeniowym.<\/p>\n<p>SUPER SZYBKIE OTWARCIE<br \/>\nNiezwykle szybkie otwieranie jedn\u0105 r\u0119k\u0105 za pomoc\u0105 podw\u00f3jnych ko\u0142k\u00f3w kciukowych lub kopni\u0119cie w plecy. Prosta blokada kr\u0119gos\u0142upa bezpiecznie blokuje ostrze w miejscu podczas u\u017cytkowania.<\/p>\n<p>Ostrze STALOWE 154CM<br \/>\nSolidne, hartowane CRYO ostrze o d\u0142ugo\u015bci 154 cm zachowa ostro\u015b\u0107 podczas ka\u017cdego ci\u0119cia w domu, w pracy, a nawet w lesie.<\/p>\n<p>KOLOR: satynowy<br \/>\nWAGA: 74g<br \/>\nMATERIA\u0141 UCHWYTU: aluminium 6061<br \/>\nD\u0141UGO\u015a\u0106 OSTRZA: 7,9 cm<br \/>\nGRUBO\u015a\u0106 OSTRZA: 0,25 cm<br \/>\nTYP BEZPIECZNIKA: LockBack<br \/>\nSTAL: 154CM<br \/>\nROZMIAR CA\u0141KOWITY: 17,8 cm<br \/>\nD\u0141UGO\u015a\u0106 UCHWYTU: 10,4 cm<\/p>\n<p>&nbsp;<\/p>\n<p><iframe title=\"Twitch III\" width=\"800\" height=\"450\" src=\"https:\/\/www.youtube.com\/embed\/FghDrJM7ITA?feature=oembed\" frameborder=\"0\" allow=\"accelerometer; autoplay; clipboard-write; encrypted-media; gyroscope; picture-in-picture; web-share\" referrerpolicy=\"strict-origin-when-cross-origin\" allowfullscreen><\/iframe><\/p>\n<p>&nbsp;<\/p>\n","protected":false},"excerpt":{"rendered":"<p><strong>Smuk\u0142e, lekkie, dwustronne i \u0142atwe do otwarcia jedn\u0105 r\u0119k\u0105 dzi\u0119ki technologii wspomaganego otwierania SOG. Szybkim ruchem ko\u0142k\u00f3w kciuka lub wyrzutnik\u00f3w ostrze otwiera si\u0119 z satysfakcjonuj\u0105cym klikni\u0119ciem.<\/strong><\/p>\n","protected":false},"featured_media":342772,"comment_status":"open","ping_status":"closed","template":"","meta":[],"pwb-brand":[3606],"product_brand":[],"product_cat":[3296,3307],"product_tag":[3671],"class_list":{"0":"post-342826","1":"product","2":"type-product","3":"status-publish","4":"has-post-thumbnail","6":"pwb-brand-sog-pl","7":"product_cat-noze-pl","8":"product_cat-zamykanie-nozy","9":"product_tag-b2b-pl","11":"first","12":"instock","13":"taxable","14":"shipping-taxable","15":"purchasable","16":"product-type-simple"},"brands":[{"id":3606,"name":"SOG","slug":"sog-pl"}],"_links":{"self":[{"href":"https:\/\/www.moskito.cz\/pl\/wp-json\/wp\/v2\/product\/342826","targetHints":{"allow":["GET"]}}],"collection":[{"href":"https:\/\/www.moskito.cz\/pl\/wp-json\/wp\/v2\/product"}],"about":[{"href":"https:\/\/www.moskito.cz\/pl\/wp-json\/wp\/v2\/types\/product"}],"replies":[{"embeddable":true,"href":"https:\/\/www.moskito.cz\/pl\/wp-json\/wp\/v2\/comments?post=342826"}],"wp:featuredmedia":[{"embeddable":true,"href":"https:\/\/www.moskito.cz\/pl\/wp-json\/wp\/v2\/media\/342772"}],"wp:attachment":[{"href":"https:\/\/www.moskito.cz\/pl\/wp-json\/wp\/v2\/media?parent=342826"}],"wp:term":[{"taxonomy":"pwb-brand","embeddable":true,"href":"https:\/\/www.moskito.cz\/pl\/wp-json\/wp\/v2\/pwb-brand?post=342826"},{"taxonomy":"product_brand","embeddable":true,"href":"https:\/\/www.moskito.cz\/pl\/wp-json\/wp\/v2\/product_brand?post=342826"},{"taxonomy":"product_cat","embeddable":true,"href":"https:\/\/www.moskito.cz\/pl\/wp-json\/wp\/v2\/product_cat?post=342826"},{"taxonomy":"product_tag","embeddable":true,"href":"https:\/\/www.moskito.cz\/pl\/wp-json\/wp\/v2\/product_tag?post=342826"}],"curies":[{"name":"wp","href":"https:\/\/api.w.org\/{rel}","templated":true}]}}