{"id":343224,"date":"2024-05-29T16:43:37","date_gmt":"2024-05-29T17:18:23","guid":{"rendered":"https:\/\/www.moskito.cz\/produkt\/noz-staly-microtech-signature-series-borka-sbk-200-1dlccfs\/"},"modified":"2025-05-07T11:16:26","modified_gmt":"2025-05-07T10:16:26","slug":"noz-staly-microtech-signature-series-borka-sbk-200-1dlccfs","status":"publish","type":"product","link":"https:\/\/www.moskito.cz\/pl\/produkt\/noz-staly-microtech-signature-series-borka-sbk-200-1dlccfs\/","title":{"rendered":"N\u00f3\u017c sta\u0142y Microtech Signature Series Borka SBK 200-1DLCCFS"},"content":{"rendered":"<p>N\u00f3\u017c sta\u0142y <strong>Microtech<\/strong> Signature Series Borka SBK 200-1DLCCFS.<\/p>\n<p>Microtech Borka SBK R\u0119koje\u015b\u0107 karbonowa z ostrzem sta\u0142ym DLC Ostrze standardowe Signature Series 200-1DLCCFS<\/p>\n<p>Sebastijan Berenji (Borka Blades) i Anthony Marfione (Microtech Knives) po\u0142\u0105czyli si\u0142y, aby wprowadzi\u0107 SBK do produkcji. Zainspirowane japo\u0144skimi i perskimi no\u017cami bojowymi, to solidne ostrze zosta\u0142o zaprojektowane specjalnie z my\u015bl\u0105 o ka\u017cdym szczeg\u00f3le. SBK jest nieco wi\u0119kszy ni\u017c jego w\u0142asna konstrukcja i oferuje kilka ulepsze\u0144, co czyni go idealnym elementem defensywnym. Cienkie ostrze ma wyj\u0105tkowo podniesion\u0105 ko\u0144c\u00f3wk\u0119. Symetryczna konstrukcja r\u0119koje\u015bci, os\u0142ony i zaokr\u0105glonego ty\u0142u tworzy ergonomiczny chwyt, kt\u00f3ry jest wygodny i bezpieczny niezale\u017cnie od trzymania d\u0142oni.<\/p>\n<p>Ten model z serii Signature ma skale uchwytu z w\u0142\u00f3kna w\u0119glowego. Ostrze ze stali nierdzewnej M390 w kolorze czarnym z zako\u0144czeniem DLC. Sprz\u0119t wyko\u0144czony w kolorze br\u0105zu. Zawiera kabur\u0119 kydexow\u0105 z w\u0142\u00f3kna w\u0119glowego z do\u0142\u0105czonym systemem no\u015bnym. Ostrze posiada numer seryjny, dat\u0119 produkcji i logo sygnatury serii z przodu oraz logo Borka z ty\u0142u.<\/p>\n<p>D\u0142ugo\u015b\u0107 ca\u0142kowita: 24,4 cm<br \/>\nD\u0142ugo\u015b\u0107 ostrza: 12,7 cm<br \/>\nGrubo\u015b\u0107 ostrza: 0,5 cm<br \/>\nWyko\u0144czenie ostrza: czarne DLC<br \/>\nStyl ostrza: Punkt ko\u0144cowy<br \/>\nStyl obramowania: zwyk\u0142y<br \/>\nMateria\u0142 r\u0119koje\u015bci: w\u0142\u00f3kno w\u0119glowe<br \/>\nWaga: 7 uncji (198,45 g)<br \/>\nProducent nr ref. #: 200-1DLCCFS<br \/>\nKraj pochodzenia: USA<\/p>\n<p><iframe title=\"Microtech Combat Troodon Torture Test\" width=\"800\" height=\"450\" src=\"https:\/\/www.youtube.com\/embed\/xE9TeOFYEjg?feature=oembed\" frameborder=\"0\" allow=\"accelerometer; autoplay; clipboard-write; encrypted-media; gyroscope; picture-in-picture; web-share\" referrerpolicy=\"strict-origin-when-cross-origin\" allowfullscreen><\/iframe><\/p>\n<p>&nbsp;<\/p>\n<p>&nbsp;<\/p>\n<p>&nbsp;<\/p>\n","protected":false},"excerpt":{"rendered":"<div class=\"elementor-element elementor-element-bbb542b elementor-widget elementor-widget-woocommerce-product-short-description\" data-id=\"bbb542b\" data-element_type=\"widget\" data-widget_type=\"woocommerce-product-short-description.default\">\n<div class=\"elementor-widget-container\">\n<div class=\"woocommerce-product-details__short-description\">\n<div class=\"elementor-element elementor-element-bbb542b elementor-widget elementor-widget-woocommerce-product-short-description\" data-id=\"bbb542b\" data-element_type=\"widget\" data-widget_type=\"woocommerce-product-short-description.default\">\n<div class=\"elementor-widget-container\">\n<div class=\"woocommerce-product-details__short-description\">\n<div class=\"elementor-element elementor-element-bbb542b elementor-widget elementor-widget-woocommerce-product-short-description\" data-id=\"bbb542b\" data-element_type=\"widget\" data-widget_type=\"woocommerce-product-short-description.default\">\n<div class=\"elementor-widget-container\">\n<div class=\"woocommerce-product-details__short-description\">\n<p><strong>Przez lata Microtech\u00ae Knives wype\u0142nia\u0142 no\u017ce pasj\u0105 i umiej\u0119tno\u015bciami, aby tworzy\u0107 niemal dzie\u0142a sztuki, kt\u00f3re s\u0105 szczytem funkcjonalno\u015bci.Wszystkie cz\u0119\u015bci s\u0105 produkowane w USA.<\/strong><br \/>\n<strong>Wszystkie no\u017ce Microtech obj\u0119te s\u0105 do\u017cywotni\u0105 gwarancj\u0105.<\/strong><\/p>\n<p><strong>Bezp\u0142atny transport.<\/strong><\/p>\n<\/div>\n<\/div>\n<\/div>\n<\/div>\n<\/div>\n<\/div>\n<\/div>\n<\/div>\n<\/div>\n","protected":false},"featured_media":343194,"comment_status":"open","ping_status":"closed","template":"","meta":[],"pwb-brand":[3279],"product_brand":[],"product_cat":[3296,3297],"product_tag":[],"class_list":{"0":"post-343224","1":"product","2":"type-product","3":"status-publish","4":"has-post-thumbnail","6":"pwb-brand-microtech-pl","7":"product_cat-noze-pl","8":"product_cat-solidne-noze","10":"first","11":"outofstock","12":"taxable","13":"shipping-taxable","14":"purchasable","15":"product-type-simple"},"brands":[{"id":3279,"name":"Microtech","slug":"microtech-pl"}],"_links":{"self":[{"href":"https:\/\/www.moskito.cz\/pl\/wp-json\/wp\/v2\/product\/343224","targetHints":{"allow":["GET"]}}],"collection":[{"href":"https:\/\/www.moskito.cz\/pl\/wp-json\/wp\/v2\/product"}],"about":[{"href":"https:\/\/www.moskito.cz\/pl\/wp-json\/wp\/v2\/types\/product"}],"replies":[{"embeddable":true,"href":"https:\/\/www.moskito.cz\/pl\/wp-json\/wp\/v2\/comments?post=343224"}],"wp:featuredmedia":[{"embeddable":true,"href":"https:\/\/www.moskito.cz\/pl\/wp-json\/wp\/v2\/media\/343194"}],"wp:attachment":[{"href":"https:\/\/www.moskito.cz\/pl\/wp-json\/wp\/v2\/media?parent=343224"}],"wp:term":[{"taxonomy":"pwb-brand","embeddable":true,"href":"https:\/\/www.moskito.cz\/pl\/wp-json\/wp\/v2\/pwb-brand?post=343224"},{"taxonomy":"product_brand","embeddable":true,"href":"https:\/\/www.moskito.cz\/pl\/wp-json\/wp\/v2\/product_brand?post=343224"},{"taxonomy":"product_cat","embeddable":true,"href":"https:\/\/www.moskito.cz\/pl\/wp-json\/wp\/v2\/product_cat?post=343224"},{"taxonomy":"product_tag","embeddable":true,"href":"https:\/\/www.moskito.cz\/pl\/wp-json\/wp\/v2\/product_tag?post=343224"}],"curies":[{"name":"wp","href":"https:\/\/api.w.org\/{rel}","templated":true}]}}