{"id":343370,"date":"2022-04-10T19:48:18","date_gmt":"2024-06-03T07:47:38","guid":{"rendered":"https:\/\/www.moskito.cz\/produkt\/solidny-noz-boker-magnum-lil-friend-micro-02sc743\/"},"modified":"2025-05-07T11:16:32","modified_gmt":"2025-05-07T10:16:32","slug":"solidny-noz-boker-magnum-lil-friend-micro-02sc743","status":"publish","type":"product","link":"https:\/\/www.moskito.cz\/pl\/produkt\/solidny-noz-boker-magnum-lil-friend-micro-02sc743\/","title":{"rendered":"Solidny n\u00f3\u017c B\u00f6ker Magnum Li&#8217;l Friend Micro 02SC743"},"content":{"rendered":"<p>Solidny n\u00f3\u017c B\u00f6ker Magnum Li&#8217;l Friend Micro 02SC743.<\/p>\n<p>Magnum Li&#8217;l Friend to lekki, ostry i niezwykle wszechstronny n\u00f3\u017c na szyj\u0119. Ostre ostrze 440A z \u0142atwo\u015bci\u0105 otwiera opakowania, przecina ta\u015bm\u0119 pakow\u0105 oraz przecina ta\u015bm\u0119 materia\u0142ow\u0105. Uniwersalno\u015b\u0107 no\u017ca nie dotyczy jednak tylko funkcjonalno\u015bci, ale tak\u017ce mo\u017cliwo\u015bci noszenia. Li&#8217;l Friend mo\u017cna nosi\u0107 w kieszeni, na szyi za pomoc\u0105 \u0142a\u0144cuszka kulkowego, przyczepionego do sprz\u0119tu lub nawet na pasku. Ma\u0142y, wr\u0119cz malutki n\u00f3\u017c, kt\u00f3rego nie nale\u017cy lekcewa\u017cy\u0107. G\u0142ownia typu drop-point harmonijnie \u0142\u0105czy si\u0119 z r\u0119koje\u015bci\u0105 G10 w kolorze piaskowym. Z pochw\u0105 Kydex, \u0142a\u0144cuszkiem kulkowym i otworem na smycz.<\/p>\n<p>Typ artyku\u0142u: N\u00f3\u017c sta\u0142y<br \/>\nD\u0142ugo\u015b\u0107 ca\u0142kowita: 8,50 cm<br \/>\nD\u0142ugo\u015b\u0107 ostrza: 3,50 cm<br \/>\nGrubo\u015b\u0107 ostrza: 2,70 mm<br \/>\nWaga: 38,00 g<br \/>\nMateria\u0142 ostrza: 440A<br \/>\nMateria\u0142 r\u0119koje\u015bci: G10<br \/>\nKlamra: sta\u0142a<br \/>\nKolor br\u0105zowy<br \/>\nKolor ostrza: szary<br \/>\nMateria\u0142 os\u0142ony: Kydex<br \/>\nNumer artyku\u0142u: 02SC743<\/p>\n<p>Magnum Li&#8217;l Friend to lekki, ostry i niezwykle wszechstronny n\u00f3\u017c na szyj\u0119. Ostre ostrze 440A z \u0142atwo\u015bci\u0105 otwiera opakowania, przecina ta\u015bm\u0119 pakow\u0105 i przecina ta\u015bm\u0119 materia\u0142ow\u0105. . Wszechstronno\u015b\u0107 no\u017ca nie dotyczy tylko jego funkcji, ale tak\u017ce wielu mo\u017cliwo\u015bci noszenia. Li&#8217;l Friend mo\u017cna nosi\u0107 w kieszeni, na szyi za pomoc\u0105 \u0142a\u0144cuszka kulkowego, przymocowa\u0107 do sprz\u0119tu lub nawet do paska. Ma\u0142y, wr\u0119cz malutki n\u00f3\u017c, kt\u00f3rego nie nale\u017cy lekcewa\u017cy\u0107. Harmonijnie \u0142\u0105czy ostrze typu drop point z r\u0119koje\u015bci\u0105 G10 w kolorze piaskowym.<\/p>\n<p>Typ:<br \/>\nNaprawiono ostrze<br \/>\nCa\u0142kowita d\u0142ugo\u015b\u0107:<br \/>\n8,50cm<br \/>\nD\u0142ugo\u015b\u0107 ostrza:<br \/>\n3,50cm<br \/>\nGrubo\u015b\u0107 ostrza:<br \/>\n2,70 mm<br \/>\nWaga:<br \/>\n38,00 gr<br \/>\nMateria\u0142 ostrza:<br \/>\n440A<br \/>\nMateria\u0142 uchwytu:<br \/>\nG10<br \/>\nRodzaj blokady:<br \/>\nNaprawi\u0142<br \/>\nWykonane w:<br \/>\nAzja<br \/>\nKolor:<br \/>\nbr\u0105zowy<br \/>\nKolor ostrza:<br \/>\nSzary<br \/>\nMateria\u0142 os\u0142ony:<br \/>\nKydex<br \/>\nNumer przedmiotu:<br \/>\n02SC743<\/p>\n<p>&nbsp;<\/p>\n","protected":false},"excerpt":{"rendered":"<p>Z biegiem czasu fabryka no\u017cy <strong>B\u00f6ker<\/strong> rozwin\u0119\u0142a si\u0119 w \u015bwiatowego lidera innowacji i najwi\u0119kszego w Europie producenta no\u017cy sportowych, taktycznych i no\u017cy kolekcjonerskich.<\/p>\n","protected":false},"featured_media":343373,"comment_status":"open","ping_status":"closed","template":"","meta":[],"pwb-brand":[3423],"product_brand":[],"product_cat":[3296,3297],"product_tag":[3671],"class_list":{"0":"post-343370","1":"product","2":"type-product","3":"status-publish","4":"has-post-thumbnail","6":"pwb-brand-bokera","7":"product_cat-noze-pl","8":"product_cat-solidne-noze","9":"product_tag-b2b-pl","11":"first","12":"outofstock","13":"taxable","14":"shipping-taxable","15":"purchasable","16":"product-type-simple"},"brands":[{"id":3423,"name":"Bokera","slug":"bokera"}],"_links":{"self":[{"href":"https:\/\/www.moskito.cz\/pl\/wp-json\/wp\/v2\/product\/343370","targetHints":{"allow":["GET"]}}],"collection":[{"href":"https:\/\/www.moskito.cz\/pl\/wp-json\/wp\/v2\/product"}],"about":[{"href":"https:\/\/www.moskito.cz\/pl\/wp-json\/wp\/v2\/types\/product"}],"replies":[{"embeddable":true,"href":"https:\/\/www.moskito.cz\/pl\/wp-json\/wp\/v2\/comments?post=343370"}],"wp:featuredmedia":[{"embeddable":true,"href":"https:\/\/www.moskito.cz\/pl\/wp-json\/wp\/v2\/media\/343373"}],"wp:attachment":[{"href":"https:\/\/www.moskito.cz\/pl\/wp-json\/wp\/v2\/media?parent=343370"}],"wp:term":[{"taxonomy":"pwb-brand","embeddable":true,"href":"https:\/\/www.moskito.cz\/pl\/wp-json\/wp\/v2\/pwb-brand?post=343370"},{"taxonomy":"product_brand","embeddable":true,"href":"https:\/\/www.moskito.cz\/pl\/wp-json\/wp\/v2\/product_brand?post=343370"},{"taxonomy":"product_cat","embeddable":true,"href":"https:\/\/www.moskito.cz\/pl\/wp-json\/wp\/v2\/product_cat?post=343370"},{"taxonomy":"product_tag","embeddable":true,"href":"https:\/\/www.moskito.cz\/pl\/wp-json\/wp\/v2\/product_tag?post=343370"}],"curies":[{"name":"wp","href":"https:\/\/api.w.org\/{rel}","templated":true}]}}