{"id":343390,"date":"2023-06-27T21:07:08","date_gmt":"2023-06-27T20:07:08","guid":{"rendered":"https:\/\/www.moskito.cz\/produkt\/noz-skladany-spyderco-para-3-paramilitarny-3-c223gpcmobk\/"},"modified":"2025-05-07T11:16:33","modified_gmt":"2025-05-07T10:16:33","slug":"noz-skladany-spyderco-para-3-paramilitarny-3-c223gpcmobk","status":"publish","type":"product","link":"https:\/\/www.moskito.cz\/pl\/produkt\/noz-skladany-spyderco-para-3-paramilitarny-3-c223gpcmobk\/","title":{"rendered":"N\u00f3\u017c sk\u0142adany Spyderco Para 3 (Paramilitarny 3) C223GPCMOBK"},"content":{"rendered":"<p>N\u00f3\u017c sk\u0142adany <strong>Spyderco<\/strong> Para 3 (Paramilitarny 3) C223GPCMOBK<\/p>\n<p>Jeden z najbardziej oczekiwanych produkt\u00f3w w historii Spyderco, Para 3, to najnowsza generacja niezwykle popularnej rodziny no\u017cy sk\u0142adanych dla paramilitarnych os\u00f3b. Jego historia si\u0119ga pierwszej generacji modelu Paramilitary, kt\u00f3ry zosta\u0142 wprowadzony na rynek w 2004 roku, a jeszcze dalej si\u0119ga inspiracji tym no\u017cem: kultowego modelu wojskowego.<\/p>\n<p>Pierwotnym zamys\u0142em projektowym jednostki paramilitarnej by\u0142o zapewnienie tej samej sprawdzonej niezawodno\u015bci i wydajno\u015bci ci\u0119cia jak w wojsku, ale w bardziej kompaktowej i \u0142atwej w przenoszeniu obudowie. W projekcie wykorzystano r\u00f3wnie\u017c opatentowany przez Spyderco zamek kompresyjny \u2013 mechanizm blokuj\u0105cy o du\u017cej wytrzyma\u0142o\u015bci umieszczony z ty\u0142u r\u0119koje\u015bci, kt\u00f3ry zapewnia\u0142 szereg znacz\u0105cych korzy\u015bci w por\u00f3wnaniu z zamkiem liniowym firmy Military.<\/p>\n<p>Zgodnie z g\u0142\u0119bokim zaanga\u017cowaniem Spyderco w ci\u0105g\u0142e doskonalenie jako\u015bci (CQI), w 2010 roku przeprojektowano model paramilitarny, aby zapewni\u0107 model Paramilitary 2. Ta konstrukcja drugiej generacji obejmowa\u0142a ulepszon\u0105 blokad\u0119, ulepszon\u0105 ergonomi\u0119, zag\u0142\u0119biony uchwyt i obrotowe \u015bruby oraz czteropozycyjny zacisk umo\u017cliwiaj\u0105cy obs\u0142ug\u0119 wszystkich mo\u017cliwych konfiguracji przenoszenia. Te ulepszenia szybko uczyni\u0142y \u201ePara 2\u201d jednym z najpopularniejszych i najbardziej poszukiwanych modeli Spyderco, a dla wielu u\u017cytkownik\u00f3w ko\u0144cowych \u201eidealnym\u201d no\u017cem sk\u0142adanym. Cho\u0107 by\u0142 znacznie mniejszy od modelu wojskowego, kt\u00f3ry go zainspirowa\u0142, dla niekt\u00f3rych klient\u00f3w by\u0142 nadal wi\u0119kszy, ni\u017c mogli wygodnie lub legalnie nosi\u0107. Opieraj\u0105c si\u0119 na tych opiniach, Spyderco wr\u00f3ci\u0142o do deski kre\u015blarskiej, aby sprowadzi\u0107 wszystkie funkcje, zalety i wydajno\u015b\u0107 Paramilitary 2 do \u201esubkompaktowej\u201d obudowy zbudowanej wok\u00f3\u0142 trzycalowego ostrza. Rezultatem jest akapit 3.<\/p>\n<p>Chocia\u017c Paramilitary 2 by\u0142 wyra\u017anie wzorowany na Paramilitarnym 2, Paramilitarny 3 nie zosta\u0142 nazwany \u201eParamilitary 3\u201d, poniewa\u017c jego mniejszy rozmiar kwalifikowa\u0142 go jako n\u00f3\u017c o innej konstrukcji. Podobnie cyfra \u201e3\u201d w nazwie faktycznie odzwierciedla trzycalow\u0105 d\u0142ugo\u015b\u0107 ostrza, a nie identyfikuje go jako projekt paramilitarny trzeciej generacji. Chocia\u017c jego rodow\u00f3d jest jednoznaczny, Para 3 (oraz jego model i numer SKU) ma swoj\u0105 w\u0142asn\u0105, odr\u0119bn\u0105 \u201eto\u017csamo\u015b\u0107\u201d jako produkt Spyderco.<\/p>\n<p>W rezultacie Para 3 wiernie zachowuje wszystkie cechy najlepiej sprzedaj\u0105cego si\u0119 Paramilitary 2, ale w mniejszym i jeszcze bardziej zwinnym opakowaniu. Jego trzycalowe ostrze jest precyzyjnie wykonane z najwy\u017cszej jako\u015bci stali nierdzewnej CPM-S45VN i ma w pe\u0142ni p\u0142ask\u0105 szlif, co zapewnia doskona\u0142\u0105 geometri\u0119 ostrza i wydajno\u015b\u0107 ci\u0119cia przy niskim tarciu. Jego charakterystyczny, du\u017cy okr\u0105g\u0142y otw\u00f3r z dum\u0105 og\u0142asza rodow\u00f3d no\u017ca i jest \u0142atwo dost\u0119pny z obu stron, co pozwala na szybkie otwieranie jedn\u0105 r\u0119k\u0105, obur\u0119czn\u0105.<\/p>\n<p>Lekki, otwarty chwyt tylny jest zbudowany na ramie z solidnych wstawek ze stali nierdzewnej osadzonych w teksturowanych skalach G10. Ten wyrafinowany styl maksymalizuje wytrzyma\u0142o\u015b\u0107 konstrukcyjn\u0105 i ergonomi\u0119, zachowuj\u0105c jednocze\u015bnie smuk\u0142y uchwyt i mieszcz\u0105cy si\u0119 w kieszeni. Stanowi tak\u017ce podstaw\u0119 opatentowanego przez n\u00f3\u017c mechanizmu Compression Lock, kt\u00f3ry zapewnia wyj\u0105tkow\u0105 si\u0142\u0119 blokady, a jednocze\u015bnie pozwala na \u0142atwe zamykanie jedn\u0105 r\u0119k\u0105 bez umieszczania palc\u00f3w na drodze ostrza. Eleganckie zapi\u0119cie w kszta\u0142cie klepsydry w czterech pozycjach i du\u017cy otw\u00f3r na smycz dope\u0142niaj\u0105 ca\u0142o\u015bci, oferuj\u0105c mo\u017cliwo\u015b\u0107 odchylania lub opuszczania w lewo lub w prawo, co u\u0142atwia przymocowanie smyczy lub zawieszki.<\/p>\n<p>Para 3 to niezwykle wyrafinowany n\u00f3\u017c sk\u0142adany o wybitnej historii. Jest to tak\u017ce doskona\u0142y przyk\u0142ad naszego nieustannego d\u0105\u017cenia do doskona\u0142o\u015bci i naszego g\u0142\u0119bokiego zaanga\u017cowania w zaspokajanie potrzeb naszych klient\u00f3w.<\/p>\n<p>Dane techniczne<br \/>\nD\u0142ugo\u015b\u0107 ostrza: 7,5 cm<br \/>\nD\u0142ugo\u015b\u0107 po zamkni\u0119ciu: 10,67 cm<br \/>\nD\u0142ugo\u015b\u0107 ca\u0142kowita: 18,17 cm<br \/>\nMateria\u0142 ostrza: CPM-S45VN Stal nierdzewna<br \/>\nStyl ostrza: Clip Point<br \/>\nSzlif ostrza: Ca\u0142kowicie p\u0142aski<br \/>\nWyko\u0144czenie ostrza: czarne DLC<br \/>\nKraw\u0119d\u017a ostrza: g\u0142adka<br \/>\nMateria\u0142 r\u0119koje\u015bci: G10<br \/>\nKolor r\u0119koje\u015bci: cyfrowy kamufla\u017c<br \/>\nMechanizm blokuj\u0105cy: Kompresja<br \/>\nKieszonkowy klips: sk\u0142adany w g\u00f3r\u0119\/w d\u00f3\u0142, noszony w lewo\/prawo<br \/>\nNumer modelu: C223GPCMOBK<br \/>\nNazwa modelu: Para 3<br \/>\nWaga: 3,4 uncji<br \/>\nWykonane w USA<\/p>\n","protected":false},"excerpt":{"rendered":"<p><strong>Jeden z najbardziej oczekiwanych produkt\u00f3w w historii Spyderco, Para 3, to najnowsza generacja niezwykle popularnej rodziny no\u017cy sk\u0142adanych dla paramilitarnych os\u00f3b.<\/strong><\/p>\n","protected":false},"featured_media":343391,"comment_status":"open","ping_status":"closed","template":"","meta":[],"pwb-brand":[3432],"product_brand":[],"product_cat":[3307,3296],"product_tag":[3671],"class_list":{"0":"post-343390","1":"product","2":"type-product","3":"status-publish","4":"has-post-thumbnail","6":"pwb-brand-spyderco-pl","7":"product_cat-zamykanie-nozy","8":"product_cat-noze-pl","9":"product_tag-b2b-pl","11":"first","12":"instock","13":"taxable","14":"shipping-taxable","15":"purchasable","16":"product-type-simple"},"brands":[{"id":3432,"name":"Spyderco","slug":"spyderco-pl"}],"_links":{"self":[{"href":"https:\/\/www.moskito.cz\/pl\/wp-json\/wp\/v2\/product\/343390","targetHints":{"allow":["GET"]}}],"collection":[{"href":"https:\/\/www.moskito.cz\/pl\/wp-json\/wp\/v2\/product"}],"about":[{"href":"https:\/\/www.moskito.cz\/pl\/wp-json\/wp\/v2\/types\/product"}],"replies":[{"embeddable":true,"href":"https:\/\/www.moskito.cz\/pl\/wp-json\/wp\/v2\/comments?post=343390"}],"wp:featuredmedia":[{"embeddable":true,"href":"https:\/\/www.moskito.cz\/pl\/wp-json\/wp\/v2\/media\/343391"}],"wp:attachment":[{"href":"https:\/\/www.moskito.cz\/pl\/wp-json\/wp\/v2\/media?parent=343390"}],"wp:term":[{"taxonomy":"pwb-brand","embeddable":true,"href":"https:\/\/www.moskito.cz\/pl\/wp-json\/wp\/v2\/pwb-brand?post=343390"},{"taxonomy":"product_brand","embeddable":true,"href":"https:\/\/www.moskito.cz\/pl\/wp-json\/wp\/v2\/product_brand?post=343390"},{"taxonomy":"product_cat","embeddable":true,"href":"https:\/\/www.moskito.cz\/pl\/wp-json\/wp\/v2\/product_cat?post=343390"},{"taxonomy":"product_tag","embeddable":true,"href":"https:\/\/www.moskito.cz\/pl\/wp-json\/wp\/v2\/product_tag?post=343390"}],"curies":[{"name":"wp","href":"https:\/\/api.w.org\/{rel}","templated":true}]}}