{"id":343475,"date":"2022-11-24T20:43:41","date_gmt":"2024-06-11T07:54:17","guid":{"rendered":"https:\/\/www.moskito.cz\/produkt\/noz-strzelecki-sog-tac-au-compact-straight-edge\/"},"modified":"2025-05-07T11:16:35","modified_gmt":"2025-05-07T10:16:35","slug":"noz-strzelecki-sog-tac-au-compact-straight-edge","status":"publish","type":"product","link":"https:\/\/www.moskito.cz\/pl\/produkt\/noz-strzelecki-sog-tac-au-compact-straight-edge\/","title":{"rendered":"N\u00f3\u017c strzelecki SOG TAC AU COMPACT STRAIGHT EDGE"},"content":{"rendered":"<p>N\u00f3\u017c strzelecki <strong>SOG<\/strong> TAC AU COMPACT STRAIGHT EDGE.<\/p>\n<p>Dzi\u0119ki teksturowanej aluminiowej r\u0119koje\u015bci i ostrzu CRYO D2, SOG-TAC AU to szybko otwieraj\u0105cy si\u0119 n\u00f3\u017c sk\u0142adany, kt\u00f3ry wskakuje do akcji dowoln\u0105 r\u0119k\u0105 i pozostaje otwarty z wyj\u0105tkow\u0105 si\u0142\u0105 blokowania dzi\u0119ki zaawansowanemu blokadzie AU-XR firmy SOG. Produkowane w Ameryce ostrze strzeleckie to solidne narz\u0119dzie zapasowe dla wojska, s\u0142u\u017cb ratowniczych i u\u017cytkownik\u00f3w broni obronnej, kt\u00f3rzy ceni\u0105 sobie niezawodne zabezpieczenie podw\u00f3jnego dzia\u0142ania. Zobacz wszystkie jednostki SOG-TAC AU.<\/p>\n<p>OD BEZPIECZE\u0143STWA ZA JEDNYM POCI\u0104GNI\u0118CIEM<br \/>\nInnowacyjna blokada ostrza, kt\u00f3ra umo\u017cliwia przej\u015bcie od bezpiecznego do otwartego jednym poci\u0105gni\u0119ciem, dzi\u0119ki SOG Double-Action Safety.<\/p>\n<p>KOMPAKTOWA KONSTRUKCJA<br \/>\nStworzony dla tych, kt\u00f3rzy wymagaj\u0105 mniejszej widoczno\u015bci lub po prostu potrzebuj\u0105 bardziej kompaktowego narz\u0119dzia, mniejsze wymiary i mniejsza waga pozwalaj\u0105 na bardziej dyskretne przenoszenie.<\/p>\n<p>PODSUMOWANIE W\u0141A\u015aCIWO\u015aCI<br \/>\nSOG-TAC AU to ca\u0142kowicie nowoczesne rozwi\u0105zanie twardego no\u017ca automatycznego. Posiada mocny mechanizm blokuj\u0105cy SOG AU-XR, stal CRYO D2 i szybkie otwieranie.<\/p>\n<p>STAL KRYO D2<br \/>\nWszechstronna, wysokow\u0119glowa stal narz\u0119dziowa, poddana obr\u00f3bce kriogenicznej cieplnie zgodnie z unikalnymi specyfikacjami SOG. D2 zapewnia idealne po\u0142\u0105czenie zachowania kraw\u0119dzi i trwa\u0142o\u015bci przy d\u0142ugotrwa\u0142ym u\u017cytkowaniu i \u0142atwej konserwacji.<\/p>\n<p>UCHWYTY Z MIKROTEKSTUR\u0104<br \/>\nAluminiowy chwyt SOG-TAC AU ma obrobion\u0105 mikroteksturow\u0105 powierzchni\u0119, kt\u00f3ra zapewnia odpowiedni poziom chwytu \u2013 we wszystkich w\u0142a\u015bciwych miejscach \u2013 bez obci\u0105\u017cania d\u0142oni lub kieszeni.<\/p>\n<p>BEZPIECZE\u0143STWO PODW\u00d3JNEGO DZIA\u0141ANIA<br \/>\nZintegrowane w jednym interfejsie zabezpieczenie o podw\u00f3jnym dzia\u0142aniu zapobiega przypadkowemu wysuni\u0119ciu ostrza, zapewniaj\u0105c jednocze\u015bnie pewne i sp\u00f3jne otwieranie na \u017c\u0105danie.<\/p>\n<p>PARAMETRY PRODUKTU GRUBO\u015a\u0106 OSTRZA: 2,8 mm<br \/>\nROZMIAR CA\u0141KOWITY: 178 mm<br \/>\nMATERIA\u0141 UCHWYTU: AL 6061 T6<br \/>\nD\u0141UGO\u015a\u0106 UCHWYTU: 103 mm<br \/>\nWAGA: 79 g<br \/>\nSTAL: CRYO D2<br \/>\nCzarny kolor<br \/>\nD\u0141UGO\u015a\u0106 OSTRZA: 75 mm<\/p>\n<p>&nbsp;<\/p>\n<p><iframe title=\"SOG-TAC AU Automatic Folding Knife\" width=\"800\" height=\"450\" src=\"https:\/\/www.youtube.com\/embed\/QbInOoD89k0?feature=oembed\" frameborder=\"0\" allow=\"accelerometer; autoplay; clipboard-write; encrypted-media; gyroscope; picture-in-picture; web-share\" referrerpolicy=\"strict-origin-when-cross-origin\" allowfullscreen><\/iframe><\/p>\n<p>&nbsp;<\/p>\n<p>&nbsp;<\/p>\n","protected":false},"excerpt":{"rendered":"<p>SOG-TAC AU to niezawodny n\u00f3\u017c automatyczny przeznaczony do wymagaj\u0105cych zastosowa\u0144 przez tych, kt\u00f3rzy potrzebuj\u0105 szybko wyci\u0105gn\u0105\u0107 n\u00f3\u017c.<\/p>\n","protected":false},"featured_media":343507,"comment_status":"open","ping_status":"closed","template":"","meta":[],"pwb-brand":[3606],"product_brand":[],"product_cat":[3296,3344],"product_tag":[3671],"class_list":{"0":"post-343475","1":"product","2":"type-product","3":"status-publish","4":"has-post-thumbnail","6":"pwb-brand-sog-pl","7":"product_cat-noze-pl","8":"product_cat-noze-strzeleckie","9":"product_tag-b2b-pl","11":"first","12":"instock","13":"taxable","14":"shipping-taxable","15":"purchasable","16":"product-type-simple"},"brands":[{"id":3606,"name":"SOG","slug":"sog-pl"}],"_links":{"self":[{"href":"https:\/\/www.moskito.cz\/pl\/wp-json\/wp\/v2\/product\/343475","targetHints":{"allow":["GET"]}}],"collection":[{"href":"https:\/\/www.moskito.cz\/pl\/wp-json\/wp\/v2\/product"}],"about":[{"href":"https:\/\/www.moskito.cz\/pl\/wp-json\/wp\/v2\/types\/product"}],"replies":[{"embeddable":true,"href":"https:\/\/www.moskito.cz\/pl\/wp-json\/wp\/v2\/comments?post=343475"}],"wp:featuredmedia":[{"embeddable":true,"href":"https:\/\/www.moskito.cz\/pl\/wp-json\/wp\/v2\/media\/343507"}],"wp:attachment":[{"href":"https:\/\/www.moskito.cz\/pl\/wp-json\/wp\/v2\/media?parent=343475"}],"wp:term":[{"taxonomy":"pwb-brand","embeddable":true,"href":"https:\/\/www.moskito.cz\/pl\/wp-json\/wp\/v2\/pwb-brand?post=343475"},{"taxonomy":"product_brand","embeddable":true,"href":"https:\/\/www.moskito.cz\/pl\/wp-json\/wp\/v2\/product_brand?post=343475"},{"taxonomy":"product_cat","embeddable":true,"href":"https:\/\/www.moskito.cz\/pl\/wp-json\/wp\/v2\/product_cat?post=343475"},{"taxonomy":"product_tag","embeddable":true,"href":"https:\/\/www.moskito.cz\/pl\/wp-json\/wp\/v2\/product_tag?post=343475"}],"curies":[{"name":"wp","href":"https:\/\/api.w.org\/{rel}","templated":true}]}}