{"id":343551,"date":"2022-04-17T21:21:54","date_gmt":"2024-06-11T14:44:02","guid":{"rendered":"https:\/\/www.moskito.cz\/produkt\/noz-zamykajacy-cold-steel-hold-out-6-ostrze-gladka-krawedz-blk-s35vn\/"},"modified":"2025-05-07T11:16:37","modified_gmt":"2025-05-07T10:16:37","slug":"noz-zamykajacy-cold-steel-hold-out-6-ostrze-gladka-krawedz-blk-s35vn","status":"publish","type":"product","link":"https:\/\/www.moskito.cz\/pl\/produkt\/noz-zamykajacy-cold-steel-hold-out-6-ostrze-gladka-krawedz-blk-s35vn\/","title":{"rendered":"N\u00f3\u017c zamykaj\u0105cy Cold Steel HOLD OUT 6&#8243; OSTRZE G\u0141ADKA KRAW\u0118D\u0179 BLK S35VN"},"content":{"rendered":"<p>N\u00f3\u017c zamykaj\u0105cy <strong>Cold Steel<\/strong> HOLD OUT 6&#8243; OSTRZE G\u0141ADKA KRAW\u0118D\u0179 BLK S35VN<\/p>\n<p>COLD STEEL wskrzesi\u0142 ju\u017c wyprodukowany i bardzo popularny n\u00f3\u017c sk\u0142adany Hold Out w czterech wersjach ostrzy. W por\u00f3wnaniu z wersj\u0105 pierwotn\u0105 zastosowa\u0142 jednak do no\u017cy znacznie bardziej szlachetn\u0105 stal proszkow\u0105 S35VN. Ta wyj\u0105tkowa ameryka\u0144ska stal jest nie tylko bardzo sztywna i trwa\u0142a, ale pozwala uzyska\u0107 doskona\u0142\u0105 ostro\u015b\u0107 no\u017ca, a ostrze charakteryzuje si\u0119 d\u0142ug\u0105 \u017cywotno\u015bci\u0105. Bardzo drobnoziarnista stal proszkowa o jednolitej mikrostrukturze oferuje bardzo stabilne w\u0142a\u015bciwo\u015bci. Jest trwa\u0142y nawet przy bardzo cienkiej fasetce ostrza, niezawodny i wysoce odporny na korozj\u0119. Jest to dobry wyb\u00f3r w przypadku wysokiej jako\u015bci niestandardowych no\u017cy i narz\u0119dzi. Proces CPM (pseudo-proszk\u00f3w metalurgii) gwarantuje bardzo jednorodn\u0105, \u200b\u200bwysokiej jako\u015bci struktur\u0119 stali, stabilno\u015b\u0107 wymiarow\u0105, dobr\u0105 szlifowalno\u015b\u0107 i wytrzyma\u0142o\u015b\u0107 w por\u00f3wnaniu do stali wytwarzanych klasycznymi, konwencjonalnymi metodami. Pomimo ni\u017cszej zawarto\u015bci chromu, stal ta wykazuje bardzo dobre wyniki w obszarze odporno\u015bci na korozj\u0119. R\u0119koje\u015b\u0107 no\u017cy Hold Out wykonana jest z w\u0142\u00f3kna szklanego G-10. Powierzchnia r\u0119koje\u015bci ma szorstk\u0105 faktur\u0119 i nie jest \u015bliska nawet w spoconych lub mokrych d\u0142oniach. Ta linia no\u017cy jest r\u00f3wnie\u017c wyposa\u017cona w unikalny patent Cold Steel\u00ae Tri-Ad Lock\u2122. Blokada zapobiega automatycznemu lub niezamierzonemu zamkni\u0119ciu no\u017ca, nawet w przypadku naturalnego zu\u017cycia z biegiem czasu.<\/p>\n<p>PARAMETRY PRODUKTU<br \/>\nWaga: 198,5 g<br \/>\nRodzaj bezpiecznika: Blokada Tri-Ad<br \/>\nGrubo\u015b\u0107 ostrza: 0,38 cm<br \/>\nStal: stal S35VN<br \/>\nD\u0142ugo\u015b\u0107 ostrza: 15,2 cm<br \/>\nRozmiar ca\u0142kowity: 33,5 cm<br \/>\nKolor: czarny\/srebrny<br \/>\nMateria\u0142 r\u0119koje\u015bci: D\u0142ugi uchwyt G-10<br \/>\nD\u0142ugo\u015b\u0107 r\u0105czki: 183 mm<\/p>\n<p>&nbsp;<\/p>\n<p>&nbsp;<\/p>\n","protected":false},"excerpt":{"rendered":"<p>Ca\u0142a linia no\u017cy sk\u0142adanych Hold Out oparta jest na szkockim wzorze sta\u0142ego no\u017ca Skean Dhu. Jest to r\u00f3wnie\u017c dost\u0119pne w menu ZIMNA STAL. Szkoccy wojownicy nosili n\u00f3\u017c najcz\u0119\u015bciej ukryty w r\u0119kawie lub zawieszany na szyi<\/p>\n","protected":false},"featured_media":343552,"comment_status":"open","ping_status":"closed","template":"","meta":[],"pwb-brand":[3596],"product_brand":[],"product_cat":[3296,3307],"product_tag":[],"class_list":{"0":"post-343551","1":"product","2":"type-product","3":"status-publish","4":"has-post-thumbnail","6":"pwb-brand-zimna-stal","7":"product_cat-noze-pl","8":"product_cat-zamykanie-nozy","10":"first","11":"outofstock","12":"taxable","13":"shipping-taxable","14":"purchasable","15":"product-type-simple"},"brands":[{"id":3596,"name":"Zimna stal","slug":"zimna-stal"}],"_links":{"self":[{"href":"https:\/\/www.moskito.cz\/pl\/wp-json\/wp\/v2\/product\/343551","targetHints":{"allow":["GET"]}}],"collection":[{"href":"https:\/\/www.moskito.cz\/pl\/wp-json\/wp\/v2\/product"}],"about":[{"href":"https:\/\/www.moskito.cz\/pl\/wp-json\/wp\/v2\/types\/product"}],"replies":[{"embeddable":true,"href":"https:\/\/www.moskito.cz\/pl\/wp-json\/wp\/v2\/comments?post=343551"}],"wp:featuredmedia":[{"embeddable":true,"href":"https:\/\/www.moskito.cz\/pl\/wp-json\/wp\/v2\/media\/343552"}],"wp:attachment":[{"href":"https:\/\/www.moskito.cz\/pl\/wp-json\/wp\/v2\/media?parent=343551"}],"wp:term":[{"taxonomy":"pwb-brand","embeddable":true,"href":"https:\/\/www.moskito.cz\/pl\/wp-json\/wp\/v2\/pwb-brand?post=343551"},{"taxonomy":"product_brand","embeddable":true,"href":"https:\/\/www.moskito.cz\/pl\/wp-json\/wp\/v2\/product_brand?post=343551"},{"taxonomy":"product_cat","embeddable":true,"href":"https:\/\/www.moskito.cz\/pl\/wp-json\/wp\/v2\/product_cat?post=343551"},{"taxonomy":"product_tag","embeddable":true,"href":"https:\/\/www.moskito.cz\/pl\/wp-json\/wp\/v2\/product_tag?post=343551"}],"curies":[{"name":"wp","href":"https:\/\/api.w.org\/{rel}","templated":true}]}}