{"id":343588,"date":"2022-11-01T17:59:02","date_gmt":"2022-11-01T16:59:02","guid":{"rendered":"https:\/\/www.moskito.cz\/?post_type=product&#038;p=343588"},"modified":"2025-05-07T11:16:40","modified_gmt":"2025-05-07T10:16:40","slug":"noz-cold-steel-pendleton-mini-hunter-ze-stalym-ostrzem","status":"publish","type":"product","link":"https:\/\/www.moskito.cz\/pl\/produkt\/noz-cold-steel-pendleton-mini-hunter-ze-stalym-ostrzem\/","title":{"rendered":"N\u00f3\u017c Cold Steel Pendleton Mini Hunter ze sta\u0142ym ostrzem"},"content":{"rendered":"<p>N\u00f3\u017c <strong>Cold Steel<\/strong> Pendleton Mini Hunter ze sta\u0142ym ostrzem.<\/p>\n<p>Pendleton Mini Hunter to ma\u0142y n\u00f3\u017c my\u015bliwski z g\u0142adkim ostrzem. COLD STEEL produkuje Pendleton Hunters w oparciu o no\u017ce znanego ameryka\u0144skiego rzemie\u015blnika Lloyda Pendletona, kt\u00f3ry \u015bci\u015ble wsp\u00f3\u0142pracuje z firm\u0105 i uczestniczy w rozwoju masowo produkowanych no\u017cy my\u015bliwskich. Ostrze DropPoint wykonano z japo\u0144skiej stali AUS 10A. Ta martenzytyczna stal nierdzewna posiada bardzo dobre w\u0142a\u015bciwo\u015bci wytrzyma\u0142o\u015bciowe i stosowana jest g\u0142\u00f3wnie jako materia\u0142 na narz\u0119dzia skrawaj\u0105ce. W por\u00f3wnaniu do AUS 8A lepiej trzyma ostrze i jest bardziej odporny na \u015bcieranie. Stal zosta\u0142a nast\u0119pnie poddana obr\u00f3bce cieplnej w celu uzyskania idealnej r\u00f3wnowagi pomi\u0119dzy zachowaniem kraw\u0119dzi a \u0142atwo\u015bci\u0105 ponownego ostrzenia. Idealnie wyprofilowana r\u0119koje\u015b\u0107 no\u017ca wykonana z materia\u0142u Kraton (Long Kray-Ex\u2122) zapewnia antypo\u015blizgow\u0105 powierzchni\u0119. Doskonale le\u017cy w d\u0142oni i umo\u017cliwia bardzo delikatn\u0105 prac\u0119 no\u017cem w wilgotnym i b\u0142otnistym \u015brodowisku. Opakowanie to etui Secure-Ex chroni\u0105ce Ciebie i ostrze. Mini Hunter to niezast\u0105pione narz\u0119dzie, kt\u00f3re doskonale uzupe\u0142ni ka\u017cdy zestaw my\u015bliwski lub survivalowy, a jednocze\u015bnie wygl\u0105da na tyle dyskretnie, \u017ce mo\u017cna go nosi\u0107 bez obawy, \u017ce przyci\u0105gnie du\u017c\u0105 uwag\u0119. Importer udziela na ten n\u00f3\u017c wyd\u0142u\u017conej gwarancji wynosz\u0105cej 5 lat.<\/p>\n<p>PARAMETRY PRODUKTU<br \/>\nD\u0142ugo\u015b\u0107 r\u0105czki: 92 mm<br \/>\nMateria\u0142 r\u0119koje\u015bci: D\u0142ugi Kray-Ex\u2122<br \/>\nMateria\u0142 os\u0142ony: os\u0142ona Secure-Ex\u00ae<br \/>\nWaga: 57 g<br \/>\nKolor: czarny\/srebrny<br \/>\nD\u0142ugo\u015b\u0107 ostrza: 76 mm<br \/>\nRozmiar ca\u0142kowity: 168 mm<br \/>\nStal: AUS 10A<br \/>\nGrubo\u015b\u0107 ostrza: 3 mm<\/p>\n<p>&nbsp;<\/p>\n","protected":false},"excerpt":{"rendered":"<p>Pendleton Mini Hunter to solidny n\u00f3\u017c o g\u0142adkiej kraw\u0119dzi.<\/p>\n","protected":false},"featured_media":343590,"comment_status":"open","ping_status":"closed","template":"","meta":[],"pwb-brand":[3596],"product_brand":[],"product_cat":[3297,3296],"product_tag":[],"class_list":{"0":"post-343588","1":"product","2":"type-product","3":"status-publish","4":"has-post-thumbnail","6":"pwb-brand-zimna-stal","7":"product_cat-solidne-noze","8":"product_cat-noze-pl","10":"first","11":"instock","12":"taxable","13":"shipping-taxable","14":"purchasable","15":"product-type-simple"},"brands":[{"id":3596,"name":"Zimna stal","slug":"zimna-stal"}],"_links":{"self":[{"href":"https:\/\/www.moskito.cz\/pl\/wp-json\/wp\/v2\/product\/343588","targetHints":{"allow":["GET"]}}],"collection":[{"href":"https:\/\/www.moskito.cz\/pl\/wp-json\/wp\/v2\/product"}],"about":[{"href":"https:\/\/www.moskito.cz\/pl\/wp-json\/wp\/v2\/types\/product"}],"replies":[{"embeddable":true,"href":"https:\/\/www.moskito.cz\/pl\/wp-json\/wp\/v2\/comments?post=343588"}],"wp:featuredmedia":[{"embeddable":true,"href":"https:\/\/www.moskito.cz\/pl\/wp-json\/wp\/v2\/media\/343590"}],"wp:attachment":[{"href":"https:\/\/www.moskito.cz\/pl\/wp-json\/wp\/v2\/media?parent=343588"}],"wp:term":[{"taxonomy":"pwb-brand","embeddable":true,"href":"https:\/\/www.moskito.cz\/pl\/wp-json\/wp\/v2\/pwb-brand?post=343588"},{"taxonomy":"product_brand","embeddable":true,"href":"https:\/\/www.moskito.cz\/pl\/wp-json\/wp\/v2\/product_brand?post=343588"},{"taxonomy":"product_cat","embeddable":true,"href":"https:\/\/www.moskito.cz\/pl\/wp-json\/wp\/v2\/product_cat?post=343588"},{"taxonomy":"product_tag","embeddable":true,"href":"https:\/\/www.moskito.cz\/pl\/wp-json\/wp\/v2\/product_tag?post=343588"}],"curies":[{"name":"wp","href":"https:\/\/api.w.org\/{rel}","templated":true}]}}