{"id":343613,"date":"2022-11-06T21:44:41","date_gmt":"2022-11-06T20:44:41","guid":{"rendered":"https:\/\/www.moskito.cz\/produkt\/solidny-noz-firmy-cold-steel-kuty-matrycowo-hunter\/"},"modified":"2024-06-12T10:11:41","modified_gmt":"2024-06-12T09:11:41","slug":"solidny-noz-firmy-cold-steel-kuty-matrycowo-hunter","status":"publish","type":"product","link":"https:\/\/www.moskito.cz\/pl\/produkt\/solidny-noz-firmy-cold-steel-kuty-matrycowo-hunter\/","title":{"rendered":"Solidny n\u00f3\u017c firmy Cold Steel, kuty matrycowo HUNTER"},"content":{"rendered":"<p>Solidny n\u00f3\u017c <strong>firmy Cold Steel<\/strong> , kuty matrycowo HUNTER.<\/p>\n<p>Nasz kuty matrycowo Hunter to praktyczny n\u00f3\u017c i narz\u0119dzie do u\u017cytku w plenerze\/my\u015bliwstwie. Wyposa\u017cony w g\u0142adko zakrzywione, super szerokie ostrze, kt\u00f3re jest ostre i mocne, zosta\u0142 zaprojektowany tak, aby wykona\u0107 \u015bwietn\u0105 robot\u0119 w najbardziej wymagaj\u0105cych warunkach. Dzi\u0119ki \u0142adnej i odpornej na warunki atmosferyczne pow\u0142oce proszkowej oraz nowoczesnej pochwie Secure-Ex, kuty matrycowo Hunter oferuje wszystkie najlepsze cechy sprawdzonego no\u017ca my\u015bliwskiego, ale w ca\u0142kowicie nowoczesnym opakowaniu!<\/p>\n<p>PARAMETRY PRODUKTU<br \/>\nRozmiar ca\u0142kowity: 219 mm<br \/>\nD\u0142ugo\u015b\u0107 ostrza: 101 mm<br \/>\nStal: 52100 wysokow\u0119glowa<br \/>\nGrubo\u015b\u0107 ostrza: 5 mm<br \/>\nMateria\u0142 os\u0142ony: os\u0142ona Secure-Ex\u2122<br \/>\nWaga: 243,8 g<br \/>\nD\u0142ugo\u015b\u0107 r\u0105czki: 117 mm<br \/>\nSzary kolor<\/p>\n","protected":false},"excerpt":{"rendered":"<p>Solidny n\u00f3\u017c firmy Cold Steel , kuty matrycowo HUNTER. Nasz kuty matrycowo Hunter to praktyczny n\u00f3\u017c i narz\u0119dzie do u\u017cytku w plenerze\/my\u015bliwstwie. Wyposa\u017cony w g\u0142adko zakrzywione, super szerokie ostrze, kt\u00f3re jest ostre i mocne, zosta\u0142 zaprojektowany tak, aby wykona\u0107 \u015bwietn\u0105 robot\u0119 w najbardziej wymagaj\u0105cych warunkach. Dzi\u0119ki \u0142adnej i odpornej na warunki atmosferyczne pow\u0142oce proszkowej oraz [&hellip;]<\/p>\n","protected":false},"featured_media":343614,"comment_status":"open","ping_status":"closed","template":"","meta":[],"pwb-brand":[3596],"product_brand":[],"product_cat":[3297,3296],"product_tag":[],"class_list":{"0":"post-343613","1":"product","2":"type-product","3":"status-publish","4":"has-post-thumbnail","6":"pwb-brand-zimna-stal","7":"product_cat-solidne-noze","8":"product_cat-noze-pl","10":"first","11":"instock","12":"taxable","13":"shipping-taxable","14":"purchasable","15":"product-type-simple"},"brands":[{"id":3596,"name":"Zimna stal","slug":"zimna-stal"}],"_links":{"self":[{"href":"https:\/\/www.moskito.cz\/pl\/wp-json\/wp\/v2\/product\/343613","targetHints":{"allow":["GET"]}}],"collection":[{"href":"https:\/\/www.moskito.cz\/pl\/wp-json\/wp\/v2\/product"}],"about":[{"href":"https:\/\/www.moskito.cz\/pl\/wp-json\/wp\/v2\/types\/product"}],"replies":[{"embeddable":true,"href":"https:\/\/www.moskito.cz\/pl\/wp-json\/wp\/v2\/comments?post=343613"}],"wp:featuredmedia":[{"embeddable":true,"href":"https:\/\/www.moskito.cz\/pl\/wp-json\/wp\/v2\/media\/343614"}],"wp:attachment":[{"href":"https:\/\/www.moskito.cz\/pl\/wp-json\/wp\/v2\/media?parent=343613"}],"wp:term":[{"taxonomy":"pwb-brand","embeddable":true,"href":"https:\/\/www.moskito.cz\/pl\/wp-json\/wp\/v2\/pwb-brand?post=343613"},{"taxonomy":"product_brand","embeddable":true,"href":"https:\/\/www.moskito.cz\/pl\/wp-json\/wp\/v2\/product_brand?post=343613"},{"taxonomy":"product_cat","embeddable":true,"href":"https:\/\/www.moskito.cz\/pl\/wp-json\/wp\/v2\/product_cat?post=343613"},{"taxonomy":"product_tag","embeddable":true,"href":"https:\/\/www.moskito.cz\/pl\/wp-json\/wp\/v2\/product_tag?post=343613"}],"curies":[{"name":"wp","href":"https:\/\/api.w.org\/{rel}","templated":true}]}}