{"id":343625,"date":"2022-04-21T21:15:37","date_gmt":"2022-04-21T20:15:37","guid":{"rendered":"https:\/\/www.moskito.cz\/produkt\/noz-solidny-cold-steel-counter-tac-i\/"},"modified":"2024-06-12T10:17:37","modified_gmt":"2024-06-12T09:17:37","slug":"noz-solidny-cold-steel-counter-tac-i","status":"publish","type":"product","link":"https:\/\/www.moskito.cz\/pl\/produkt\/noz-solidny-cold-steel-counter-tac-i\/","title":{"rendered":"N\u00f3\u017c solidny Cold Steel COUNTER TAC I"},"content":{"rendered":"<p>N\u00f3\u017c solidny <strong>Cold Steel<\/strong> COUNTER TAC I<\/p>\n<p>Nasze no\u017ce do but\u00f3w Counter Tac zosta\u0142y zaprojektowane z my\u015bl\u0105 o prostej filozofii. Funkcjonalno\u015b\u0107. To proste \u2013 dzia\u0142aj\u0105 i wyr\u00f3\u017cniaj\u0105 si\u0119 w tym, co robi\u0105! Ich ostre ostrza z pe\u0142n\u0105 ko\u0144c\u00f3wk\u0105 AUS 8A s\u0105 poddawane pr\u00f3\u017cniowej obr\u00f3bce cieplnej i utwardzaniu w temperaturze poni\u017cej zera, co zapewnia wytrzyma\u0142o\u015b\u0107 i trwa\u0142o\u015b\u0107. Ergonomiczna konstrukcja r\u0119koje\u015bci Kray-Ex\u2122 jest wygodna i dopasowuje si\u0119 do ka\u017cdego chwytu, a g\u0142\u0119boko teksturowana powierzchnia i podw\u00f3jna os\u0142ona sprawiaj\u0105, \u017ce n\u00f3\u017c w \u017cadnym wypadku nie wy\u015blizgnie si\u0119 z d\u0142oni. Wreszcie, ka\u017cdy Counter Tac jest wyposa\u017cony w najnowocze\u015bniejsz\u0105 kabur\u0119 Secure-Ex, w komplecie ze zdejmowanym klipsem na buty\/pasek i otworami do mocowania, dzi\u0119ki czemu mo\u017cna go nosi\u0107 praktycznie wsz\u0119dzie.<\/p>\n<p>PARAMETRY PRODUKTU<br \/>\nRozmiar ca\u0142kowity: 241,3 mm<br \/>\nKolor: czarny\/srebrny<br \/>\nD\u0142ugo\u015b\u0107 ostrza: 127 mm<br \/>\nMateria\u0142 r\u0119koje\u015bci: D\u0142ugi Kray-Ex\u2122<br \/>\nWaga: 130,4 g<br \/>\nGrubo\u015b\u0107 ostrza: 5 mm<br \/>\nD\u0142ugo\u015b\u0107 r\u0105czki: 114 mm<br \/>\nStal: japo\u0144ska stal nierdzewna AUS 8A z wyko\u0144czeniem Stone Wash<br \/>\nMateria\u0142 os\u0142ony: os\u0142ona Secure-Ex\u2122<\/p>\n<p>Nasze no\u017ce do but\u00f3w Counter Tac zosta\u0142y zaprojektowane z my\u015bl\u0105 o jednej prostej filozofii. Funkcjonalno\u015b\u0107. Po prostu \u2013 dzia\u0142aj\u0105 i s\u0105 wybitni w tym, co robi\u0105! Ich ostre ostrza typu full-tang AUS 8A s\u0105 poddawane pr\u00f3\u017cniowej obr\u00f3bce cieplnej i hartowane w temperaturze poni\u017cej zera, co zapewnia wytrzyma\u0142o\u015b\u0107 i trwa\u0142o\u015b\u0107. Ergonomiczna konstrukcja r\u0119koje\u015bci Kray-Ex\u2122 jest wygodna i dopasowuje si\u0119 do ka\u017cdego chwytu, a g\u0142\u0119boko teksturowana powierzchnia i podw\u00f3jna os\u0142ona sprawi\u0105, \u017ce n\u00f3\u017c w \u017cadnym wypadku nie wy\u015blizgnie si\u0119 z d\u0142oni. Wreszcie, ka\u017cdy Counter Tac jest dostarczany z najnowocze\u015bniejsz\u0105 pochw\u0105 Secure-Ex, w komplecie ze zdejmowanym klipsem na buty\/pasek i otworami do mocowania, dzi\u0119ki czemu mo\u017cna go nosi\u0107 niemal wsz\u0119dzie.<br \/>\nWaga: 4,6 uncji Grubo\u015b\u0107 ostrza: 5 mm D\u0142ugo\u015b\u0107 ostrza: 5 cali Stal ostrza: japo\u0144ski AUS8A z wyko\u0144czeniem Stonewash D\u0142ugo\u015b\u0107 r\u0119koje\u015bci\/materia\u0142: 4-1\/2&#8243; Kray-Ex\u2122 D\u0142ugo\u015b\u0107 ca\u0142kowita: 9-1\/2&#8243; Dodatkowe funkcje: Bezpieczne -Ex\u2122 Typ no\u017ca z pochw\u0105: Sta\u0142a stal Rodzina: AUS Kszta\u0142t ostrza: Grot w\u0142\u00f3czni<\/p>\n","protected":false},"excerpt":{"rendered":"<div class=\"vc-commoditydetail_annotation\">\n<div class=\"annotation wysiwyg\">No\u017ce sta\u0142e Counter TAC firmy COLD STEEL przeznaczone s\u0105 przede wszystkim do ukrytego noszenia w bucie. Ich ostrze jest podw\u00f3jnie szlifowane, a ka\u017cdy Counter TAC jest wyposa\u017cony w pochw\u0119 Secure-Ex\u00ae.<\/div>\n<\/div>\n<div class=\"vc-commoditydetail_info\">\n<div class=\"items loaded\" data-module=\"vm\/CommodityDetail_Info\"><\/div>\n<\/div>\n","protected":false},"featured_media":343626,"comment_status":"open","ping_status":"closed","template":"","meta":[],"pwb-brand":[3596],"product_brand":[],"product_cat":[3297,3296],"product_tag":[],"class_list":{"0":"post-343625","1":"product","2":"type-product","3":"status-publish","4":"has-post-thumbnail","6":"pwb-brand-zimna-stal","7":"product_cat-solidne-noze","8":"product_cat-noze-pl","10":"first","11":"instock","12":"taxable","13":"shipping-taxable","14":"purchasable","15":"product-type-simple"},"brands":[{"id":3596,"name":"Zimna stal","slug":"zimna-stal"}],"_links":{"self":[{"href":"https:\/\/www.moskito.cz\/pl\/wp-json\/wp\/v2\/product\/343625","targetHints":{"allow":["GET"]}}],"collection":[{"href":"https:\/\/www.moskito.cz\/pl\/wp-json\/wp\/v2\/product"}],"about":[{"href":"https:\/\/www.moskito.cz\/pl\/wp-json\/wp\/v2\/types\/product"}],"replies":[{"embeddable":true,"href":"https:\/\/www.moskito.cz\/pl\/wp-json\/wp\/v2\/comments?post=343625"}],"wp:featuredmedia":[{"embeddable":true,"href":"https:\/\/www.moskito.cz\/pl\/wp-json\/wp\/v2\/media\/343626"}],"wp:attachment":[{"href":"https:\/\/www.moskito.cz\/pl\/wp-json\/wp\/v2\/media?parent=343625"}],"wp:term":[{"taxonomy":"pwb-brand","embeddable":true,"href":"https:\/\/www.moskito.cz\/pl\/wp-json\/wp\/v2\/pwb-brand?post=343625"},{"taxonomy":"product_brand","embeddable":true,"href":"https:\/\/www.moskito.cz\/pl\/wp-json\/wp\/v2\/product_brand?post=343625"},{"taxonomy":"product_cat","embeddable":true,"href":"https:\/\/www.moskito.cz\/pl\/wp-json\/wp\/v2\/product_cat?post=343625"},{"taxonomy":"product_tag","embeddable":true,"href":"https:\/\/www.moskito.cz\/pl\/wp-json\/wp\/v2\/product_tag?post=343625"}],"curies":[{"name":"wp","href":"https:\/\/api.w.org\/{rel}","templated":true}]}}