{"id":343648,"date":"2022-04-20T20:21:40","date_gmt":"2024-06-12T09:23:37","guid":{"rendered":"https:\/\/www.moskito.cz\/produkt\/solidny-noz-cold-steel-kuty-matrycowo-noz-do-butow\/"},"modified":"2025-05-07T11:16:42","modified_gmt":"2025-05-07T10:16:42","slug":"solidny-noz-cold-steel-kuty-matrycowo-noz-do-butow","status":"publish","type":"product","link":"https:\/\/www.moskito.cz\/pl\/produkt\/solidny-noz-cold-steel-kuty-matrycowo-noz-do-butow\/","title":{"rendered":"Solidny n\u00f3\u017c Cold Steel, kuty matrycowo n\u00f3\u017c do but\u00f3w"},"content":{"rendered":"<p>Solidny n\u00f3\u017c <strong>Cold Steel<\/strong> , kuty matrycowo n\u00f3\u017c do but\u00f3w<\/p>\n<p>N\u00f3\u017c do but\u00f3w kutych matrycowo to n\u00f3\u017c przeznaczony do ukrytego noszenia. Z przeszywaj\u0105cym, obosiecznym ostrzem o d\u0142ugo\u015bci 5 cali i ostr\u0105 jak ig\u0142a ko\u0144c\u00f3wk\u0105, jest to solidne i szokuj\u0105co skuteczne narz\u0119dzie do samoobrony ostatniej szansy, ale dzi\u0119ki cienkiemu profilowi \u200b\u200bi jednocz\u0119\u015bciowej konstrukcji przenosi si\u0119 wyj\u0105tkowo p\u0142asko, bez \u201edruku\u201d wewn\u0105trz. N\u00f3\u017c botaniczny kuty matrycowo jest mocny, ostry i ma ogromn\u0105 si\u0142\u0119 ci\u0119cia dzi\u0119ki wytrzyma\u0142ej konstrukcji z r\u0105czk\u0105. Ka\u017cdy n\u00f3\u017c botaniczny jest wyposa\u017cony w pochw\u0119 Secure-Ex i zintegrowany Ulti-Clip\u2122 * zapewniaj\u0105cy doskona\u0142e i bezpieczne trzymanie w bucie lub przypi\u0119ty do talii * Wyprodukowany w Ameryce ze stali spr\u0119\u017cynowej 1075, Ulti-Clip\u2122 zapewnia wyj\u0105tkowo bezpieczne dopasowanie i wi\u0119kszy potencja\u0142 pokrycia.<\/p>\n<p>Opis:<br \/>\nMateria\u0142 ostrza: 52100<br \/>\nMateria\u0142 obudowy: Secure-Ex<br \/>\nD\u0142ugo\u015b\u0107 ostrza: 12,7 cm<br \/>\nD\u0142ugo\u015b\u0107 ca\u0142kowita: 22,9 cm<br \/>\nD\u0142ugo\u015b\u0107 r\u0105czki: 10,2 cm<br \/>\nGrubo\u015b\u0107 ostrza: 4,5 mm<br \/>\nWaga: 181 g<\/p>\n<p>&nbsp;<\/p>\n","protected":false},"excerpt":{"rendered":"<p><strong>Kuty n\u00f3\u017c do but\u00f3w marki COLD STEEL to wytrzyma\u0142y n\u00f3\u017c przeznaczony do ukrytego noszenia, wyposa\u017cony w g\u0142adkie ostrze obosieczne.<\/strong><\/p>\n","protected":false},"featured_media":343649,"comment_status":"open","ping_status":"closed","template":"","meta":[],"pwb-brand":[3596],"product_brand":[],"product_cat":[3296,3297],"product_tag":[],"class_list":{"0":"post-343648","1":"product","2":"type-product","3":"status-publish","4":"has-post-thumbnail","6":"pwb-brand-zimna-stal","7":"product_cat-noze-pl","8":"product_cat-solidne-noze","10":"first","11":"outofstock","12":"taxable","13":"shipping-taxable","14":"purchasable","15":"product-type-simple"},"brands":[{"id":3596,"name":"Zimna stal","slug":"zimna-stal"}],"_links":{"self":[{"href":"https:\/\/www.moskito.cz\/pl\/wp-json\/wp\/v2\/product\/343648","targetHints":{"allow":["GET"]}}],"collection":[{"href":"https:\/\/www.moskito.cz\/pl\/wp-json\/wp\/v2\/product"}],"about":[{"href":"https:\/\/www.moskito.cz\/pl\/wp-json\/wp\/v2\/types\/product"}],"replies":[{"embeddable":true,"href":"https:\/\/www.moskito.cz\/pl\/wp-json\/wp\/v2\/comments?post=343648"}],"wp:featuredmedia":[{"embeddable":true,"href":"https:\/\/www.moskito.cz\/pl\/wp-json\/wp\/v2\/media\/343649"}],"wp:attachment":[{"href":"https:\/\/www.moskito.cz\/pl\/wp-json\/wp\/v2\/media?parent=343648"}],"wp:term":[{"taxonomy":"pwb-brand","embeddable":true,"href":"https:\/\/www.moskito.cz\/pl\/wp-json\/wp\/v2\/pwb-brand?post=343648"},{"taxonomy":"product_brand","embeddable":true,"href":"https:\/\/www.moskito.cz\/pl\/wp-json\/wp\/v2\/product_brand?post=343648"},{"taxonomy":"product_cat","embeddable":true,"href":"https:\/\/www.moskito.cz\/pl\/wp-json\/wp\/v2\/product_cat?post=343648"},{"taxonomy":"product_tag","embeddable":true,"href":"https:\/\/www.moskito.cz\/pl\/wp-json\/wp\/v2\/product_tag?post=343648"}],"curies":[{"name":"wp","href":"https:\/\/api.w.org\/{rel}","templated":true}]}}