{"id":343659,"date":"2021-07-22T07:39:18","date_gmt":"2021-07-22T06:39:18","guid":{"rendered":"https:\/\/www.moskito.cz\/produkt\/push-dagger-cold-steel-safe-maker-i\/"},"modified":"2025-05-07T11:16:42","modified_gmt":"2025-05-07T10:16:42","slug":"push-dagger-cold-steel-safe-maker-i","status":"publish","type":"product","link":"https:\/\/www.moskito.cz\/pl\/produkt\/push-dagger-cold-steel-safe-maker-i\/","title":{"rendered":"Push Dagger Cold Steel SAFE MAKER I"},"content":{"rendered":"<p>Push Dagger <strong>Cold Steel<\/strong> SAFE MAKER I.<\/p>\n<p>Cold Steel produkuje no\u017ce pchane od ponad \u0107wier\u0107 wieku. Przez lata stale udoskonalali\u015bmy nasze projekty, eliminuj\u0105c niekt\u00f3re funkcje i ulepszaj\u0105c inne. Nieustannie d\u0105\u017cymy do wyprodukowania najlepszego no\u017ca pchaj\u0105cego na \u015bwiecie. Nasza oferta Safe Maker stanowi kulminacj\u0119 naszej nauki, do\u015bwiadczenia, testowania i rozwoju. Ostrza, trzonki i zaciski w kszta\u0142cie litery T s\u0105 obrabiane z jednego solidnego kawa\u0142ka japo\u0144skiej stali nierdzewnej AUS8A z kamiennym wyko\u0144czeniem, a nast\u0119pnie poddawane pr\u00f3\u017cniowej obr\u00f3bce cieplnej i utwardzaniu w temperaturze poni\u017cej zera w celu zwi\u0119kszenia wytrzyma\u0142o\u015bci i wydajno\u015bci. Formowany uchwyt Kray-Ex otacza jarzmo i cz\u0119\u015b\u0107 trzonka, zapewniaj\u0105c wi\u0119kszy komfort i bezpiecze\u0144stwo. Dost\u0119pne w dw\u00f3ch rozmiarach; Ka\u017cdy Safe Maker zawiera \u0142atwy do zakrycia i wytrzyma\u0142y pasek\/kabur\u0119 Secure-Ex.<\/p>\n<p>D\u0142ugo\u015b\u0107 ca\u0142kowita: 163 mm<br \/>\nGrubo\u015b\u0107 ostrza: 5 mm<br \/>\nOstrze wykonano ze stali AUS-8A<br \/>\nD\u0142ugo\u015b\u0107 ostrza: 115 mm<br \/>\nWaga: 96 g<br \/>\nr\u0119koje\u015b\u0107 wykonana z materia\u0142u Kraton<br \/>\netui jest w zestawie<\/p>\n<p><strong>Cold Steel<\/strong> to firma zajmuj\u0105ca si\u0119 produkcj\u0105 najmocniejszych i najostrzejszych no\u017cy na \u015bwiecie. W ci\u0105gu ostatnich trzydziestu lat firma Cold Steel sta\u0142a na czele wielu innowacji, kt\u00f3re pomog\u0142y zdefiniowa\u0107 bran\u017c\u0119 no\u017cy. Kolejne sukcesy, w tym wprowadzenie r\u0119koje\u015bci w kratk\u0119 Kraton\u00ae i ostrzy typu tanto, przekszta\u0142ci\u0142y si\u0119 z ciekawostek w przemys\u0142owe znaki rozpoznawcze jako\u015bci i wyrafinowania. Nowy kierunek zosta\u0142 r\u00f3wnie\u017c prze\u0142amany wraz z wprowadzeniem nowych, unikalnych ostrzy stalowych, takich jak San Mai III\u00ae oraz Tri-Ad\u2122 Lock &amp; Lock &amp; Lock do no\u017cy sk\u0142adanych. Na przyk\u0142ad zamek Tri-Ad \u2122 Lock nigdy nie by\u0142 por\u00f3wnywany przez \u017cadnego z konkurent\u00f3w Cold Steel i nie udowodniono, \u017ce przewy\u017csza wszystko, co do tej pory wyprodukowali. Oczywi\u015bcie Cold Steel zawsze b\u0119dzie patrze\u0107 w przysz\u0142o\u015b\u0107 i nieustannie d\u0105\u017cy\u0107 do produkcji najmocniejszych i najostrzejszych no\u017cy na \u015bwiecie. Cel ten, r\u00f3wnie nieuchwytny i trudny do osi\u0105gni\u0119cia, jest ten sam od czterdziestu lat. Firma Cold Steel Inc. to firma skupiaj\u0105ca si\u0119 na produkcji najmocniejszych i najostrzejszych no\u017cy, mieczy, tomahawk\u00f3w, maczet, sztu\u0107c\u00f3w oraz narz\u0119dzi codziennego u\u017cytku: EDC. Szybko przyj\u0119ty przez wojsko, si\u0142y specjalne organ\u00f3w \u015bcigania, osoby udzielaj\u0105ce pomocy w sytuacjach kryzysowych, specjalist\u00f3w samoobrony i cz\u0142onk\u00f3w spo\u0142eczno\u015bci sztuk walki, Cold Steel szybko zyska\u0142 s\u0142aw\u0119 dzi\u0119ki jako\u015bci, wytrzyma\u0142o\u015bci, niezawodno\u015bci i niezawodno\u015bci w codziennym noszeniu (EDC). . Nasza r\u00f3\u017cnorodna i zr\u00f3\u017cnicowana oferta szybko powi\u0119kszy\u0142a si\u0119 i obejmowa\u0142a nie tylko ogromny wyb\u00f3r no\u017cy sk\u0142adanych (od mniejszych ostrzy \u201eEDC\u201d po nasze kultowe, gigantyczne \u201emegafoldery\u201d), ale tak\u017ce sta\u0142e ostrza, miecze, szable, laski i halabardy, jak r\u00f3wnie\u017c a tak\u017ce artyku\u0142y my\u015bliwskie, w\u0142\u00f3cznie, karabiny, topory, maczety, tomahawki i narz\u0119dzia! Przez dziesi\u0119ciolecia firma Cold Steel wprowadza\u0142a nowe, pionierskie materia\u0142y i projekty, kt\u00f3re pomog\u0142y ukszta\u0142towa\u0107 \u015bwiat nowoczesnych no\u017cy, ostrej broni i narz\u0119dzi. Od wprowadzenia r\u0119koje\u015bci w kratk\u0119 Kraton\u00ae i \u201ezamerykanizowanego\u201d ostrza Tanto, po wprowadzenie nowych, innowacyjnych stali ostrzy, takich jak San Mai III\u00ae i prze\u0142omowych mechanizm\u00f3w blokuj\u0105cych (takich jak nasz zamek Tri-Ad \u2122). Patrz\u0105c w przysz\u0142o\u015b\u0107, Cold Steel w dalszym ci\u0105gu wprowadza na rynek nowy poziom wytrzyma\u0142o\u015bci, bezpiecze\u0144stwa i wydajno\u015bci, dostarczaj\u0105c sprawdzone produkty, na kt\u00f3rych mo\u017cna polega\u0107 \u2013 zawsze i wsz\u0119dzie!<\/p>\n<p>Cold Steel produkuje no\u017ce pchane od ponad \u0107wier\u0107 wieku. Przez lata stale udoskonalali\u015bmy nasze projekty, odrzucaj\u0105c niekt\u00f3re funkcje i ulepszaj\u0105c inne. Nieustannie d\u0105\u017cymy do wyprodukowania najlepszego no\u017ca pchaj\u0105cego na \u015bwiecie. Nasza seria Safe Maker stanowi szczyt naszej nauki, do\u015bwiadczenia, testowania i rozwoju. Ostrza, trzonki i trzpienie w kszta\u0142cie litery \u201eT\u201d s\u0105 wykonane z jednego solidnego kawa\u0142ka japo\u0144skiej stali nierdzewnej AUS8A z wyko\u0144czeniem typu stone wash, a nast\u0119pnie poddane obr\u00f3bce pr\u00f3\u017cniowej i hartowaniu w temperaturze poni\u017cej zera w celu zwi\u0119kszenia wytrzyma\u0142o\u015bci i wydajno\u015bci. Teksturowana r\u0119koje\u015b\u0107 Kray-Ex otacza trzpie\u0144 i cz\u0119\u015b\u0107 trzonka, zapewniaj\u0105c wi\u0119kszy komfort i bezpiecze\u0144stwo. Dost\u0119pne w dw\u00f3ch rozmiarach; ka\u017cdy Safe Maker zawiera \u0142atw\u0105 do ukrycia i solidn\u0105 os\u0142on\u0119 na buty\/pasek Secure-Ex.<br \/>\nWaga: 3,4 uncji Grubo\u015b\u0107 ostrza: 5 mm D\u0142ugo\u015b\u0107 ostrza: 4-1\/2&#8243; Stal ostrza: japo\u0144ski AUS8A z wyko\u0144czeniem Stonewashed D\u0142ugo\u015b\u0107\/materia\u0142 r\u0119koje\u015bci: 2&#8243; Kray-Ex\u00ae D\u0142ugo\u015b\u0107 ca\u0142kowita: 6-1\/2&#8243; Dodatkowe funkcje: Bezpieczne Typ no\u017ca z os\u0142on\u0105 Ex\u00ae: Sta\u0142e ostrze Zakres d\u0142ugo\u015bci: 3-5 cali Stal Rodzina: AUS Kszta\u0142t ostrza: Szpic w\u0142\u00f3czni<\/p>\n<p>&nbsp;<\/p>\n","protected":false},"excerpt":{"rendered":"<p>Cold Steel Safe Maker I sztylet pchany lub inny n\u00f3\u017c pi\u0119\u015bciowy o ostrzu wielko\u015bci 114 mm z pochw\u0105 do ukrytego noszenia.<\/p>\n","protected":false},"featured_media":343660,"comment_status":"open","ping_status":"closed","template":"","meta":[],"pwb-brand":[3596],"product_brand":[],"product_cat":[3297,3296],"product_tag":[],"class_list":{"0":"post-343659","1":"product","2":"type-product","3":"status-publish","4":"has-post-thumbnail","6":"pwb-brand-zimna-stal","7":"product_cat-solidne-noze","8":"product_cat-noze-pl","10":"first","11":"instock","12":"taxable","13":"shipping-taxable","14":"purchasable","15":"product-type-simple"},"brands":[{"id":3596,"name":"Zimna stal","slug":"zimna-stal"}],"_links":{"self":[{"href":"https:\/\/www.moskito.cz\/pl\/wp-json\/wp\/v2\/product\/343659","targetHints":{"allow":["GET"]}}],"collection":[{"href":"https:\/\/www.moskito.cz\/pl\/wp-json\/wp\/v2\/product"}],"about":[{"href":"https:\/\/www.moskito.cz\/pl\/wp-json\/wp\/v2\/types\/product"}],"replies":[{"embeddable":true,"href":"https:\/\/www.moskito.cz\/pl\/wp-json\/wp\/v2\/comments?post=343659"}],"wp:featuredmedia":[{"embeddable":true,"href":"https:\/\/www.moskito.cz\/pl\/wp-json\/wp\/v2\/media\/343660"}],"wp:attachment":[{"href":"https:\/\/www.moskito.cz\/pl\/wp-json\/wp\/v2\/media?parent=343659"}],"wp:term":[{"taxonomy":"pwb-brand","embeddable":true,"href":"https:\/\/www.moskito.cz\/pl\/wp-json\/wp\/v2\/pwb-brand?post=343659"},{"taxonomy":"product_brand","embeddable":true,"href":"https:\/\/www.moskito.cz\/pl\/wp-json\/wp\/v2\/product_brand?post=343659"},{"taxonomy":"product_cat","embeddable":true,"href":"https:\/\/www.moskito.cz\/pl\/wp-json\/wp\/v2\/product_cat?post=343659"},{"taxonomy":"product_tag","embeddable":true,"href":"https:\/\/www.moskito.cz\/pl\/wp-json\/wp\/v2\/product_tag?post=343659"}],"curies":[{"name":"wp","href":"https:\/\/api.w.org\/{rel}","templated":true}]}}