{"id":343668,"date":"2021-07-22T09:05:16","date_gmt":"2021-07-22T08:05:16","guid":{"rendered":"https:\/\/www.moskito.cz\/produkt\/noz-skladany-cold-steel-duzy-luzon\/"},"modified":"2024-06-12T10:37:31","modified_gmt":"2024-06-12T09:37:31","slug":"noz-skladany-cold-steel-duzy-luzon","status":"publish","type":"product","link":"https:\/\/www.moskito.cz\/pl\/produkt\/noz-skladany-cold-steel-duzy-luzon\/","title":{"rendered":"N\u00f3\u017c sk\u0142adany Cold Steel DU\u017bY LUZON"},"content":{"rendered":"<p>N\u00f3\u017c zamykany <strong>Cold Steel<\/strong> DU\u017bY LUZON.<\/p>\n<p>Zainspirowane kilkoma balisongami z kolekcji Lynns, ale dzia\u0142aj\u0105ce jako flipper, Luzony s\u0105 politycznie poprawn\u0105 alternatyw\u0105 dla tych, kt\u00f3rzy nie mog\u0105 legalnie posiada\u0107 balisong\u00f3w. Wykonane ze stali nierdzewnej 8Cr13MoV i fachowo hartowane do stopnia 57-58 Rockwella, ostrza Luzons maj\u0105 ostre, mocne ko\u0144c\u00f3wki i wystarczaj\u0105c\u0105 ilo\u015b\u0107 ostrza, aby by\u0142y r\u00f3wnie przydatne do ci\u0119cia i siekania. Kiedy ju\u017c natkniesz si\u0119 na uchwyty inspirowane bambusem, b\u0119dziesz \u015bni\u0142 o Filipinach z wkl\u0119s\u0142ymi segmentami oferuj\u0105cymi niezliczone opcje wygodnego chwytu. R\u0119koje\u015bci Luzons wykonane s\u0105 ze szklanego nylonu (GFN) i s\u0105 odporne na wszelkie elementy.<\/p>\n<p>\u0141adne i niedrogie, a wiatr otwieraj\u0105, Luzons s\u0105 doskona\u0142ym wyborem dla tych, kt\u00f3rzy chc\u0105 zaszkodzi\u0107. Oferuj\u0105c niezr\u00f3wnany poziom bezpiecze\u0144stwa, s\u0105 wyposa\u017cone w solidn\u0105 spr\u0119\u017cyn\u0119 pi\u00f3row\u0105 i (opatentowany) dodatkowy mechanizm zabezpieczaj\u0105cy, kt\u00f3ry jest wyj\u0105tkowo odporny na uderzenia po w\u0142\u0105czeniu. Twoje palce b\u0119d\u0105 bezpieczne nawet w najgorszych warunkach. Dost\u0119pne w dw\u00f3ch rozmiarach.<\/p>\n<p>Materia\u0142 ostrza: 8cr13mov<br \/>\nMateria\u0142 r\u0119koje\u015bci: GFN<br \/>\nD\u0142ugo\u015b\u0107 ostrza: 15,2 cm<br \/>\nD\u0142ugo\u015b\u0107 ca\u0142kowita: 34 cm<br \/>\nD\u0142ugo\u015b\u0107 r\u0105czki: 18,8 cm<br \/>\nGrubo\u015b\u0107 ostrza: 3,5 mm<br \/>\nWaga: 263 g<br \/>\nObr\u00f3bka powierzchni ostrza: Satyna<\/p>\n<p>Cold Steel to firma zajmuj\u0105ca si\u0119 produkcj\u0105 najmocniejszych i najostrzejszych no\u017cy na \u015bwiecie. W ci\u0105gu ostatnich trzydziestu lat firma Cold Steel sta\u0142a na czele wielu innowacji, kt\u00f3re pomog\u0142y zdefiniowa\u0107 bran\u017c\u0119 no\u017cy. Kolejne sukcesy, w tym wprowadzenie r\u0119koje\u015bci w kratk\u0119 Kraton\u00ae i ostrzy typu tanto, przekszta\u0142ci\u0142y si\u0119 z ciekawostek w przemys\u0142owe znaki rozpoznawcze jako\u015bci i wyrafinowania. Nowy kierunek zosta\u0142 r\u00f3wnie\u017c prze\u0142amany wraz z wprowadzeniem nowych, unikalnych ostrzy stalowych, takich jak San Mai III\u00ae oraz Tri-Ad\u2122 Lock &amp; Lock &amp; Lock do no\u017cy sk\u0142adanych. Na przyk\u0142ad zamek Tri-Ad \u2122 Lock nigdy nie by\u0142 por\u00f3wnywany przez \u017cadnego z konkurent\u00f3w Cold Steel i nie udowodniono, \u017ce przewy\u017csza wszystko, co do tej pory wyprodukowali. Oczywi\u015bcie Cold Steel zawsze b\u0119dzie patrze\u0107 w przysz\u0142o\u015b\u0107 i nieustannie d\u0105\u017cy\u0107 do produkcji najmocniejszych i najostrzejszych no\u017cy na \u015bwiecie. Cel ten, r\u00f3wnie nieuchwytny i trudny do osi\u0105gni\u0119cia, jest ten sam od czterdziestu lat. Firma Cold Steel Inc. to firma skupiaj\u0105ca si\u0119 na produkcji najmocniejszych i najostrzejszych no\u017cy, mieczy, tomahawk\u00f3w, maczet, sztu\u0107c\u00f3w oraz narz\u0119dzi codziennego u\u017cytku: EDC. Szybko przyj\u0119ty przez wojsko, si\u0142y specjalne organ\u00f3w \u015bcigania, osoby udzielaj\u0105ce pomocy w sytuacjach kryzysowych, specjalist\u00f3w samoobrony i cz\u0142onk\u00f3w spo\u0142eczno\u015bci sztuk walki, Cold Steel szybko zyska\u0142 s\u0142aw\u0119 dzi\u0119ki jako\u015bci, wytrzyma\u0142o\u015bci, niezawodno\u015bci i niezawodno\u015bci w codziennym noszeniu (EDC). . Nasza r\u00f3\u017cnorodna i zr\u00f3\u017cnicowana oferta szybko powi\u0119kszy\u0142a si\u0119 i obejmowa\u0142a nie tylko ogromny wyb\u00f3r no\u017cy sk\u0142adanych (od mniejszych ostrzy \u201eEDC\u201d po nasze kultowe, gigantyczne \u201emegafoldery\u201d), ale tak\u017ce sta\u0142e ostrza, miecze, szable, laski i halabardy, jak r\u00f3wnie\u017c a tak\u017ce artyku\u0142y my\u015bliwskie, w\u0142\u00f3cznie, karabiny, topory, maczety, tomahawki i narz\u0119dzia! Przez dziesi\u0119ciolecia firma Cold Steel wprowadza\u0142a nowe, pionierskie materia\u0142y i projekty, kt\u00f3re pomog\u0142y ukszta\u0142towa\u0107 \u015bwiat nowoczesnych no\u017cy, ostrej broni i narz\u0119dzi. Od wprowadzenia r\u0119koje\u015bci w kratk\u0119 Kraton\u00ae i \u201ezamerykanizowanego\u201d ostrza Tanto, po wprowadzenie nowych, innowacyjnych stali ostrzy, takich jak San Mai III\u00ae i prze\u0142omowych mechanizm\u00f3w blokuj\u0105cych (takich jak nasz zamek Tri-Ad \u2122). Patrz\u0105c w przysz\u0142o\u015b\u0107, Cold Steel w dalszym ci\u0105gu wprowadza na rynek nowy poziom wytrzyma\u0142o\u015bci, bezpiecze\u0144stwa i wydajno\u015bci, dostarczaj\u0105c sprawdzone produkty, na kt\u00f3rych mo\u017cna polega\u0107 \u2013 zawsze i wsz\u0119dzie!<\/p>\n","protected":false},"excerpt":{"rendered":"<p><strong>Luzon (Large) firmy COLD STEEL to wi\u0119kszy n\u00f3\u017c sk\u0142adany z g\u0142adkim ostrzem. Kszta\u0142t ostrza no\u017ca inspirowany jest filipi\u0144skimi balisongami.<\/strong><\/p>\n","protected":false},"featured_media":343669,"comment_status":"open","ping_status":"closed","template":"","meta":[],"pwb-brand":[3596],"product_brand":[],"product_cat":[3307,3296],"product_tag":[],"class_list":{"0":"post-343668","1":"product","2":"type-product","3":"status-publish","4":"has-post-thumbnail","6":"pwb-brand-zimna-stal","7":"product_cat-zamykanie-nozy","8":"product_cat-noze-pl","10":"first","11":"instock","12":"taxable","13":"shipping-taxable","14":"purchasable","15":"product-type-simple"},"brands":[{"id":3596,"name":"Zimna stal","slug":"zimna-stal"}],"_links":{"self":[{"href":"https:\/\/www.moskito.cz\/pl\/wp-json\/wp\/v2\/product\/343668","targetHints":{"allow":["GET"]}}],"collection":[{"href":"https:\/\/www.moskito.cz\/pl\/wp-json\/wp\/v2\/product"}],"about":[{"href":"https:\/\/www.moskito.cz\/pl\/wp-json\/wp\/v2\/types\/product"}],"replies":[{"embeddable":true,"href":"https:\/\/www.moskito.cz\/pl\/wp-json\/wp\/v2\/comments?post=343668"}],"wp:featuredmedia":[{"embeddable":true,"href":"https:\/\/www.moskito.cz\/pl\/wp-json\/wp\/v2\/media\/343669"}],"wp:attachment":[{"href":"https:\/\/www.moskito.cz\/pl\/wp-json\/wp\/v2\/media?parent=343668"}],"wp:term":[{"taxonomy":"pwb-brand","embeddable":true,"href":"https:\/\/www.moskito.cz\/pl\/wp-json\/wp\/v2\/pwb-brand?post=343668"},{"taxonomy":"product_brand","embeddable":true,"href":"https:\/\/www.moskito.cz\/pl\/wp-json\/wp\/v2\/product_brand?post=343668"},{"taxonomy":"product_cat","embeddable":true,"href":"https:\/\/www.moskito.cz\/pl\/wp-json\/wp\/v2\/product_cat?post=343668"},{"taxonomy":"product_tag","embeddable":true,"href":"https:\/\/www.moskito.cz\/pl\/wp-json\/wp\/v2\/product_tag?post=343668"}],"curies":[{"name":"wp","href":"https:\/\/api.w.org\/{rel}","templated":true}]}}