{"id":343692,"date":"2022-11-01T17:03:49","date_gmt":"2022-11-01T16:03:49","guid":{"rendered":"https:\/\/www.moskito.cz\/produkt\/noz-cold-steel-outdoorsman-lite-ze-stalym-ostrzem\/"},"modified":"2025-05-07T11:16:45","modified_gmt":"2025-05-07T10:16:45","slug":"noz-cold-steel-outdoorsman-lite-ze-stalym-ostrzem","status":"publish","type":"product","link":"https:\/\/www.moskito.cz\/pl\/produkt\/noz-cold-steel-outdoorsman-lite-ze-stalym-ostrzem\/","title":{"rendered":"N\u00f3\u017c Cold Steel Outdoorsman Lite ze sta\u0142ym ostrzem"},"content":{"rendered":"<p>N\u00f3\u017c <strong>Cold Steel<\/strong> Outdoorsman Lite ze sta\u0142ym ostrzem.<\/p>\n<p>Outdoorsman Lite to solidny n\u00f3\u017c o g\u0142adkiej kraw\u0119dzi. Ostrze wykonano ze stali nierdzewnej 4034. Ta stal nierdzewna ma w\u0142a\u015bciwo\u015bci por\u00f3wnywalne z AUS 8A lub 440C. Stosowany jest g\u0142\u00f3wnie w przemy\u015ble medycznym, farmaceutycznym oraz do produkcji narz\u0119dzi kuchennych. Outdoorsman Lite ma uchwyt z dw\u00f3ch materia\u0142\u00f3w. Zasadnicz\u0105 cz\u0119\u015b\u0107 r\u0119koje\u015bci stanowi wysokowytrzyma\u0142y polipropylen, kt\u00f3ry nadaje no\u017cowi kszta\u0142t i doskona\u0142e w\u0142a\u015bciwo\u015bci wytrzyma\u0142o\u015bciowe, a powierzchnia pokryta jest mi\u0119kkim i elastycznym syntetycznym polimerem oznaczonym Kray-Ex, dzi\u0119ki czemu r\u0119koje\u015b\u0107 si\u0119 nie \u015blizga. Mo\u017cna go wyczy\u015bci\u0107 po prostu wod\u0105 z myd\u0142em. Do no\u017ca do\u0142\u0105czona jest pochwa Secure-Ex\u00ae.<\/p>\n<p>PARAMETRY PRODUKTU<br \/>\nD\u0142ugo\u015b\u0107 ostrza: 152 mm<br \/>\nRozmiar ca\u0142kowity: 279 mm<br \/>\nKolor: czarny\/srebrny<br \/>\nGrubo\u015b\u0107 ostrza: 3 mm<br \/>\nD\u0142ugo\u015b\u0107 r\u0105czki: 127 mm<br \/>\nMateria\u0142 r\u0119koje\u015bci: polipropylen wysokoudarowy i Kray-Ex\u2122<br \/>\nStal: 4034SS<br \/>\nWaga: 182 g<\/p>\n<p>&nbsp;<\/p>\n","protected":false},"excerpt":{"rendered":"<p>Outdoorsman Lite firmy Cold Steel to prosty, ale bardzo skuteczny, solidny n\u00f3\u017c, przeznaczony do u\u017cytku w plenerze, na biwaku, w\u0119dkarstwie lub innych aktywno\u015bciach na \u015bwie\u017cym powietrzu.<\/p>\n","protected":false},"featured_media":343693,"comment_status":"open","ping_status":"closed","template":"","meta":[],"pwb-brand":[3596],"product_brand":[],"product_cat":[3297,3296],"product_tag":[],"class_list":{"0":"post-343692","1":"product","2":"type-product","3":"status-publish","4":"has-post-thumbnail","6":"pwb-brand-zimna-stal","7":"product_cat-solidne-noze","8":"product_cat-noze-pl","10":"first","11":"instock","12":"taxable","13":"shipping-taxable","14":"purchasable","15":"product-type-simple"},"brands":[{"id":3596,"name":"Zimna stal","slug":"zimna-stal"}],"_links":{"self":[{"href":"https:\/\/www.moskito.cz\/pl\/wp-json\/wp\/v2\/product\/343692","targetHints":{"allow":["GET"]}}],"collection":[{"href":"https:\/\/www.moskito.cz\/pl\/wp-json\/wp\/v2\/product"}],"about":[{"href":"https:\/\/www.moskito.cz\/pl\/wp-json\/wp\/v2\/types\/product"}],"replies":[{"embeddable":true,"href":"https:\/\/www.moskito.cz\/pl\/wp-json\/wp\/v2\/comments?post=343692"}],"wp:featuredmedia":[{"embeddable":true,"href":"https:\/\/www.moskito.cz\/pl\/wp-json\/wp\/v2\/media\/343693"}],"wp:attachment":[{"href":"https:\/\/www.moskito.cz\/pl\/wp-json\/wp\/v2\/media?parent=343692"}],"wp:term":[{"taxonomy":"pwb-brand","embeddable":true,"href":"https:\/\/www.moskito.cz\/pl\/wp-json\/wp\/v2\/pwb-brand?post=343692"},{"taxonomy":"product_brand","embeddable":true,"href":"https:\/\/www.moskito.cz\/pl\/wp-json\/wp\/v2\/product_brand?post=343692"},{"taxonomy":"product_cat","embeddable":true,"href":"https:\/\/www.moskito.cz\/pl\/wp-json\/wp\/v2\/product_cat?post=343692"},{"taxonomy":"product_tag","embeddable":true,"href":"https:\/\/www.moskito.cz\/pl\/wp-json\/wp\/v2\/product_tag?post=343692"}],"curies":[{"name":"wp","href":"https:\/\/api.w.org\/{rel}","templated":true}]}}