{"id":343706,"date":"2022-04-21T19:41:45","date_gmt":"2022-04-21T18:41:45","guid":{"rendered":"https:\/\/www.moskito.cz\/produkt\/noz-skladany-cold-steel-crawford-model-1\/"},"modified":"2025-05-07T11:16:46","modified_gmt":"2025-05-07T10:16:46","slug":"noz-skladany-cold-steel-crawford-model-1","status":"publish","type":"product","link":"https:\/\/www.moskito.cz\/pl\/produkt\/noz-skladany-cold-steel-crawford-model-1\/","title":{"rendered":"N\u00f3\u017c sk\u0142adany Cold Steel Crawford Model 1"},"content":{"rendered":"<p>N\u00f3\u017c sk\u0142adany <strong>Cold Steel<\/strong> Crawford Model 1<\/p>\n<p>Crawford Model 1 zosta\u0142 nazwany na cze\u015b\u0107 swojego tw\u00f3rcy, ameryka\u0144skiego producenta no\u017cy Westa Crawforda. Wes Crawford zgodzi\u0142 si\u0119 i zaprojektowa\u0142 nowy \u201eFlipper\u201d dla Cold Steel. Kszta\u0142t no\u017ca nie zaprzecza sygnaturze Crawforda i kszta\u0142t bezpo\u015brednio nawi\u0105zuje do jego udanych modeli no\u017cy na zam\u00f3wienie. Szerokie ostrze z wyra\u017anym brzuchem dla wygodniejszego ci\u0119cia i wydr\u0105\u017conym szlifem wykonane zosta\u0142o z japo\u0144skiej stali oznaczonej jako 4034 Stal nierdzewna. Ta stal nierdzewna ma w\u0142a\u015bciwo\u015bci por\u00f3wnywalne z AUS 8A lub 440C. R\u0119koje\u015b\u0107 no\u017ca wykonana zosta\u0142a z materia\u0142u Zy-Ex. Wyposa\u017cony jest w podw\u00f3jny system bezpiecze\u0144stwa. G\u0142\u00f3wnym zabezpieczeniem jest linerlock, a dodatkowe zabezpieczenie przesuwne zabezpiecza n\u00f3\u017c w pozycji otwartej, dzi\u0119ki czemu linerlock nie mo\u017ce zosta\u0107 z\u0142amany.<\/p>\n<p>PARAMETRY PRODUKTU<br \/>\nWaga: 116 g<br \/>\nStal: japo\u0144ska 4034SS<br \/>\nRozmiar ca\u0142kowity: 213 mm<br \/>\nRodzaj bezpiecznika: linerlock + zamek wt\u00f3rny<br \/>\nMateria\u0142 r\u0119koje\u015bci: D\u0142ugi Zy-Ex\u2122<br \/>\nGrubo\u015b\u0107 ostrza: 3,3 mm<br \/>\nKolor: czarny\/srebrny<br \/>\nD\u0142ugo\u015b\u0107 r\u0105czki: 122 mm<br \/>\nD\u0142ugo\u015b\u0107 ostrza: 89 mm<\/p>\n","protected":false},"excerpt":{"rendered":"<div class=\"vc-commoditydetail_annotation\">\n<div class=\"annotation wysiwyg\">Crawford Model 1 to \u015bredniej wielko\u015bci n\u00f3\u017c sk\u0142adany EDC z g\u0142adkim ostrzem, otwieraniem typu flipper i blokad\u0105 linerlock + dodatkowe zabezpieczenie.<\/div>\n<\/div>\n<div class=\"vc-commoditydetail_info\">\n<div class=\"items loaded\" data-module=\"vm\/CommodityDetail_Info\"><\/div>\n<\/div>\n","protected":false},"featured_media":343707,"comment_status":"open","ping_status":"closed","template":"","meta":[],"pwb-brand":[3596],"product_brand":[],"product_cat":[3307,3296],"product_tag":[],"class_list":{"0":"post-343706","1":"product","2":"type-product","3":"status-publish","4":"has-post-thumbnail","6":"pwb-brand-zimna-stal","7":"product_cat-zamykanie-nozy","8":"product_cat-noze-pl","10":"first","11":"instock","12":"taxable","13":"shipping-taxable","14":"purchasable","15":"product-type-simple"},"brands":[{"id":3596,"name":"Zimna stal","slug":"zimna-stal"}],"_links":{"self":[{"href":"https:\/\/www.moskito.cz\/pl\/wp-json\/wp\/v2\/product\/343706","targetHints":{"allow":["GET"]}}],"collection":[{"href":"https:\/\/www.moskito.cz\/pl\/wp-json\/wp\/v2\/product"}],"about":[{"href":"https:\/\/www.moskito.cz\/pl\/wp-json\/wp\/v2\/types\/product"}],"replies":[{"embeddable":true,"href":"https:\/\/www.moskito.cz\/pl\/wp-json\/wp\/v2\/comments?post=343706"}],"wp:featuredmedia":[{"embeddable":true,"href":"https:\/\/www.moskito.cz\/pl\/wp-json\/wp\/v2\/media\/343707"}],"wp:attachment":[{"href":"https:\/\/www.moskito.cz\/pl\/wp-json\/wp\/v2\/media?parent=343706"}],"wp:term":[{"taxonomy":"pwb-brand","embeddable":true,"href":"https:\/\/www.moskito.cz\/pl\/wp-json\/wp\/v2\/pwb-brand?post=343706"},{"taxonomy":"product_brand","embeddable":true,"href":"https:\/\/www.moskito.cz\/pl\/wp-json\/wp\/v2\/product_brand?post=343706"},{"taxonomy":"product_cat","embeddable":true,"href":"https:\/\/www.moskito.cz\/pl\/wp-json\/wp\/v2\/product_cat?post=343706"},{"taxonomy":"product_tag","embeddable":true,"href":"https:\/\/www.moskito.cz\/pl\/wp-json\/wp\/v2\/product_tag?post=343706"}],"curies":[{"name":"wp","href":"https:\/\/api.w.org\/{rel}","templated":true}]}}