{"id":343716,"date":"2021-07-21T18:46:39","date_gmt":"2024-06-12T11:07:29","guid":{"rendered":"https:\/\/www.moskito.cz\/produkt\/pchajacy-sztylet-cold-steel-chaos-push-knife\/"},"modified":"2025-05-07T11:16:46","modified_gmt":"2025-05-07T10:16:46","slug":"pchajacy-sztylet-cold-steel-chaos-push-knife","status":"publish","type":"product","link":"https:\/\/www.moskito.cz\/pl\/produkt\/pchajacy-sztylet-cold-steel-chaos-push-knife\/","title":{"rendered":"Pchaj\u0105cy sztylet Cold Steel CHAOS PUSH KNIFE"},"content":{"rendered":"<p>Pchaj\u0105cy sztylet <strong>Cold Steel<\/strong> CHAOS PUSH KNIFE.<\/p>\n<p>Wreszcie n\u00f3\u017c D-guard zaprojektowany od podstaw, aby dobrze si\u0119 sprawdza\u0142 w najbardziej wymagaj\u0105cych \u015brodowiskach wojskowych i specjalnych. Wyposa\u017cony w szerokie, obosieczne ostrze, kt\u00f3re jest wyj\u0105tkowo ostre jak brzytwa, tnie, tnie i pcha jak pi\u0142a \u0142a\u0144cuchowa na sterydach. Ale to r\u0119koje\u015b\u0107 D-guard czyni j\u0105 naprawd\u0119 wyj\u0105tkow\u0105, poniewa\u017c zapewnia niespotykan\u0105 dot\u0105d ochron\u0119 d\u0142oni i palc\u00f3w. Uchwyt jest formowany wtryskowo Griv-Ex\u2122 z precyzyjnymi formami Kray-Ex\u2122, co zapewnia wygod\u0119 i odporno\u015b\u0107 na uderzenia. Umo\u017cliwia wielokierunkowe uderzenia perkusyjne za pomoc\u0105 podw\u00f3jnych kruszarki czaszek, kt\u00f3re mo\u017cna zdejmowa\u0107. Pochwa Secure-Ex\u00ae jest bardzo funkcjonalna i posiada szlufk\u0119 z Cordury, dzi\u0119ki czemu n\u00f3\u017c Chaos Push mo\u017cna zawsze nosi\u0107 przy sobie.<\/p>\n<p>Stal: SK-5 wysokow\u0119glowa<br \/>\nD\u0142ugo\u015b\u0107 ostrza: 127 mm<br \/>\nD\u0142ugo\u015b\u0107 ostrza: 203 mm<br \/>\nD\u0142ugo\u015b\u0107 r\u0105czki: 76 mm<br \/>\nGrubo\u015b\u0107 ostrza: 5 mm<br \/>\nRamka zabezpieczaj\u0105ca r\u0119koje\u015b\u0107 wykonana z aluminium 6061 o wysokiej wytrzyma\u0142o\u015bci<br \/>\nZdejmowane kolce ze stali nierdzewnej na obu ko\u0144cach r\u0119koje\u015bci<br \/>\nW zestawie znajduje si\u0119 os\u0142ona Secure-Ex wykonana z nylonu i polimeru<\/p>\n<p><strong>Cold Steel<\/strong> to firma zajmuj\u0105ca si\u0119 produkcj\u0105 najmocniejszych i najostrzejszych no\u017cy na \u015bwiecie. W ci\u0105gu ostatnich trzydziestu lat firma Cold Steel sta\u0142a na czele wielu innowacji, kt\u00f3re pomog\u0142y zdefiniowa\u0107 bran\u017c\u0119 no\u017cy. Kolejne sukcesy, w tym wprowadzenie r\u0119koje\u015bci w kratk\u0119 Kraton\u00ae i ostrzy typu tanto, przekszta\u0142ci\u0142y si\u0119 z ciekawostek w przemys\u0142owe znaki rozpoznawcze jako\u015bci i wyrafinowania. Nowy kierunek zosta\u0142 r\u00f3wnie\u017c prze\u0142amany wraz z wprowadzeniem nowych, unikalnych ostrzy stalowych, takich jak San Mai III\u00ae oraz Tri-Ad\u2122 Lock &amp; Lock &amp; Lock do no\u017cy sk\u0142adanych. Na przyk\u0142ad zamek Tri-Ad \u2122 Lock nigdy nie by\u0142 por\u00f3wnywany przez \u017cadnego z konkurent\u00f3w Cold Steel i nie udowodniono, \u017ce przewy\u017csza wszystko, co do tej pory wyprodukowali. Oczywi\u015bcie Cold Steel zawsze b\u0119dzie patrze\u0107 w przysz\u0142o\u015b\u0107 i nieustannie d\u0105\u017cy\u0107 do produkcji najmocniejszych i najostrzejszych no\u017cy na \u015bwiecie. Cel ten, r\u00f3wnie nieuchwytny i trudny do osi\u0105gni\u0119cia, jest ten sam od czterdziestu lat. Firma Cold Steel Inc. to firma skupiaj\u0105ca si\u0119 na produkcji najmocniejszych i najostrzejszych no\u017cy, mieczy, tomahawk\u00f3w, maczet, sztu\u0107c\u00f3w oraz narz\u0119dzi codziennego u\u017cytku: EDC. Szybko przyj\u0119ty przez wojsko, si\u0142y specjalne organ\u00f3w \u015bcigania, osoby udzielaj\u0105ce pomocy w sytuacjach kryzysowych, specjalist\u00f3w samoobrony i cz\u0142onk\u00f3w spo\u0142eczno\u015bci sztuk walki, Cold Steel szybko zyska\u0142 s\u0142aw\u0119 dzi\u0119ki jako\u015bci, wytrzyma\u0142o\u015bci, niezawodno\u015bci i niezawodno\u015bci w codziennym noszeniu (EDC). . Nasza r\u00f3\u017cnorodna i zr\u00f3\u017cnicowana oferta szybko powi\u0119kszy\u0142a si\u0119 i obejmowa\u0142a nie tylko ogromny wyb\u00f3r no\u017cy sk\u0142adanych (od mniejszych ostrzy \u201eEDC\u201d po nasze kultowe, gigantyczne \u201emegafoldery\u201d), ale tak\u017ce sta\u0142e ostrza, miecze, szable, laski i halabardy, jak r\u00f3wnie\u017c a tak\u017ce artyku\u0142y my\u015bliwskie, w\u0142\u00f3cznie, karabiny, topory, maczety, tomahawki i narz\u0119dzia! Przez dziesi\u0119ciolecia firma Cold Steel wprowadza\u0142a nowe, pionierskie materia\u0142y i projekty, kt\u00f3re pomog\u0142y ukszta\u0142towa\u0107 \u015bwiat nowoczesnych no\u017cy, ostrej broni i narz\u0119dzi. Od wprowadzenia r\u0119koje\u015bci w kratk\u0119 Kraton\u00ae i \u201ezamerykanizowanego\u201d ostrza Tanto, po wprowadzenie nowych, innowacyjnych stali ostrzy, takich jak San Mai III\u00ae i prze\u0142omowych mechanizm\u00f3w blokuj\u0105cych (takich jak nasz zamek Tri-Ad \u2122). Patrz\u0105c w przysz\u0142o\u015b\u0107, Cold Steel w dalszym ci\u0105gu wprowadza na rynek nowy poziom wytrzyma\u0142o\u015bci, bezpiecze\u0144stwa i wydajno\u015bci, dostarczaj\u0105c sprawdzone produkty, na kt\u00f3rych mo\u017cna polega\u0107 \u2013 zawsze i wsz\u0119dzie!<\/p>\n<p>Wreszcie n\u00f3\u017c pchany D-guard zaprojektowany od podstaw, aby dobrze si\u0119 sprawdza\u0142 w najci\u0119\u017cszych warunkach wojskowych i specjalnych. Wykonany z szerokiego, obosiecznego ostrza, wyostrzonego do brzytwy, tnie, tnie i pcha jak pi\u0142a \u0142a\u0144cuchowa na sterydach. Ale to r\u0119koje\u015b\u0107 D-guard naprawd\u0119 czyni j\u0105 wyj\u0105tkow\u0105, poniewa\u017c zapewnia niespotykan\u0105 dot\u0105d ochron\u0119 d\u0142oni i palc\u00f3w. R\u0119koje\u015b\u0107 jest formowana wtryskowo z Griv-Ex\u2122 z nak\u0142adkami Kray-Ex\u2122, co zapewnia wygod\u0119 i odporno\u015b\u0107 na wstrz\u0105sy. Umo\u017cliwia wielokierunkowe uderzenia udarowe dzi\u0119ki podw\u00f3jnym g\u0142owicom krusz\u0105cym z czaszk\u0105, kt\u00f3re mo\u017cna zdejmowa\u0107. Pochwa Secure-Ex\u00ae jest bardzo funkcjonalna i posiada szlufk\u0119 z Cordury, dzi\u0119ki czemu n\u00f3\u017c Chaos Push Knife mo\u017cna zawsze nosi\u0107 przy sobie.<br \/>\nWaga: 5 uncji Typ no\u017ca: Sta\u0142y Rodzina produkt\u00f3w: Stal Chaos Rodzina: Stale wysokow\u0119glowe<\/p>\n<p>&nbsp;<\/p>\n","protected":false},"excerpt":{"rendered":"<p>Chaos Push Knife to solidny n\u00f3\u017c z g\u0142adkim ostrzem. W no\u017cu dominuje \u0142o\u017ce w kszta\u0142cie litery \u201eD\u201d wykonane z wysokowytrzyma\u0142ego aluminium 6061.<\/p>\n","protected":false},"featured_media":343717,"comment_status":"open","ping_status":"closed","template":"","meta":[],"pwb-brand":[3596],"product_brand":[],"product_cat":[3296,3297],"product_tag":[],"class_list":{"0":"post-343716","1":"product","2":"type-product","3":"status-publish","4":"has-post-thumbnail","6":"pwb-brand-zimna-stal","7":"product_cat-noze-pl","8":"product_cat-solidne-noze","10":"first","11":"instock","12":"taxable","13":"shipping-taxable","14":"purchasable","15":"product-type-simple"},"brands":[{"id":3596,"name":"Zimna stal","slug":"zimna-stal"}],"_links":{"self":[{"href":"https:\/\/www.moskito.cz\/pl\/wp-json\/wp\/v2\/product\/343716","targetHints":{"allow":["GET"]}}],"collection":[{"href":"https:\/\/www.moskito.cz\/pl\/wp-json\/wp\/v2\/product"}],"about":[{"href":"https:\/\/www.moskito.cz\/pl\/wp-json\/wp\/v2\/types\/product"}],"replies":[{"embeddable":true,"href":"https:\/\/www.moskito.cz\/pl\/wp-json\/wp\/v2\/comments?post=343716"}],"wp:featuredmedia":[{"embeddable":true,"href":"https:\/\/www.moskito.cz\/pl\/wp-json\/wp\/v2\/media\/343717"}],"wp:attachment":[{"href":"https:\/\/www.moskito.cz\/pl\/wp-json\/wp\/v2\/media?parent=343716"}],"wp:term":[{"taxonomy":"pwb-brand","embeddable":true,"href":"https:\/\/www.moskito.cz\/pl\/wp-json\/wp\/v2\/pwb-brand?post=343716"},{"taxonomy":"product_brand","embeddable":true,"href":"https:\/\/www.moskito.cz\/pl\/wp-json\/wp\/v2\/product_brand?post=343716"},{"taxonomy":"product_cat","embeddable":true,"href":"https:\/\/www.moskito.cz\/pl\/wp-json\/wp\/v2\/product_cat?post=343716"},{"taxonomy":"product_tag","embeddable":true,"href":"https:\/\/www.moskito.cz\/pl\/wp-json\/wp\/v2\/product_tag?post=343716"}],"curies":[{"name":"wp","href":"https:\/\/api.w.org\/{rel}","templated":true}]}}