{"id":343746,"date":"2022-10-31T22:27:30","date_gmt":"2022-10-31T21:27:30","guid":{"rendered":"https:\/\/www.moskito.cz\/produkt\/noz-staly-cold-steel-double-agent-i\/"},"modified":"2025-05-07T11:16:47","modified_gmt":"2025-05-07T10:16:47","slug":"noz-staly-cold-steel-double-agent-i","status":"publish","type":"product","link":"https:\/\/www.moskito.cz\/pl\/produkt\/noz-staly-cold-steel-double-agent-i\/","title":{"rendered":"N\u00f3\u017c sta\u0142y Cold Steel DOUBLE AGENT I"},"content":{"rendered":"<p>N\u00f3\u017c sta\u0142y <strong>Cold Steel<\/strong> DOUBLE AGENT I.<\/p>\n<p>Zaprojektowane przez tw\u00f3rc\u0119 no\u017cy Zacha Whitsona, no\u017ce Cold&#8217;s Double Agent s\u0105 dost\u0119pne z ostrzem Karambit lub Clip Point. Cienki, p\u0142aski i super lekki (nieco ponad 3 uncje \u0142\u0105cznie z bezpiecznym etui!), kt\u00f3ry mo\u017cna \u0142atwo ukry\u0107 i bardzo wygodnie nosi\u0107. Jednak ich najbardziej zauwa\u017caln\u0105 i przyci\u0105gaj\u0105c\u0105 wzrok cech\u0105 jest podw\u00f3jny uchwyt pier\u015bcieniowy. Prze\u0142\u00f3\u017c palec wskazuj\u0105cy i ma\u0142y przez zintegrowane stalowe pier\u015bcienie i zaci\u015bnij pi\u0119\u015b\u0107, aby zapewni\u0107 wygodny i pewny chwyt.<\/p>\n<p>PARAMETRY PRODUKTU<br \/>\nKolor: czarny\/srebrny<br \/>\nMateria\u0142 os\u0142ony: os\u0142ona Secure-Ex\u00ae<br \/>\nStal: japo\u0144ska stal nierdzewna AUS 8A<br \/>\nRozmiar ca\u0142kowity: 193 mm<br \/>\nMateria\u0142 r\u0119koje\u015bci: D\u0142ugi z uchwytem Griv-Ex<br \/>\nGrubo\u015b\u0107 ostrza: 2,3 mm<br \/>\nWaga: 68,03 g<br \/>\nD\u0142ugo\u015b\u0107 r\u0105czki: 117 mm<\/p>\n","protected":false},"excerpt":{"rendered":"<p>Double Agent marki Cold, zaprojektowany przez tw\u00f3rc\u0119 no\u017cy na zam\u00f3wienie Zacha Whitsona.<\/p>\n","protected":false},"featured_media":343747,"comment_status":"open","ping_status":"closed","template":"","meta":[],"pwb-brand":[3596],"product_brand":[],"product_cat":[3297,3296],"product_tag":[],"class_list":{"0":"post-343746","1":"product","2":"type-product","3":"status-publish","4":"has-post-thumbnail","6":"pwb-brand-zimna-stal","7":"product_cat-solidne-noze","8":"product_cat-noze-pl","10":"first","11":"instock","12":"taxable","13":"shipping-taxable","14":"purchasable","15":"product-type-simple"},"brands":[{"id":3596,"name":"Zimna stal","slug":"zimna-stal"}],"_links":{"self":[{"href":"https:\/\/www.moskito.cz\/pl\/wp-json\/wp\/v2\/product\/343746","targetHints":{"allow":["GET"]}}],"collection":[{"href":"https:\/\/www.moskito.cz\/pl\/wp-json\/wp\/v2\/product"}],"about":[{"href":"https:\/\/www.moskito.cz\/pl\/wp-json\/wp\/v2\/types\/product"}],"replies":[{"embeddable":true,"href":"https:\/\/www.moskito.cz\/pl\/wp-json\/wp\/v2\/comments?post=343746"}],"wp:featuredmedia":[{"embeddable":true,"href":"https:\/\/www.moskito.cz\/pl\/wp-json\/wp\/v2\/media\/343747"}],"wp:attachment":[{"href":"https:\/\/www.moskito.cz\/pl\/wp-json\/wp\/v2\/media?parent=343746"}],"wp:term":[{"taxonomy":"pwb-brand","embeddable":true,"href":"https:\/\/www.moskito.cz\/pl\/wp-json\/wp\/v2\/pwb-brand?post=343746"},{"taxonomy":"product_brand","embeddable":true,"href":"https:\/\/www.moskito.cz\/pl\/wp-json\/wp\/v2\/product_brand?post=343746"},{"taxonomy":"product_cat","embeddable":true,"href":"https:\/\/www.moskito.cz\/pl\/wp-json\/wp\/v2\/product_cat?post=343746"},{"taxonomy":"product_tag","embeddable":true,"href":"https:\/\/www.moskito.cz\/pl\/wp-json\/wp\/v2\/product_tag?post=343746"}],"curies":[{"name":"wp","href":"https:\/\/api.w.org\/{rel}","templated":true}]}}