{"id":343764,"date":"2022-09-27T21:07:10","date_gmt":"2024-06-12T11:24:50","guid":{"rendered":"https:\/\/www.moskito.cz\/produkt\/noz-staly-crkt-halfachance-k920kkp\/"},"modified":"2025-05-07T11:16:48","modified_gmt":"2025-05-07T10:16:48","slug":"noz-staly-crkt-halfachance-k920kkp","status":"publish","type":"product","link":"https:\/\/www.moskito.cz\/pl\/produkt\/noz-staly-crkt-halfachance-k920kkp\/","title":{"rendered":"N\u00f3\u017c sta\u0142y CRKT HALFACHANCE K920KKP"},"content":{"rendered":"<p>N\u00f3\u017c sta\u0142y <strong>CRKT<\/strong> HALFACHANCE K920KKP.<\/p>\n<p>Dzi\u0119ki du\u017cemu ostrzu, wygodnemu uchwytowi i wzmocnionej nylonowej pochwie jest to paraang survivalowy, kt\u00f3rego mo\u017cesz u\u017cywa\u0107, gdy jeste\u015b w\u0142asn\u0105 dru\u017cyn\u0105 ratownicz\u0105.<\/p>\n<p>Halfachance\u2122 to masywne, solidne, survivalowe ostrze do parangu, zaprojektowane przez wielokrotnie nagradzanego tw\u00f3rc\u0119 no\u017cy na zam\u00f3wienie Kena Onion z Kaneohe w stanie Hawaje, aby by\u0142o trwa\u0142e, mocne i dzia\u0142a\u0142o jak w\u00f3\u0142. Mocne ostrze ze stali w\u0119glowej zosta\u0142o pokryte czarn\u0105 pow\u0142ok\u0105 proszkow\u0105, kt\u00f3ra jest trwa\u0142a w ekstremalnych warunkach. Zbudowany do ci\u0119\u017ckich zastosowa\u0144, z \u0142atwo\u015bci\u0105 zyskuje przewag\u0119 w terenie, gdy wydostaniesz si\u0119 z g\u0142\u0119bi d\u017cungli.<\/p>\n<p>Po\u0142owa sukcesu w ka\u017cdej sytuacji przetrwania polega na w\u0142asnym wyczerpaniu fizycznym. Aby temu zapobiec, podw\u00f3jnie formowany wtryskowo uchwyt zosta\u0142 ergonomicznie zaprojektowany, aby zmniejszy\u0107 zm\u0119czenie d\u0142oni i posiada wiele otwor\u00f3w na liny dla r\u00f3\u017cnych opcji chwytu. Rezultatem jest bardziej wydajne ci\u0119cie, gdy trzeba wyci\u0105\u0107 w\u0142asn\u0105 \u015bcie\u017ck\u0119. Dos\u0142ownie.<\/p>\n<p>Ten parang posiada wzmocnion\u0105 nylonow\u0105 pochw\u0119 z unikalnym systemem p\u0119tli na rzep, kt\u00f3ry mo\u017cna zmienia\u0107 w dw\u00f3ch pozycjach: wisz\u0105cej lub przyczepionej do paska. Dodatkowy wisiorek z paracordu mo\u017cna przymocowa\u0107 do pochwy w nag\u0142ych przypadkach lub przywi\u0105za\u0107 t\u0119 par\u0119 do plecaka, ci\u0119\u017car\u00f3wki lub mu\u0142a.<\/p>\n<p>Si\u0119gnij po ostrze, dzi\u0119ki kt\u00f3remu bezpiecznie dotrzesz do domu \u2013 nawet je\u015bli do przetrwania masz tylko Halfachance\u2122.<\/p>\n<p>SPECYFIKACJE<br \/>\nD\u0142ugo\u015b\u0107 ostrza 14,00&#8243; (355,60 mm)<br \/>\nOstrze proste<br \/>\nOstrze ze stali w\u0119glowej 65Mn<br \/>\nObr\u00f3bka powierzchni ostrza proszkowo<br \/>\nGrubo\u015b\u0107 ostrza 0,10 cala (2,54 mm)<br \/>\nD\u0142ugo\u015b\u0107 ca\u0142kowita 19,50 cala (495,30 mm)<br \/>\nWaga 1,28 funta (0,58 kg)<br \/>\nR\u0119koje\u015b\u0107 z nylonu wzmocnionego w\u0142\u00f3knem szklanym z gumow\u0105 pow\u0142ok\u0105<br \/>\nStyl N\u00f3\u017c ze sta\u0142ym ostrzem i pochw\u0105<br \/>\nMateria\u0142 pow\u0142oki Tkany nylon<br \/>\nMasa skorupy 6,10 uncji (172,93 g)<\/p>\n<p><iframe title=\"CRKT Halfachance Parang | by Ken Onion\" width=\"800\" height=\"450\" src=\"https:\/\/www.youtube.com\/embed\/chsRGpztVDQ?feature=oembed\" frameborder=\"0\" allow=\"accelerometer; autoplay; clipboard-write; encrypted-media; gyroscope; picture-in-picture; web-share\" referrerpolicy=\"strict-origin-when-cross-origin\" allowfullscreen><\/iframe><\/p>\n<p>&nbsp;<\/p>\n<p>&nbsp;<\/p>\n","protected":false},"excerpt":{"rendered":"<p>Zaprojektowany przez Kena Onion w Kaneohe na Hawajach.<\/p>\n","protected":false},"featured_media":343766,"comment_status":"open","ping_status":"closed","template":"","meta":[],"pwb-brand":[3458],"product_brand":[],"product_cat":[3296,3297],"product_tag":[3671],"class_list":{"0":"post-343764","1":"product","2":"type-product","3":"status-publish","4":"has-post-thumbnail","6":"pwb-brand-crkt-pl","7":"product_cat-noze-pl","8":"product_cat-solidne-noze","9":"product_tag-b2b-pl","11":"first","12":"outofstock","13":"taxable","14":"shipping-taxable","15":"purchasable","16":"product-type-simple"},"brands":[{"id":3458,"name":"CRKT","slug":"crkt-pl"}],"_links":{"self":[{"href":"https:\/\/www.moskito.cz\/pl\/wp-json\/wp\/v2\/product\/343764","targetHints":{"allow":["GET"]}}],"collection":[{"href":"https:\/\/www.moskito.cz\/pl\/wp-json\/wp\/v2\/product"}],"about":[{"href":"https:\/\/www.moskito.cz\/pl\/wp-json\/wp\/v2\/types\/product"}],"replies":[{"embeddable":true,"href":"https:\/\/www.moskito.cz\/pl\/wp-json\/wp\/v2\/comments?post=343764"}],"wp:featuredmedia":[{"embeddable":true,"href":"https:\/\/www.moskito.cz\/pl\/wp-json\/wp\/v2\/media\/343766"}],"wp:attachment":[{"href":"https:\/\/www.moskito.cz\/pl\/wp-json\/wp\/v2\/media?parent=343764"}],"wp:term":[{"taxonomy":"pwb-brand","embeddable":true,"href":"https:\/\/www.moskito.cz\/pl\/wp-json\/wp\/v2\/pwb-brand?post=343764"},{"taxonomy":"product_brand","embeddable":true,"href":"https:\/\/www.moskito.cz\/pl\/wp-json\/wp\/v2\/product_brand?post=343764"},{"taxonomy":"product_cat","embeddable":true,"href":"https:\/\/www.moskito.cz\/pl\/wp-json\/wp\/v2\/product_cat?post=343764"},{"taxonomy":"product_tag","embeddable":true,"href":"https:\/\/www.moskito.cz\/pl\/wp-json\/wp\/v2\/product_tag?post=343764"}],"curies":[{"name":"wp","href":"https:\/\/api.w.org\/{rel}","templated":true}]}}