{"id":343777,"date":"2022-10-31T21:44:05","date_gmt":"2024-06-12T11:24:58","guid":{"rendered":"https:\/\/www.moskito.cz\/produkt\/noz-skladany-cold-steel-kudu\/"},"modified":"2025-05-07T11:16:49","modified_gmt":"2025-05-07T10:16:49","slug":"noz-skladany-cold-steel-kudu","status":"publish","type":"product","link":"https:\/\/www.moskito.cz\/pl\/produkt\/noz-skladany-cold-steel-kudu\/","title":{"rendered":"N\u00f3\u017c sk\u0142adany Cold Steel KUDU"},"content":{"rendered":"<p>N\u00f3\u017c sk\u0142adany <strong>Cold Steel<\/strong> KUDU.<\/p>\n<p>Cold Steel Kudu czerpie inspiracj\u0119 z klasycznych no\u017cy sk\u0142adanych typu ring-lock z Afryki. Posiadane i noszone przez ludzi z r\u00f3\u017cnych \u015brodowisk, te wysoce funkcjonalne ostrza s\u0105 codziennym narz\u0119dziem wybieranym do niemal ka\u017cdego zadania, jakie mo\u017cna sobie wyobrazi\u0107. Przetrwa\u0142y pr\u00f3b\u0119 czasu i s\u0105 u\u017cywane nieprzerwanie od wiek\u00f3w \u2013 i nie bez powodu \u2013 dzia\u0142aj\u0105! Nasze Kudu posiada bardzo trwa\u0142e i pi\u0119knie polerowane na lustro ostrze ze stali nierdzewnej, kt\u00f3re zosta\u0142o poddane fachowej obr\u00f3bce cieplnej, aby zapewni\u0107 doskona\u0142\u0105 r\u00f3wnowag\u0119 pomi\u0119dzy zachowaniem kraw\u0119dzi a \u0142atwo\u015bci\u0105 ponownego naostrzenia. R\u0119koje\u015b\u0107 wykonana jest z wytrzyma\u0142ego Zy-Ex wzmocnionego w\u0142\u00f3knem szklanym i charakteryzuje si\u0119 atrakcyjn\u0105 faktur\u0105 drewna i wyko\u0144czeniami z polerowanego srebra. Kudu jest niezwykle lekki, wszechstronny i funkcjonalny, a przy tym dost\u0119pny na niemal ka\u017cd\u0105 kiesze\u0144.<\/p>\n<p>PARAMETRY PRODUKTU<br \/>\nStal: 5Cr15MoV<br \/>\nD\u0142ugo\u015b\u0107 ostrza: 107 mm<br \/>\nMateria\u0142 r\u0119koje\u015bci: D\u0142ugi Zy-Ex\u2122<br \/>\nGrubo\u015b\u0107 ostrza: 2 mm<br \/>\nKolor: czarny\/srebrny<br \/>\nWaga: 76 g<br \/>\nD\u0142ugo\u015b\u0107 r\u0105czki: 146 mm<br \/>\nRozmiar ca\u0142kowity: 254 mm<br \/>\nTyp bezpiecznika: bezpiecznik pier\u015bcieniowy<\/p>\n","protected":false},"excerpt":{"rendered":"<p>Cold Steel Kudu czerpie inspiracj\u0119 z klasycznych no\u017cy sk\u0142adanych typu ring-lock z Afryki.<\/p>\n","protected":false},"featured_media":343778,"comment_status":"open","ping_status":"closed","template":"","meta":[],"pwb-brand":[3596],"product_brand":[],"product_cat":[3296,3307],"product_tag":[],"class_list":{"0":"post-343777","1":"product","2":"type-product","3":"status-publish","4":"has-post-thumbnail","6":"pwb-brand-zimna-stal","7":"product_cat-noze-pl","8":"product_cat-zamykanie-nozy","10":"first","11":"instock","12":"taxable","13":"shipping-taxable","14":"purchasable","15":"product-type-simple"},"brands":[{"id":3596,"name":"Zimna stal","slug":"zimna-stal"}],"_links":{"self":[{"href":"https:\/\/www.moskito.cz\/pl\/wp-json\/wp\/v2\/product\/343777","targetHints":{"allow":["GET"]}}],"collection":[{"href":"https:\/\/www.moskito.cz\/pl\/wp-json\/wp\/v2\/product"}],"about":[{"href":"https:\/\/www.moskito.cz\/pl\/wp-json\/wp\/v2\/types\/product"}],"replies":[{"embeddable":true,"href":"https:\/\/www.moskito.cz\/pl\/wp-json\/wp\/v2\/comments?post=343777"}],"wp:featuredmedia":[{"embeddable":true,"href":"https:\/\/www.moskito.cz\/pl\/wp-json\/wp\/v2\/media\/343778"}],"wp:attachment":[{"href":"https:\/\/www.moskito.cz\/pl\/wp-json\/wp\/v2\/media?parent=343777"}],"wp:term":[{"taxonomy":"pwb-brand","embeddable":true,"href":"https:\/\/www.moskito.cz\/pl\/wp-json\/wp\/v2\/pwb-brand?post=343777"},{"taxonomy":"product_brand","embeddable":true,"href":"https:\/\/www.moskito.cz\/pl\/wp-json\/wp\/v2\/product_brand?post=343777"},{"taxonomy":"product_cat","embeddable":true,"href":"https:\/\/www.moskito.cz\/pl\/wp-json\/wp\/v2\/product_cat?post=343777"},{"taxonomy":"product_tag","embeddable":true,"href":"https:\/\/www.moskito.cz\/pl\/wp-json\/wp\/v2\/product_tag?post=343777"}],"curies":[{"name":"wp","href":"https:\/\/api.w.org\/{rel}","templated":true}]}}