{"id":343808,"date":"2022-04-17T21:36:27","date_gmt":"2022-04-17T20:36:27","guid":{"rendered":"https:\/\/www.moskito.cz\/produkt\/noz-skladany-cold-steel-sr1\/"},"modified":"2025-05-07T11:16:50","modified_gmt":"2025-05-07T10:16:50","slug":"noz-skladany-cold-steel-sr1","status":"publish","type":"product","link":"https:\/\/www.moskito.cz\/pl\/produkt\/noz-skladany-cold-steel-sr1\/","title":{"rendered":"N\u00f3\u017c sk\u0142adany Cold Steel SR1"},"content":{"rendered":"<p>N\u00f3\u017c sk\u0142adany <strong>Cold Steel<\/strong> SR1.<\/p>\n<p><strong>N\u00f3\u017c Cold Steel SRK<\/strong> (Survival Rescue Knife) jest dumnym okr\u0119tem flagowym naszej oferty od ponad 25 lat. N\u00f3\u017c wybierany przez wielu naszych braci i siostry w wojsku pozostaje standardowym ostrzem sta\u0142ym dla \u017co\u0142nierzy Navy SEALs podczas szkolenia BUDS. Nic wi\u0119c dziwnego, \u017ce kiedy zlecili\u015bmy Andrew Demko, producentowi no\u017cy na zam\u00f3wienie, opracowanie nowego, wysokiej klasy taktycznego no\u017ca sk\u0142adanego do zastosowa\u0144 wojskowych, zainspirowa\u0142 go legendarny SRK! SR1 charakteryzuje si\u0119 charakterystycznym, minimalistycznym stylem Andrewsa, bez dodatk\u00f3w i dodatk\u00f3w, a jedynie czysto funkcjonalnym, praktycznym designem. Wytrzyma\u0142e ostrze SR1 zosta\u0142o stworzone do pracy. Wykonany z ameryka\u0144skiej stali premium CPM-S35VN o grubo\u015bci 5 mm, malowany proszkowo, jest to wytrzyma\u0142y ko\u0144 poci\u0105gowy, przeznaczony do najci\u0119\u017cszych i najbardziej bezlitosnych warunk\u00f3w. Dobre ostrze wymaga dobrej r\u0119koje\u015bci, dlatego r\u0119koje\u015b\u0107 SR1 wykonana jest z najwy\u017cszej jako\u015bci G-10 ze wstawkami ze stali poddanej obr\u00f3bce cieplnej. Ze zintegrowanym otworem na smycz i szorstk\u0105 teksturowan\u0105 powierzchni\u0105 zapewniaj\u0105c\u0105 pewny chwyt nawet w zimnych i mokrych warunkach oraz fachowo ukszta\u0142towan\u0105, zapewniaj\u0105c\u0105 wygodny i pewny chwyt nawet w grubych r\u0119kawicach. Aby zwi\u0119kszy\u0107 niezawodno\u015b\u0107 i spok\u00f3j ducha, wyposa\u017cyli\u015bmy SR1 w nasz znany na ca\u0142ym \u015bwiecie mechanizm blokuj\u0105cy Tri-Ad &#8211; wielokrotnie sprawdzony, aby wytrzyma\u0107 najgorsze nadu\u017cycia, z niezr\u00f3wnan\u0105 odporno\u015bci\u0105 na uderzenia i uderzenia &#8211; co czyni ten n\u00f3\u017c idealnym wyborem dla ostrze survivalowe przeznaczone dla elity wojennej naszych narod\u00f3w! mokrych warunkach i fachowo ukszta\u0142towane, aby umo\u017cliwi\u0107 wygodny i pewny chwyt nawet w grubych r\u0119kawicach. Aby zwi\u0119kszy\u0107 niezawodno\u015b\u0107 i spok\u00f3j ducha, wyposa\u017cyli\u015bmy SR1 w nasz znany na ca\u0142ym \u015bwiecie mechanizm blokuj\u0105cy Tri-Ad &#8211; wielokrotnie sprawdzony, aby wytrzyma\u0107 najgorsze nadu\u017cycia, z niezr\u00f3wnan\u0105 odporno\u015bci\u0105 na uderzenia i uderzenia &#8211; co czyni ten n\u00f3\u017c idealnym wyborem dla ostrze survivalowe przeznaczone dla elity wojennej naszych narod\u00f3w! mokrych warunkach i fachowo ukszta\u0142towane, aby umo\u017cliwi\u0107 wygodny i pewny chwyt nawet w grubych r\u0119kawicach. Aby zwi\u0119kszy\u0107 niezawodno\u015b\u0107 i spok\u00f3j ducha, wyposa\u017cyli\u015bmy SR1 w nasz znany na ca\u0142ym \u015bwiecie mechanizm blokuj\u0105cy Tri-Ad &#8211; wielokrotnie sprawdzony, aby wytrzyma\u0107 najgorsze nadu\u017cycia, z niezr\u00f3wnan\u0105 odporno\u015bci\u0105 na uderzenia i uderzenia &#8211; co czyni ten n\u00f3\u017c idealnym wyborem dla ostrze survivalowe przeznaczone dla elity wojennej naszych narod\u00f3w!<\/p>\n<p>PARAMETRY PRODUKTU<br \/>\nD\u0142ugo\u015b\u0107 ostrza: 101 mm<br \/>\nRozmiar ca\u0142kowity: 238 mm<br \/>\nStal: CPM-S35VN<br \/>\nWaga: 198,44 g<br \/>\nGrubo\u015b\u0107 ostrza: 4,8 mm<br \/>\nRodzaj bezpiecznika: Blokada Tri-Ad<br \/>\nMateria\u0142 r\u0119koje\u015bci: d\u0142ugi zielony OD G10<br \/>\nKolor: zielony\/srebrny<br \/>\nMateria\u0142 obudowy: obur\u0119czna kiesze\u0144\/zaczep na pasek<br \/>\nD\u0142ugo\u015b\u0107 r\u0105czki: 137 mm<\/p>\n<p>Cold Steel SRK (Survival Rescue Knife) jest dumnym flagowym ostrzem w naszej ofercie od ponad 25 lat. N\u00f3\u017c wybierany przez wielu naszych braci i siostry w wojsku. Do dzi\u015b pozostaje standardowym ostrzem sta\u0142ym \u017co\u0142nierzy Navy SEALs podczas szkole\u0144 BUDS. Nic wi\u0119c dziwnego, \u017ce kiedy zlecili\u015bmy Andrew Demko, tw\u00f3rcy no\u017cy na zam\u00f3wienie, opracowanie nowego, wysokiej klasy taktycznego no\u017ca sk\u0142adanego do zastosowa\u0144 wojskowych, zainspirowa\u0142 si\u0119 on legendarnym SRK! SR1 charakteryzuje si\u0119 charakterystycznym dla Andrews minimalistycznym stylem, bez zb\u0119dnych ozdobnik\u00f3w i ozd\u00f3b, po prostu czysto funkcjonalny, rozs\u0105dny i praktyczny design. Wytrzyma\u0142e ostrze SR1 jest stworzone do pracy. Wykonany z ameryka\u0144skiej stali proszkowej CPM-S35VN o grubo\u015bci 5 mm, jest to wytrzyma\u0142y ko\u0144 roboczy, zaprojektowany do najci\u0119\u017cszych i najbardziej bezlitosnych warunk\u00f3w. Dobre ostrze wymaga dobrej r\u0119koje\u015bci, dlatego r\u0119koje\u015b\u0107 SR1 wykonana jest z najwy\u017cszej jako\u015bci G-10 z wk\u0142adkami ze stali poddanej obr\u00f3bce cieplnej. Ze zintegrowanym otworem na smycz i gruboziarnist\u0105 powierzchni\u0105 zapewniaj\u0105c\u0105 pewny chwyt nawet w zimnych i mokrych warunkach oraz fachowo wyprofilowane, aby umo\u017cliwi\u0107 wygodny i bezpieczny chwyt nawet w grubych r\u0119kawicach. Aby zwi\u0119kszy\u0107 niezawodno\u015b\u0107 i spok\u00f3j ducha, wyposa\u017cyli\u015bmy SR1 w nasz znany na ca\u0142ym \u015bwiecie mechanizm blokuj\u0105cy Tri-Ad \u2013 wielokrotnie sprawdzony, aby wytrzyma\u0107 nawet najgorsze nadu\u017cycia, z niezr\u00f3wnan\u0105 odporno\u015bci\u0105 na wstrz\u0105sy i uderzenia \u2013 co czyni ten n\u00f3\u017c idealnym wyborem dla Ostrze ratunkowe przeznaczone dla elity wojownik\u00f3w naszych narod\u00f3w!<\/p>\n<p>Waga: 7 uncji Grubo\u015b\u0107 ostrza: 4,8 mm D\u0142ugo\u015b\u0107 ostrza: 4 cale Stal ostrza: S35VN D\u0142ugo\u015b\u0107\/materia\u0142 r\u0119koje\u015bci: 5-3\/8 cali G-10 (zielony OD) D\u0142ugo\u015b\u0107 ca\u0142kowita: 9-3\/8 cali Dodatkowe funkcje: Obur\u0119czny n\u00f3\u017c kieszonkowy \/ z zaczepem na pasek Typ: Folder Zakres d\u0142ugo\u015bci ostrza: 3-5 cali Stal Rodzina: CPM Kszta\u0142t ostrza: Clip Point Rodzina produkt\u00f3w: SR1 Mechanizm blokuj\u0105cy: Blokada Tri-Ad<\/p>\n","protected":false},"excerpt":{"rendered":"<p>SR1 od <strong>COLD STEEL<\/strong> to n\u00f3\u017c sk\u0142adany z g\u0142adkim ostrzem. SR1 to wytrzyma\u0142y n\u00f3\u017c uniwersalny przeznaczony do u\u017cytku w najbardziej wymagaj\u0105cych warunkach.<\/p>\n","protected":false},"featured_media":343809,"comment_status":"open","ping_status":"closed","template":"","meta":[],"pwb-brand":[3596],"product_brand":[],"product_cat":[3307,3296],"product_tag":[],"class_list":{"0":"post-343808","1":"product","2":"type-product","3":"status-publish","4":"has-post-thumbnail","6":"pwb-brand-zimna-stal","7":"product_cat-zamykanie-nozy","8":"product_cat-noze-pl","10":"first","11":"instock","12":"taxable","13":"shipping-taxable","14":"purchasable","15":"product-type-simple"},"brands":[{"id":3596,"name":"Zimna stal","slug":"zimna-stal"}],"_links":{"self":[{"href":"https:\/\/www.moskito.cz\/pl\/wp-json\/wp\/v2\/product\/343808","targetHints":{"allow":["GET"]}}],"collection":[{"href":"https:\/\/www.moskito.cz\/pl\/wp-json\/wp\/v2\/product"}],"about":[{"href":"https:\/\/www.moskito.cz\/pl\/wp-json\/wp\/v2\/types\/product"}],"replies":[{"embeddable":true,"href":"https:\/\/www.moskito.cz\/pl\/wp-json\/wp\/v2\/comments?post=343808"}],"wp:featuredmedia":[{"embeddable":true,"href":"https:\/\/www.moskito.cz\/pl\/wp-json\/wp\/v2\/media\/343809"}],"wp:attachment":[{"href":"https:\/\/www.moskito.cz\/pl\/wp-json\/wp\/v2\/media?parent=343808"}],"wp:term":[{"taxonomy":"pwb-brand","embeddable":true,"href":"https:\/\/www.moskito.cz\/pl\/wp-json\/wp\/v2\/pwb-brand?post=343808"},{"taxonomy":"product_brand","embeddable":true,"href":"https:\/\/www.moskito.cz\/pl\/wp-json\/wp\/v2\/product_brand?post=343808"},{"taxonomy":"product_cat","embeddable":true,"href":"https:\/\/www.moskito.cz\/pl\/wp-json\/wp\/v2\/product_cat?post=343808"},{"taxonomy":"product_tag","embeddable":true,"href":"https:\/\/www.moskito.cz\/pl\/wp-json\/wp\/v2\/product_tag?post=343808"}],"curies":[{"name":"wp","href":"https:\/\/api.w.org\/{rel}","templated":true}]}}