{"id":343815,"date":"2022-11-03T22:05:11","date_gmt":"2022-11-03T21:05:11","guid":{"rendered":"https:\/\/www.moskito.cz\/produkt\/noz-skladany-cold-steel-sr1-tanto-point\/"},"modified":"2025-05-07T11:16:50","modified_gmt":"2025-05-07T10:16:50","slug":"noz-skladany-cold-steel-sr1-tanto-point","status":"publish","type":"product","link":"https:\/\/www.moskito.cz\/pl\/produkt\/noz-skladany-cold-steel-sr1-tanto-point\/","title":{"rendered":"N\u00f3\u017c sk\u0142adany Cold Steel SR1 TANTO POINT"},"content":{"rendered":"<p>N\u00f3\u017c sk\u0142adany <strong>Cold Steel<\/strong> SR1 TANTO POINT.<\/p>\n<p>N\u00f3\u017c Cold Steel SRK (Survival Rescue Knife) jest okr\u0119tem flagowym naszej oferty od ponad 25 lat. N\u00f3\u017c wybierany przez wielu \u017co\u0142nierzy, pozostaje standardowym ostrzem sta\u0142ym dla \u017co\u0142nierzy Navy SEAL podczas szkole\u0144 BUDS. Kiedy poprosili\u015bmy Andrew Demka, producenta no\u017cy na zam\u00f3wienie o opracowanie najwy\u017cszej klasy taktycznego no\u017ca sk\u0142adanego do zastosowa\u0144 wojskowych, zainspirowa\u0142 si\u0119 naszym SRK! SR1 charakteryzuje si\u0119 charakterystycznym dla Andrew minimalistycznym stylem, bez dodatk\u00f3w i dodatk\u00f3w, a jedynie czysto funkcjonalnym i praktycznym designem. SR1 i nowy SR1 Tanto s\u0105 stworzone do pracy. Obydwa s\u0105 wykonane z najwy\u017cszej jako\u015bci ameryka\u0144skiej stali proszkowej CPM-S35VN i s\u0105 wysokowydajnymi ko\u0144mi poci\u0105gowymi zaprojektowanymi do pracy w najci\u0119\u017cszych i najbardziej bezlitosnych \u015brodowiskach. Dobre ostrze wymaga dobrej r\u0119koje\u015bci, dlatego r\u0119koje\u015b\u0107 SR1 wykonana jest z najwy\u017cszej jako\u015bci G-10 ze wstawkami ze stali poddanej obr\u00f3bce cieplnej. Z szorstk\u0105, teksturowan\u0105 powierzchni\u0105 zapewniaj\u0105c\u0105 pewny chwyt nawet w zimnych i mokrych warunkach oraz fachowo ukszta\u0142towan\u0105, zapewniaj\u0105c\u0105 wygodny i pewny chwyt nawet w grubych r\u0119kawicach. Aby zwi\u0119kszy\u0107 niezawodno\u015b\u0107 i spok\u00f3j ducha, wyposa\u017cyli\u015bmy SR1 w nasz mechanizm blokuj\u0105cy Tri-Ad \u2013 sprawdzony w czasie, wytrzymuj\u0105cy najgorsze nadu\u017cycia, z niezr\u00f3wnan\u0105 odporno\u015bci\u0105 na wstrz\u0105sy i uderzenia \u2013 co czyni ten n\u00f3\u017c idealnym wyborem na ostrze survivalowe.<\/p>\n<p>PARAMETRY PRODUKTU<br \/>\nGrubo\u015b\u0107 ostrza: 4,8 mm<br \/>\nMateria\u0142 r\u0119koje\u015bci: d\u0142ugi zielony OD G11<br \/>\nRozmiar ca\u0142kowity: 238 mm<br \/>\nRodzaj zamka: Blokada Tri-Ad<br \/>\nWaga: 204 g<br \/>\nKolor: zielony\/srebrny<br \/>\nStal: CPM-S35VN<br \/>\nD\u0142ugo\u015b\u0107 ostrza: 101 mm<br \/>\nMateria\u0142 kabury: obur\u0119czna kiesze\u0144\/zaczep na pasek<br \/>\nD\u0142ugo\u015b\u0107 r\u0105czki: 137 mm<\/p>\n","protected":false},"excerpt":{"rendered":"<p><strong>SR1 Tanto od firmy COLD STEEL to n\u00f3\u017c sk\u0142adany z g\u0142adkim ostrzem.<\/strong><\/p>\n","protected":false},"featured_media":343816,"comment_status":"open","ping_status":"closed","template":"","meta":[],"pwb-brand":[3596],"product_brand":[],"product_cat":[3307,3296],"product_tag":[3671],"class_list":{"0":"post-343815","1":"product","2":"type-product","3":"status-publish","4":"has-post-thumbnail","6":"pwb-brand-zimna-stal","7":"product_cat-zamykanie-nozy","8":"product_cat-noze-pl","9":"product_tag-b2b-pl","11":"first","12":"instock","13":"taxable","14":"shipping-taxable","15":"purchasable","16":"product-type-simple"},"brands":[{"id":3596,"name":"Zimna stal","slug":"zimna-stal"}],"_links":{"self":[{"href":"https:\/\/www.moskito.cz\/pl\/wp-json\/wp\/v2\/product\/343815","targetHints":{"allow":["GET"]}}],"collection":[{"href":"https:\/\/www.moskito.cz\/pl\/wp-json\/wp\/v2\/product"}],"about":[{"href":"https:\/\/www.moskito.cz\/pl\/wp-json\/wp\/v2\/types\/product"}],"replies":[{"embeddable":true,"href":"https:\/\/www.moskito.cz\/pl\/wp-json\/wp\/v2\/comments?post=343815"}],"wp:featuredmedia":[{"embeddable":true,"href":"https:\/\/www.moskito.cz\/pl\/wp-json\/wp\/v2\/media\/343816"}],"wp:attachment":[{"href":"https:\/\/www.moskito.cz\/pl\/wp-json\/wp\/v2\/media?parent=343815"}],"wp:term":[{"taxonomy":"pwb-brand","embeddable":true,"href":"https:\/\/www.moskito.cz\/pl\/wp-json\/wp\/v2\/pwb-brand?post=343815"},{"taxonomy":"product_brand","embeddable":true,"href":"https:\/\/www.moskito.cz\/pl\/wp-json\/wp\/v2\/product_brand?post=343815"},{"taxonomy":"product_cat","embeddable":true,"href":"https:\/\/www.moskito.cz\/pl\/wp-json\/wp\/v2\/product_cat?post=343815"},{"taxonomy":"product_tag","embeddable":true,"href":"https:\/\/www.moskito.cz\/pl\/wp-json\/wp\/v2\/product_tag?post=343815"}],"curies":[{"name":"wp","href":"https:\/\/api.w.org\/{rel}","templated":true}]}}