{"id":343873,"date":"2022-04-20T21:35:46","date_gmt":"2022-04-20T20:35:46","guid":{"rendered":"https:\/\/www.moskito.cz\/produkt\/push-dagger-cold-steel-urban-edge\/"},"modified":"2025-05-07T11:16:53","modified_gmt":"2025-05-07T10:16:53","slug":"push-dagger-cold-steel-urban-edge","status":"publish","type":"product","link":"https:\/\/www.moskito.cz\/pl\/produkt\/push-dagger-cold-steel-urban-edge\/","title":{"rendered":"Push Dagger Cold Steel URBAN EDGE"},"content":{"rendered":"<p>Pchaj\u0105cy sztylet <strong>Cold Steel<\/strong> URBAN EDGE.<\/p>\n<p>Nasz Urban Edge to zaskakuj\u0105co wszechstronne i przydatne narz\u0119dzie codziennego u\u017cytku. Bezpieczny chwyt pozwala u\u017cytkownikowi otworzy\u0107 d\u0142o\u0144, zachowuj\u0105c jednocze\u015bnie pe\u0142n\u0105 kontrol\u0119 nad no\u017cem. Wielu pracownik\u00f3w Cold Steel korzysta z nich regularnie \u2013 otwieraj\u0105c pude\u0142ka, zatrzymuj\u0105c si\u0119, aby podpisa\u0107 dostaw\u0119 lub pisz\u0105c na komputerach lub tabletach \u2013 a wszystko to bez wypuszczania no\u017ca z r\u0119ki! Wystarczaj\u0105co lekki, aby mo\u017cna go by\u0142o nosi\u0107 jako smycz lub zawiesi\u0107 na breloczku do kluczy, ale nadal zapewnia wystarczaj\u0105c\u0105 si\u0142\u0119 ci\u0119cia, aby poradzi\u0107 sobie z zadaniami, kt\u00f3re by\u0142yby wyzwaniem nawet dla niekt\u00f3rych wi\u0119kszych no\u017cy. Urban Edge to tak\u017ce pot\u0119\u017cne narz\u0119dzie do samoobrony ostatniej szansy.<\/p>\n<p>PARAMETRY PRODUKTU<br \/>\nStal: japo\u0144ska stal nierdzewna AUS 8A<br \/>\nKolor: czarny\/srebrny<br \/>\nD\u0142ugo\u015b\u0107 r\u0119koje\u015bci: 38,1 mm<br \/>\nRozmiar ca\u0142kowity: 101 mm<br \/>\nMateria\u0142 r\u0119koje\u015bci: D\u0142ugi Kray-Ex\u2122<br \/>\nD\u0142ugo\u015b\u0107 ostrza: 63,5 mm<br \/>\nWaga: 53,86 g<br \/>\nGrubo\u015b\u0107 ostrza: 3 mm<br \/>\nMateria\u0142 os\u0142ony: os\u0142ona szyi Secure-Ex\u00ae<\/p>\n<p>Nasz Urban Edge to zaskakuj\u0105co wszechstronne i przydatne narz\u0119dzie codziennego u\u017cytku. Jego pewny chwyt pozwala u\u017cytkownikowi otworzy\u0107 d\u0142o\u0144, zachowuj\u0105c jednocze\u015bnie pe\u0142n\u0105 kontrol\u0119 nad no\u017cem. Wielu pracownik\u00f3w Cold Steel korzysta z nich regularnie \u2013 otwieraj\u0105c pude\u0142ka, zatrzymuj\u0105c si\u0119, aby podpisa\u0107 dostaw\u0119 lub pisz\u0105c na komputerach lub tabletach \u2013 a wszystko to bez konieczno\u015bci wypuszczania no\u017ca z r\u0119ki! wci\u0105\u017c zapewnia wystarczaj\u0105c\u0105 moc ci\u0119cia, aby poradzi\u0107 sobie z zadaniami, kt\u00f3re stanowi\u0142yby wyzwanie nawet dla niekt\u00f3rych wi\u0119kszych no\u017cy; Urban Edge to tak\u017ce pot\u0119\u017cne narz\u0119dzie do samoobrony ostatniej szansy.<br \/>\nWaga: 1,9 uncji Grubo\u015b\u0107 ostrza: 3 mm D\u0142ugo\u015b\u0107 ostrza: 2-1\/2&#8243; Stal ostrza: japo\u0144ska stal nierdzewna AUS8A D\u0142ugo\u015b\u0107 r\u0119koje\u015bci\/materia\u0142: 1-1\/2&#8243; Kray-Ex\u2122 D\u0142ugo\u015b\u0107 ca\u0142kowita: 4&#8243; Dodatkowe funkcje: Secure-Ex\u00ae Typ no\u017ca w os\u0142onie: Sta\u0142e Zakres d\u0142ugo\u015bci ostrza: 3-5 cali Stal Rodzina: AUS Kszta\u0142t ostrza: Spear Point Rodzina produkt\u00f3w: Urban Edge<\/p>\n","protected":false},"excerpt":{"rendered":"<p>Urban Edge marki COLD STEEL to sztylet pchany z dwustronnym g\u0142adkim ostrzem. Urban Edge to sztylet do EDC i codziennego przetrwania w miejskiej d\u017cungli. \u015awietnie nadaje si\u0119 do noszenia w ukryciu lub zawieszenia na szyi.<\/p>\n","protected":false},"featured_media":343874,"comment_status":"open","ping_status":"closed","template":"","meta":[],"pwb-brand":[3596],"product_brand":[],"product_cat":[3297,3296],"product_tag":[],"class_list":{"0":"post-343873","1":"product","2":"type-product","3":"status-publish","4":"has-post-thumbnail","6":"pwb-brand-zimna-stal","7":"product_cat-solidne-noze","8":"product_cat-noze-pl","10":"first","11":"instock","12":"taxable","13":"shipping-taxable","14":"purchasable","15":"product-type-simple"},"brands":[{"id":3596,"name":"Zimna stal","slug":"zimna-stal"}],"_links":{"self":[{"href":"https:\/\/www.moskito.cz\/pl\/wp-json\/wp\/v2\/product\/343873","targetHints":{"allow":["GET"]}}],"collection":[{"href":"https:\/\/www.moskito.cz\/pl\/wp-json\/wp\/v2\/product"}],"about":[{"href":"https:\/\/www.moskito.cz\/pl\/wp-json\/wp\/v2\/types\/product"}],"replies":[{"embeddable":true,"href":"https:\/\/www.moskito.cz\/pl\/wp-json\/wp\/v2\/comments?post=343873"}],"wp:featuredmedia":[{"embeddable":true,"href":"https:\/\/www.moskito.cz\/pl\/wp-json\/wp\/v2\/media\/343874"}],"wp:attachment":[{"href":"https:\/\/www.moskito.cz\/pl\/wp-json\/wp\/v2\/media?parent=343873"}],"wp:term":[{"taxonomy":"pwb-brand","embeddable":true,"href":"https:\/\/www.moskito.cz\/pl\/wp-json\/wp\/v2\/pwb-brand?post=343873"},{"taxonomy":"product_brand","embeddable":true,"href":"https:\/\/www.moskito.cz\/pl\/wp-json\/wp\/v2\/product_brand?post=343873"},{"taxonomy":"product_cat","embeddable":true,"href":"https:\/\/www.moskito.cz\/pl\/wp-json\/wp\/v2\/product_cat?post=343873"},{"taxonomy":"product_tag","embeddable":true,"href":"https:\/\/www.moskito.cz\/pl\/wp-json\/wp\/v2\/product_tag?post=343873"}],"curies":[{"name":"wp","href":"https:\/\/api.w.org\/{rel}","templated":true}]}}