{"id":343878,"date":"2020-04-30T10:20:11","date_gmt":"2024-06-12T11:49:56","guid":{"rendered":"https:\/\/www.moskito.cz\/produkt\/naprawiono-noz-cold-steel-true-flight-thrower-cs80tftc\/"},"modified":"2025-07-11T07:51:16","modified_gmt":"2025-07-11T06:51:16","slug":"naprawiono-noz-cold-steel-true-flight-thrower-cs80tftc","status":"publish","type":"product","link":"https:\/\/www.moskito.cz\/pl\/produkt\/naprawiono-noz-cold-steel-true-flight-thrower-cs80tftc\/","title":{"rendered":"Naprawiono n\u00f3\u017c Cold Steel True Flight Thrower CS80TFTC"},"content":{"rendered":"<p>Naprawiono n\u00f3\u017c Cold Steel True Flight Thrower CS80TFTC.<\/p>\n<p>Ameryka\u0144ska firma Cold Steel wywodzi si\u0119 z Ventury w Kalifornii. Marka powsta\u0142a w 1980 roku z naciskiem na produkcj\u0119 najmocniejszych i najostrzejszych no\u017cy na \u015bwiecie. W ci\u0105gu ostatnich trzydziestu lat firma Cold Steel sta\u0142a na czele wielu innowacji, kt\u00f3re pomog\u0142y zdefiniowa\u0107 n\u00f3\u017c komercyjny jako ca\u0142o\u015b\u0107. Producent utrzymuje wysok\u0105 jako\u015b\u0107 wykonania i nieustannie pracuje, aby spe\u0142ni\u0107 sw\u00f3j cel, jakim jest oferowanie najmocniejszych i najostrzejszych no\u017cy na \u015bwiecie. Bogata oferta no\u017cy taktycznych czy my\u015bliwskich zapewnia szerokie grono u\u017cytkownik\u00f3w i wiernych fan\u00f3w<\/p>\n<p>D\u0142ugo\u015b\u0107 ca\u0142kowita: 30,5 cm<br \/>\n D\u0142ugo\u015b\u0107 ostrza: 17 cm<br \/>\n Stal: 1055 w\u0119giel<br \/>\n R\u0119koje\u015b\u0107: owini\u0119ta paracordem<\/p>\n<p>&nbsp;<\/p>\n","protected":false},"excerpt":{"rendered":"<p>N\u00f3\u017c sta\u0142y z pochw\u0105.<\/p>\n","protected":false},"featured_media":168015,"comment_status":"open","ping_status":"closed","template":"","meta":[],"pwb-brand":[3596],"product_brand":[],"product_cat":[3297,3296],"product_tag":[],"class_list":{"0":"post-343878","1":"product","2":"type-product","3":"status-publish","4":"has-post-thumbnail","6":"pwb-brand-zimna-stal","7":"product_cat-solidne-noze","8":"product_cat-noze-pl","10":"first","11":"instock","12":"taxable","13":"shipping-taxable","14":"purchasable","15":"product-type-simple"},"brands":[{"id":3596,"name":"Zimna stal","slug":"zimna-stal"}],"_links":{"self":[{"href":"https:\/\/www.moskito.cz\/pl\/wp-json\/wp\/v2\/product\/343878","targetHints":{"allow":["GET"]}}],"collection":[{"href":"https:\/\/www.moskito.cz\/pl\/wp-json\/wp\/v2\/product"}],"about":[{"href":"https:\/\/www.moskito.cz\/pl\/wp-json\/wp\/v2\/types\/product"}],"replies":[{"embeddable":true,"href":"https:\/\/www.moskito.cz\/pl\/wp-json\/wp\/v2\/comments?post=343878"}],"wp:featuredmedia":[{"embeddable":true,"href":"https:\/\/www.moskito.cz\/pl\/wp-json\/wp\/v2\/media\/168015"}],"wp:attachment":[{"href":"https:\/\/www.moskito.cz\/pl\/wp-json\/wp\/v2\/media?parent=343878"}],"wp:term":[{"taxonomy":"pwb-brand","embeddable":true,"href":"https:\/\/www.moskito.cz\/pl\/wp-json\/wp\/v2\/pwb-brand?post=343878"},{"taxonomy":"product_brand","embeddable":true,"href":"https:\/\/www.moskito.cz\/pl\/wp-json\/wp\/v2\/product_brand?post=343878"},{"taxonomy":"product_cat","embeddable":true,"href":"https:\/\/www.moskito.cz\/pl\/wp-json\/wp\/v2\/product_cat?post=343878"},{"taxonomy":"product_tag","embeddable":true,"href":"https:\/\/www.moskito.cz\/pl\/wp-json\/wp\/v2\/product_tag?post=343878"}],"curies":[{"name":"wp","href":"https:\/\/api.w.org\/{rel}","templated":true}]}}