{"id":343887,"date":"2022-11-05T21:23:38","date_gmt":"2022-11-05T20:23:38","guid":{"rendered":"https:\/\/www.moskito.cz\/produkt\/solidny-noz-cold-steel-peace-maker-ii\/"},"modified":"2025-05-07T11:16:54","modified_gmt":"2025-05-07T10:16:54","slug":"solidny-noz-cold-steel-peace-maker-ii","status":"publish","type":"product","link":"https:\/\/www.moskito.cz\/pl\/produkt\/solidny-noz-cold-steel-peace-maker-ii\/","title":{"rendered":"Solidny n\u00f3\u017c Cold Steel PEACE MAKER II"},"content":{"rendered":"<p>Solidny n\u00f3\u017c <strong>Cold Steel<\/strong> PEACE MAKER II.<\/p>\n<p>Je\u015bli jeste\u015b w wojsku lub w organach \u015bcigania; je\u015bli je\u017adzisz konno lub na motocyklu; lub mieszkaj na ranczu lub farmie &#8211; wtedy Cold Steel Peace Maker jest dla Ciebie! Te wszechstronne, sta\u0142e ostrza s\u0105 przypinane do g\u00f3rnej cz\u0119\u015bci buta i zakryte nogawk\u0105, dzi\u0119ki czemu s\u0105 praktycznie niewidoczne; ponadto Tw\u00f3j n\u00f3\u017c jest zawsze pod r\u0119k\u0105, gdy go potrzebujesz. Peace Makery s\u0105 zadziwiaj\u0105co lekkie i znacznie cie\u0144sze ni\u017c wiele no\u017cy \u201etaktycznych\u201d dost\u0119pnych obecnie na rynku. Mieszanka Peace Makers &#8211; szlifowane skosy ostrza pozwalaj\u0105 na bardzo \u0142atwe ponowne naostrzenie, a ich sztywne, zw\u0119\u017cane dystalnie ko\u0144c\u00f3wki s\u0105 w stanie przebi\u0107 nawet gruby materia\u0142. Poniewa\u017c te tanie ostrza do but\u00f3w oferuj\u0105 szeroki zakres zastosowa\u0144 &#8211; u\u017cytkowe, \u0142owieckie, w\u0119dkarskie.<\/p>\n<p>PARAMETRY PRODUKTU<br \/>\nRozmiar ca\u0142kowity: 260 mm<br \/>\nKolor: czarny\/srebrny<br \/>\nWaga: 153,08 g<br \/>\nD\u0142ugo\u015b\u0107 ostrza: 139 mm<br \/>\nGrubo\u015b\u0107 ostrza: 3 mm<br \/>\nD\u0142ugo\u015b\u0107 r\u0105czki: 120 mm<br \/>\nStal: stal nierdzewna 4116 hartowana kriogenicznie<br \/>\nMateria\u0142 os\u0142ony: os\u0142ona Secure-Ex\u00ae<\/p>\n","protected":false},"excerpt":{"rendered":"<p><strong>Peace Maker II firmy Cold Steel to solidny n\u00f3\u017c do dyskretnego noszenia.<\/strong><\/p>\n","protected":false},"featured_media":343888,"comment_status":"open","ping_status":"closed","template":"","meta":[],"pwb-brand":[3596],"product_brand":[],"product_cat":[3297,3296],"product_tag":[],"class_list":{"0":"post-343887","1":"product","2":"type-product","3":"status-publish","4":"has-post-thumbnail","6":"pwb-brand-zimna-stal","7":"product_cat-solidne-noze","8":"product_cat-noze-pl","10":"first","11":"instock","12":"taxable","13":"shipping-taxable","14":"purchasable","15":"product-type-simple"},"brands":[{"id":3596,"name":"Zimna stal","slug":"zimna-stal"}],"_links":{"self":[{"href":"https:\/\/www.moskito.cz\/pl\/wp-json\/wp\/v2\/product\/343887","targetHints":{"allow":["GET"]}}],"collection":[{"href":"https:\/\/www.moskito.cz\/pl\/wp-json\/wp\/v2\/product"}],"about":[{"href":"https:\/\/www.moskito.cz\/pl\/wp-json\/wp\/v2\/types\/product"}],"replies":[{"embeddable":true,"href":"https:\/\/www.moskito.cz\/pl\/wp-json\/wp\/v2\/comments?post=343887"}],"wp:featuredmedia":[{"embeddable":true,"href":"https:\/\/www.moskito.cz\/pl\/wp-json\/wp\/v2\/media\/343888"}],"wp:attachment":[{"href":"https:\/\/www.moskito.cz\/pl\/wp-json\/wp\/v2\/media?parent=343887"}],"wp:term":[{"taxonomy":"pwb-brand","embeddable":true,"href":"https:\/\/www.moskito.cz\/pl\/wp-json\/wp\/v2\/pwb-brand?post=343887"},{"taxonomy":"product_brand","embeddable":true,"href":"https:\/\/www.moskito.cz\/pl\/wp-json\/wp\/v2\/product_brand?post=343887"},{"taxonomy":"product_cat","embeddable":true,"href":"https:\/\/www.moskito.cz\/pl\/wp-json\/wp\/v2\/product_cat?post=343887"},{"taxonomy":"product_tag","embeddable":true,"href":"https:\/\/www.moskito.cz\/pl\/wp-json\/wp\/v2\/product_tag?post=343887"}],"curies":[{"name":"wp","href":"https:\/\/api.w.org\/{rel}","templated":true}]}}