{"id":343900,"date":"2022-11-04T20:57:15","date_gmt":"2022-11-04T19:57:15","guid":{"rendered":"https:\/\/www.moskito.cz\/produkt\/noz-solidny-cold-steel-bushman\/"},"modified":"2024-06-12T13:04:01","modified_gmt":"2024-06-12T12:04:01","slug":"noz-solidny-cold-steel-bushman","status":"publish","type":"product","link":"https:\/\/www.moskito.cz\/pl\/produkt\/noz-solidny-cold-steel-bushman\/","title":{"rendered":"N\u00f3\u017c solidny Cold Steel BUSHMAN"},"content":{"rendered":"<p>N\u00f3\u017c solidny <strong>Cold Steel<\/strong> BUSHMAN.<\/p>\n<p>Za te pieni\u0105dze trudno przebi\u0107 seri\u0119 no\u017cy survivalowych Bushman! W przeciwie\u0144stwie do wi\u0119kszo\u015bci no\u017cy z wydr\u0105\u017con\u0105 r\u0119koje\u015bci\u0105, pomi\u0119dzy ostrzem a r\u0119koje\u015bci\u0105 nie ma po\u0142\u0105czenia ani szwu, zamiast tego ostrze i r\u0119koje\u015bci Bushmans s\u0105 kute na zimno z jednego kawa\u0142ka wysokow\u0119glowej stali SK-5! Powsta\u0142e w ten spos\u00f3b no\u017ce s\u0105 fachowo poddawane obr\u00f3bce cieplnej i odpuszczaniu do klasy RC54, a w naszych testach wytrzymywa\u0142y nacisk ponad dw\u00f3ch ton na styku ostrza i r\u0119koje\u015bci! Ka\u017cdy Bushman zosta\u0142 starannie wyszlifowany do bardzo cienkiej kraw\u0119dzi, a nast\u0119pnie r\u0119cznie szlifowany i polerowany do uzyskania ostrej jak brzytwa kraw\u0119dzi. W ich wydr\u0105\u017conych uchwytach mieszcz\u0105 si\u0119 artyku\u0142y ratunkowe lub r\u00f3\u017cne mocowania uchwyt\u00f3w, kt\u00f3re maksymalizuj\u0105 zasi\u0119g, d\u017awigni\u0119 i \u0142atwo\u015b\u0107 rzucania. Dost\u0119pne w dw\u00f3ch wersjach ostrzy (standardowym i ostrzem Bowiego), oba maj\u0105 zakrzywione ostrza, kt\u00f3re idealnie nadaj\u0105 si\u0119 do sk\u00f3rowania i wielu prac typu bushcraft. Obydwa s\u0105 wyposa\u017cone w kurtk\u0119 Secure-Ex zawieraj\u0105c\u0105 wysokiej jako\u015bci \u017celazocerow\u0105 stal ognioodporn\u0105.<\/p>\n<p>PARAMETRY PRODUKTU<br \/>\nMateria\u0142 os\u0142ony: Os\u0142ona Secure-Ex\u2122 ze stali ognioodpornej \u017celazocerowej<br \/>\nGrubo\u015b\u0107 ostrza: 2,5 mm<br \/>\nWaga: 277,82 g<br \/>\nRozmiar ca\u0142kowity: 311 mm<br \/>\nD\u0142ugo\u015b\u0107 r\u0105czki: 133 mm<br \/>\nD\u0142ugo\u015b\u0107 ostrza: 177 mm<br \/>\nCzarny kolor<br \/>\nMateria\u0142 r\u0119koje\u015bci: d\u0142ugi. Pusty uchwyt.<br \/>\nStal: SK-5 wysokow\u0119glowa<\/p>\n","protected":false},"excerpt":{"rendered":"<p>Bushman i Bowie Bushman to no\u017ce przeznaczone do przetrwania w ekstremalnych warunkach.<\/p>\n","protected":false},"featured_media":343901,"comment_status":"open","ping_status":"closed","template":"","meta":[],"pwb-brand":[3596],"product_brand":[],"product_cat":[3297,3296],"product_tag":[],"class_list":{"0":"post-343900","1":"product","2":"type-product","3":"status-publish","4":"has-post-thumbnail","6":"pwb-brand-zimna-stal","7":"product_cat-solidne-noze","8":"product_cat-noze-pl","10":"first","11":"instock","12":"taxable","13":"shipping-taxable","14":"purchasable","15":"product-type-simple"},"brands":[{"id":3596,"name":"Zimna stal","slug":"zimna-stal"}],"_links":{"self":[{"href":"https:\/\/www.moskito.cz\/pl\/wp-json\/wp\/v2\/product\/343900","targetHints":{"allow":["GET"]}}],"collection":[{"href":"https:\/\/www.moskito.cz\/pl\/wp-json\/wp\/v2\/product"}],"about":[{"href":"https:\/\/www.moskito.cz\/pl\/wp-json\/wp\/v2\/types\/product"}],"replies":[{"embeddable":true,"href":"https:\/\/www.moskito.cz\/pl\/wp-json\/wp\/v2\/comments?post=343900"}],"wp:featuredmedia":[{"embeddable":true,"href":"https:\/\/www.moskito.cz\/pl\/wp-json\/wp\/v2\/media\/343901"}],"wp:attachment":[{"href":"https:\/\/www.moskito.cz\/pl\/wp-json\/wp\/v2\/media?parent=343900"}],"wp:term":[{"taxonomy":"pwb-brand","embeddable":true,"href":"https:\/\/www.moskito.cz\/pl\/wp-json\/wp\/v2\/pwb-brand?post=343900"},{"taxonomy":"product_brand","embeddable":true,"href":"https:\/\/www.moskito.cz\/pl\/wp-json\/wp\/v2\/product_brand?post=343900"},{"taxonomy":"product_cat","embeddable":true,"href":"https:\/\/www.moskito.cz\/pl\/wp-json\/wp\/v2\/product_cat?post=343900"},{"taxonomy":"product_tag","embeddable":true,"href":"https:\/\/www.moskito.cz\/pl\/wp-json\/wp\/v2\/product_tag?post=343900"}],"curies":[{"name":"wp","href":"https:\/\/api.w.org\/{rel}","templated":true}]}}