{"id":343908,"date":"2022-04-17T22:02:03","date_gmt":"2024-06-12T12:05:51","guid":{"rendered":"https:\/\/www.moskito.cz\/produkt\/noz-skladany-cold-steel-silver-eye-elite-spear-point\/"},"modified":"2025-05-07T11:16:55","modified_gmt":"2025-05-07T10:16:55","slug":"noz-skladany-cold-steel-silver-eye-elite-spear-point","status":"publish","type":"product","link":"https:\/\/www.moskito.cz\/pl\/produkt\/noz-skladany-cold-steel-silver-eye-elite-spear-point\/","title":{"rendered":"N\u00f3\u017c sk\u0142adany Cold Steel SILVER EYE ELITE SPEAR POINT"},"content":{"rendered":"<p>N\u00f3\u017c sk\u0142adany <strong>Cold Steel<\/strong> SILVER EYE ELITE SPEAR POINT.<\/p>\n<p>Silver Eye to doskona\u0142y wyb\u00f3r, je\u015bli szukasz luksusowego no\u017ca do noszenia na co dzie\u0144 (EDC). Ostrze no\u017ca wykonano ze stali nierdzewnej CPM S35VN. Ostrze posiada r\u00f3wnie\u017c innowacyjny, opatentowany uchwyt HTR\u2122 zaprojektowany przez Andrew Demko. Tak ukszta\u0142towany wyst\u0119p pozwala na pewny chwyt ostrza i odpowiednie roz\u0142o\u017cenie nacisku kciuka podczas otwierania, jest przystosowany zar\u00f3wno do u\u017cytku prawo-, jak i lewor\u0119cznego. Luksusowy wygl\u0105d no\u017ca zapewnia \u201esrebrne\u201d oczko na systemie otwierania oraz polerowany \u201ez\u0142oty\u201d klips. \u015awietny n\u00f3\u017c do u\u017cytku w ko\u015bciele, na weselu lub gdziekolwiek potrzebujesz no\u017ca o du\u017cej elegancji i po\u0142ysku. \ud83d\ude42 Wyj\u0105tkowa ameryka\u0144ska stal jest nie tylko bardzo sztywna i trwa\u0142a, ale pozwala uzyska\u0107 doskona\u0142\u0105 ostro\u015b\u0107 no\u017ca, a ostrze charakteryzuje si\u0119 d\u0142ug\u0105 \u017cywotno\u015bci\u0105. Bardzo drobnoziarnista stal proszkowa o jednolitej mikrostrukturze oferuje bardzo stabilne w\u0142a\u015bciwo\u015bci. Jest trwa\u0142y nawet przy bardzo cienkiej fasetce ostrza, niezawodny i wysoce odporny na korozj\u0119. Jest to dobry wyb\u00f3r w przypadku wysokiej jako\u015bci niestandardowych no\u017cy i narz\u0119dzi. Proces CPM (pseudo-proszk\u00f3w metalurgii) gwarantuje bardzo jednorodn\u0105, \u200b\u200bwysokiej jako\u015bci struktur\u0119 stali, stabilno\u015b\u0107 wymiarow\u0105, dobr\u0105 szlifowalno\u015b\u0107 i wytrzyma\u0142o\u015b\u0107 w por\u00f3wnaniu do stali wytwarzanych klasycznymi, konwencjonalnymi metodami. Pomimo ni\u017cszej zawarto\u015bci chromu, stal ta wykazuje bardzo dobre wyniki w obszarze odporno\u015bci na korozj\u0119. R\u0119koje\u015b\u0107 wykonana zosta\u0142a z polerowanego w\u0142\u00f3kna w\u0119glowego, kt\u00f3re jest bardzo lekkie, a jednocze\u015bnie wystarczaj\u0105co mocne i trwa\u0142e. Golden Eye jest wyposa\u017cony w unikalny patent Cold Steel\u00ae Tri-Ad Lock\u2122. Blokada zapobiega automatycznemu lub niezamierzonemu zamkni\u0119ciu no\u017ca, nawet w przypadku naturalnego zu\u017cycia z biegiem czasu.<\/p>\n<p>D\u0142ugo\u015b\u0107 r\u0105czki: 124 mm<br \/>\nWaga: 113 g<br \/>\nStal: stal S35VN<br \/>\nD\u0142ugo\u015b\u0107 ostrza: 89 mm<br \/>\nRozmiar ca\u0142kowity: 213 mm<br \/>\nMateria\u0142 r\u0119koje\u015bci: d\u0142ugi uchwyt z w\u0142\u00f3kna w\u0119glowego<br \/>\nGrubo\u015b\u0107 ostrza: 3,5 mm<br \/>\nCzarny kolor<br \/>\nRodzaj bezpiecznika: Blokada Tri-Ad<br \/>\nStalowy klips kropluj\u0105cy<\/p>\n<p>&nbsp;<\/p>\n<p>&nbsp;<\/p>\n","protected":false},"excerpt":{"rendered":"<p>Golden Silver Elite to luksusowy projekt no\u017ca sk\u0142adanego, kt\u00f3ry sprawdzi si\u0119 jako dodatek do garnituru towarzyskiego lub ubioru roboczego.<\/p>\n","protected":false},"featured_media":343910,"comment_status":"open","ping_status":"closed","template":"","meta":[],"pwb-brand":[3596],"product_brand":[],"product_cat":[3296,3307],"product_tag":[],"class_list":{"0":"post-343908","1":"product","2":"type-product","3":"status-publish","4":"has-post-thumbnail","6":"pwb-brand-zimna-stal","7":"product_cat-noze-pl","8":"product_cat-zamykanie-nozy","10":"first","11":"instock","12":"taxable","13":"shipping-taxable","14":"purchasable","15":"product-type-simple"},"brands":[{"id":3596,"name":"Zimna stal","slug":"zimna-stal"}],"_links":{"self":[{"href":"https:\/\/www.moskito.cz\/pl\/wp-json\/wp\/v2\/product\/343908","targetHints":{"allow":["GET"]}}],"collection":[{"href":"https:\/\/www.moskito.cz\/pl\/wp-json\/wp\/v2\/product"}],"about":[{"href":"https:\/\/www.moskito.cz\/pl\/wp-json\/wp\/v2\/types\/product"}],"replies":[{"embeddable":true,"href":"https:\/\/www.moskito.cz\/pl\/wp-json\/wp\/v2\/comments?post=343908"}],"wp:featuredmedia":[{"embeddable":true,"href":"https:\/\/www.moskito.cz\/pl\/wp-json\/wp\/v2\/media\/343910"}],"wp:attachment":[{"href":"https:\/\/www.moskito.cz\/pl\/wp-json\/wp\/v2\/media?parent=343908"}],"wp:term":[{"taxonomy":"pwb-brand","embeddable":true,"href":"https:\/\/www.moskito.cz\/pl\/wp-json\/wp\/v2\/pwb-brand?post=343908"},{"taxonomy":"product_brand","embeddable":true,"href":"https:\/\/www.moskito.cz\/pl\/wp-json\/wp\/v2\/product_brand?post=343908"},{"taxonomy":"product_cat","embeddable":true,"href":"https:\/\/www.moskito.cz\/pl\/wp-json\/wp\/v2\/product_cat?post=343908"},{"taxonomy":"product_tag","embeddable":true,"href":"https:\/\/www.moskito.cz\/pl\/wp-json\/wp\/v2\/product_tag?post=343908"}],"curies":[{"name":"wp","href":"https:\/\/api.w.org\/{rel}","templated":true}]}}