{"id":343932,"date":"2022-11-05T11:25:33","date_gmt":"2024-06-12T12:33:40","guid":{"rendered":"https:\/\/www.moskito.cz\/produkt\/noz-skladany-cold-steel-mini-tuff-lite-plain-edge-blue\/"},"modified":"2025-05-07T11:16:57","modified_gmt":"2025-05-07T10:16:57","slug":"noz-skladany-cold-steel-mini-tuff-lite-plain-edge-blue","status":"publish","type":"product","link":"https:\/\/www.moskito.cz\/pl\/produkt\/noz-skladany-cold-steel-mini-tuff-lite-plain-edge-blue\/","title":{"rendered":"N\u00f3\u017c sk\u0142adany Cold Steel MINI TUFF LITE PLAIN EDGE BLUE"},"content":{"rendered":"<p>N\u00f3\u017c sk\u0142adany <strong>Cold Steel<\/strong> MINI TUFF LITE PLAIN EDGE BLUE.<\/p>\n<p>No\u017ce Tuff Lite firmy Cold Steel s\u0105 wystarczaj\u0105co wytrzyma\u0142e, aby je obs\u0142ugiwa\u0107 i wystarczaj\u0105co lekkie, aby by\u0107 pod r\u0119k\u0105, gdy ich potrzebujesz. Idealny rozmiar, aby zmie\u015bci\u0107 si\u0119 w ka\u017cdej kieszeni, przypi\u0105\u0107 go do talii lub nosi\u0107 na szyi na smyczy. Dzi\u0119ki szerokim, wydr\u0105\u017conym, szlifowanym ostrzom s\u0105 bezlito\u015bnie ostre i z nieoczekiwan\u0105 \u0142atwo\u015bci\u0105 przecinaj\u0105 nawet najtwardsze materia\u0142y. Ich zakrzywione ko\u0144c\u00f3wki zapewniaj\u0105 g\u0142\u0119bok\u0105 penetracj\u0119 i potencja\u0142 precyzyjnego ci\u0119cia, nie b\u0119d\u0105c jednocze\u015bnie na tyle agresywnymi, aby przyci\u0105ga\u0107 niechcian\u0105 uwag\u0119. Zar\u00f3wno wersja standardowa, jak i wersja mini s\u0105 stworzone do tego zadania i zapewniaj\u0105 zaskakuj\u0105co dobry chwyt dzi\u0119ki doskonale zaprojektowanym uchwytom Griv Ex\u2122, kt\u00f3re oferuj\u0105 niesamowity stosunek wytrzyma\u0142o\u015bci do masy i s\u0105 wyposa\u017cone w najnowocze\u015bniejszy Tri-Ad zamek, kt\u00f3ry zapewnia imponuj\u0105ce mi\u0119\u015bnie jak na sw\u00f3j rozmiar.<\/p>\n<p>PARAMETRY PRODUKTU<br \/>\nStal: japo\u0144ska 4034SS<br \/>\nWaga: 45 g<br \/>\nGrubo\u015b\u0107 ostrza: 2,5 mm<br \/>\nD\u0142ugo\u015b\u0107 ostrza: 51 mm<br \/>\nD\u0142ugo\u015b\u0107 r\u0105czki: 76 mm<br \/>\nMateria\u0142 r\u0119koje\u015bci: D\u0142ugi Griv-Ex\u2122<br \/>\nKolor: niebieski\/srebrny<br \/>\nRozmiar ca\u0142kowity: 127 mm<\/p>\n","protected":false},"excerpt":{"rendered":"<p>Cold Steel Mini Tuff Lite to ma\u0142y sk\u0142adany n\u00f3\u017c z g\u0142adk\u0105, prost\u0105 kraw\u0119dzi\u0105. Dzi\u0119ki swojemu kszta\u0142towi jest bardzo skutecznym no\u017cem roboczym.<\/p>\n","protected":false},"featured_media":343933,"comment_status":"open","ping_status":"closed","template":"","meta":[],"pwb-brand":[3596],"product_brand":[],"product_cat":[3296,3307],"product_tag":[],"class_list":{"0":"post-343932","1":"product","2":"type-product","3":"status-publish","4":"has-post-thumbnail","6":"pwb-brand-zimna-stal","7":"product_cat-noze-pl","8":"product_cat-zamykanie-nozy","10":"first","11":"outofstock","12":"taxable","13":"shipping-taxable","14":"purchasable","15":"product-type-simple"},"brands":[{"id":3596,"name":"Zimna stal","slug":"zimna-stal"}],"_links":{"self":[{"href":"https:\/\/www.moskito.cz\/pl\/wp-json\/wp\/v2\/product\/343932","targetHints":{"allow":["GET"]}}],"collection":[{"href":"https:\/\/www.moskito.cz\/pl\/wp-json\/wp\/v2\/product"}],"about":[{"href":"https:\/\/www.moskito.cz\/pl\/wp-json\/wp\/v2\/types\/product"}],"replies":[{"embeddable":true,"href":"https:\/\/www.moskito.cz\/pl\/wp-json\/wp\/v2\/comments?post=343932"}],"wp:featuredmedia":[{"embeddable":true,"href":"https:\/\/www.moskito.cz\/pl\/wp-json\/wp\/v2\/media\/343933"}],"wp:attachment":[{"href":"https:\/\/www.moskito.cz\/pl\/wp-json\/wp\/v2\/media?parent=343932"}],"wp:term":[{"taxonomy":"pwb-brand","embeddable":true,"href":"https:\/\/www.moskito.cz\/pl\/wp-json\/wp\/v2\/pwb-brand?post=343932"},{"taxonomy":"product_brand","embeddable":true,"href":"https:\/\/www.moskito.cz\/pl\/wp-json\/wp\/v2\/product_brand?post=343932"},{"taxonomy":"product_cat","embeddable":true,"href":"https:\/\/www.moskito.cz\/pl\/wp-json\/wp\/v2\/product_cat?post=343932"},{"taxonomy":"product_tag","embeddable":true,"href":"https:\/\/www.moskito.cz\/pl\/wp-json\/wp\/v2\/product_tag?post=343932"}],"curies":[{"name":"wp","href":"https:\/\/api.w.org\/{rel}","templated":true}]}}