{"id":343942,"date":"2022-11-05T14:35:33","date_gmt":"2024-06-12T12:39:41","guid":{"rendered":"https:\/\/www.moskito.cz\/produkt\/solidny-noz-cold-steel-razor-tek\/"},"modified":"2025-05-07T11:16:59","modified_gmt":"2025-05-07T10:16:59","slug":"solidny-noz-cold-steel-razor-tek","status":"publish","type":"product","link":"https:\/\/www.moskito.cz\/pl\/produkt\/solidny-noz-cold-steel-razor-tek\/","title":{"rendered":"Solidny n\u00f3\u017c Cold Steel RAZOR TEK"},"content":{"rendered":"<p>Solidny n\u00f3\u017c <strong>Cold Steel<\/strong> RAZOR TEK.<\/p>\n<p>Kolejnym krokiem w linii Razor Tek jest niszczycielskie zakrzywione ostrze. Zakrzywione ostrze zapewnia korzy\u015bci wynikaj\u0105ce z d\u0142u\u017cszego ostrza i brzucha z przodu. Ten kszta\u0142t ostrza oferuje zalety ci\u0119cia podczas wysuwania lub wysuwania ostrza. \u015awietne \u015bredniej wielko\u015bci, solidne ostrze do obr\u00f3bki dziczyzny, bushcraftu, przygotowywania potraw, siekania i siekania. \u0141\u0105cz\u0105c kszta\u0142t ostrza z wysoce ergonomicznym, teksturowanym uchwytem, \u200b\u200bten n\u00f3\u017c jest gotowy na kolejn\u0105 przygod\u0119 na \u015bwie\u017cym powietrzu.<\/p>\n<p>PARAMETRY PRODUKTU<br \/>\nD\u0142ugo\u015b\u0107 ostrza: 127 mm<br \/>\nGrubo\u015b\u0107 ostrza: 3,2 mm<br \/>\nStal: 4116SS<br \/>\nD\u0142ugo\u015b\u0107 r\u0105czki: 117 mm<br \/>\nKolor: czarny\/srebrny<br \/>\nWaga: 204 g<br \/>\nRozmiar ca\u0142kowity: 244 mm<br \/>\nMateria\u0142 r\u0119koje\u015bci: GFN<\/p>\n<p>&nbsp;<\/p>\n","protected":false},"excerpt":{"rendered":"<p><strong>\u015aredniej wielko\u015bci n\u00f3\u017c o g\u0142adkiej kraw\u0119dzi i d\u0142ugo\u015bci ostrza 127 mm. Do no\u017ca do\u0142\u0105czona jest pochwa Secure-Ex.<\/strong><\/p>\n","protected":false},"featured_media":343943,"comment_status":"open","ping_status":"closed","template":"","meta":[],"pwb-brand":[3596],"product_brand":[],"product_cat":[3296,3297],"product_tag":[],"class_list":{"0":"post-343942","1":"product","2":"type-product","3":"status-publish","4":"has-post-thumbnail","6":"pwb-brand-zimna-stal","7":"product_cat-noze-pl","8":"product_cat-solidne-noze","10":"first","11":"instock","12":"taxable","13":"shipping-taxable","14":"purchasable","15":"product-type-simple"},"brands":[{"id":3596,"name":"Zimna stal","slug":"zimna-stal"}],"_links":{"self":[{"href":"https:\/\/www.moskito.cz\/pl\/wp-json\/wp\/v2\/product\/343942","targetHints":{"allow":["GET"]}}],"collection":[{"href":"https:\/\/www.moskito.cz\/pl\/wp-json\/wp\/v2\/product"}],"about":[{"href":"https:\/\/www.moskito.cz\/pl\/wp-json\/wp\/v2\/types\/product"}],"replies":[{"embeddable":true,"href":"https:\/\/www.moskito.cz\/pl\/wp-json\/wp\/v2\/comments?post=343942"}],"wp:featuredmedia":[{"embeddable":true,"href":"https:\/\/www.moskito.cz\/pl\/wp-json\/wp\/v2\/media\/343943"}],"wp:attachment":[{"href":"https:\/\/www.moskito.cz\/pl\/wp-json\/wp\/v2\/media?parent=343942"}],"wp:term":[{"taxonomy":"pwb-brand","embeddable":true,"href":"https:\/\/www.moskito.cz\/pl\/wp-json\/wp\/v2\/pwb-brand?post=343942"},{"taxonomy":"product_brand","embeddable":true,"href":"https:\/\/www.moskito.cz\/pl\/wp-json\/wp\/v2\/product_brand?post=343942"},{"taxonomy":"product_cat","embeddable":true,"href":"https:\/\/www.moskito.cz\/pl\/wp-json\/wp\/v2\/product_cat?post=343942"},{"taxonomy":"product_tag","embeddable":true,"href":"https:\/\/www.moskito.cz\/pl\/wp-json\/wp\/v2\/product_tag?post=343942"}],"curies":[{"name":"wp","href":"https:\/\/api.w.org\/{rel}","templated":true}]}}