{"id":344010,"date":"2021-10-14T14:08:38","date_gmt":"2021-10-14T13:08:38","guid":{"rendered":"https:\/\/www.moskito.cz\/produkt\/solidny-noz-sog-seal-pup-elite-black\/"},"modified":"2024-06-12T13:48:21","modified_gmt":"2024-06-12T12:48:21","slug":"solidny-noz-sog-seal-pup-elite-black","status":"publish","type":"product","link":"https:\/\/www.moskito.cz\/pl\/produkt\/solidny-noz-sog-seal-pup-elite-black\/","title":{"rendered":"Solidny n\u00f3\u017c SOG SEAL Pup Elite Black"},"content":{"rendered":"<p>Nasza historia zaczyna si\u0119 w Wietnamie, gdzie cz\u0142onkowie \u015bci\u015ble tajnych ameryka\u0144skich si\u0142 specjalnych \u2013 znanych jako MACV \u2013 <strong>SOG<\/strong> \u2013 podczas tajnych misji zabierali do d\u017cungli wyj\u0105tkowy tajny n\u00f3\u017c. Kilka lat p\u00f3\u017aniej, w 1986 roku, n\u00f3\u017c ten zainspirowa\u0142 m\u0142odego projektanta Spencera Frazera do za\u0142o\u017cenia no\u017cy specjalnych <strong>SOG<\/strong> . Jego misja: odtworzenie oryginalnego no\u017ca <strong>SOG<\/strong> Bowie i z\u0142o\u017cenie ho\u0142du jednostce operacji specjalnych, kt\u00f3ra go stworzy\u0142a. To, co zacz\u0119\u0142o si\u0119 jako pojedynczy model pami\u0105tkowy, szybko przekszta\u0142ci\u0142o si\u0119 w ca\u0142\u0105 lini\u0119 innowacyjnych narz\u0119dzi \u2013 sprawdzonych przez ameryka\u0144skie si\u0142y specjalne, a nawet nagrodzonych jako ulubiony n\u00f3\u017c Navy SEAL. Dzi\u015b no\u017ce SOG \u015bmia\u0142o mo\u017cna nosi\u0107 w najbardziej wymagaj\u0105cych sytuacjach. Wykute z tradycji, zatwardzia\u0142e w polu, z\u0142o\u017cone dla Ciebie.<\/p>\n<p>Niezale\u017cnie od tego, czy chronisz innych, prowadzisz epick\u0105 wypraw\u0119 my\u015bliwsk\u0105, stawiasz czo\u0142a codziennym wyzwaniom \u017cycia, czy te\u017c stawiasz czo\u0142a najbardziej ekstremalnym warunkom, jakie kiedykolwiek stworzy\u0142e\u015b, pokonaj <strong>SOG<\/strong> .<\/p>\n<p>Solidny n\u00f3\u017c <strong>SOG<\/strong> SEAL Pup Elite Black.<\/p>\n<p>Grube i trwa\u0142e, kompaktowe taktyczne ostrze sta\u0142e z nylonow\u0105 r\u0119koje\u015bci\u0105 wzmocnion\u0105 w\u0142\u00f3knem szklanym. Dost\u0119pny z nylonow\u0105 pochw\u0105 kompatybiln\u0105 z systemem MOLLE.<\/p>\n<p>Nie ka\u017cdy n\u00f3\u017c survivalowy musi by\u0107 du\u017cych rozmiar\u00f3w, a ten \u015bredniej wielko\u015bci n\u00f3\u017c ma wiele wspania\u0142ych funkcji, kt\u00f3rych oczekujemy i na kt\u00f3rych polegamy od SOG. Najwi\u0119ksz\u0105 zalet\u0105 tego no\u017ca jest d\u0142ugotrwa\u0142a ostro\u015b\u0107. Wiem, \u017ce cho\u0107 b\u0119d\u0119 u\u017cywa\u0142 tego no\u017ca do codziennych zada\u0144, to i tak b\u0119dzie ostry, je\u015bli b\u0119d\u0119 musia\u0142 go u\u017cy\u0107 w sytuacji awaryjnej.<\/p>\n<p>D\u0142ugo\u015b\u0107 ca\u0142kowita: 24 cm<br \/>\nWaga produktu: 5,40 uncji<br \/>\nD\u0142ugo\u015b\u0107 ostrza: 12,5 cm<br \/>\nLinia produkt\u00f3w: Seal Pup Elite<br \/>\nTwarda obudowa w kolorze czarnym TiNi<br \/>\nTyp kraw\u0119dzi: Cz\u0119\u015bciowo z\u0105bkowany<br \/>\nTyp ostrza ze stali: AUS-8<br \/>\nMateria\u0142 r\u0119koje\u015bci: Nylon wzmocniony szk\u0142em<br \/>\nKolor uchwytu: czarny<br \/>\nTwardo\u015b\u0107: RC 57-58<br \/>\nW komplecie etui: Tak<br \/>\nKolor obudowy: czarny<\/p>\n<p>Grube i trwa\u0142e, kompaktowe taktyczne ostrze sta\u0142e z tarnikiem grzbietowym i nylonow\u0105 r\u0119koje\u015bci\u0105 wzmocnion\u0105 w\u0142\u00f3knem szklanym. Dost\u0119pny z nylonow\u0105 pochw\u0105 kompatybiln\u0105 z systemem MOLLE.<\/p>\n<p>\u201eNie ka\u017cdy n\u00f3\u017c survivalowy musi by\u0107 du\u017cych rozmiar\u00f3w, a ten \u015bredniej wielko\u015bci n\u00f3\u017c ma wiele doskona\u0142ych funkcji, kt\u00f3rych oczekujemy i na kt\u00f3rych polegamy w SOG. Najlepsz\u0105 cech\u0105 tego no\u017ca jest d\u0142ugotrwa\u0142a ostro\u015b\u0107. Wiem, \u017ce nawet je\u015bli u\u017cyj\u0119 tego no\u017ca do codziennych zada\u0144, nadal b\u0119dzie ostry, je\u015bli b\u0119d\u0119 musia\u0142 go u\u017cy\u0107 w sytuacji awaryjnej.\u201d<\/p>\n<p>Ca\u0142kowita d\u0142ugo\u015b\u0107<br \/>\n9,5&#8243;<br \/>\nwaga produktu<br \/>\n5,40 uncji<br \/>\nD\u0142ugo\u015b\u0107 ostrza<br \/>\n4,85&#8243;<br \/>\nGrubo\u015b\u0107 ostrza<br \/>\n0,19&#8243;<br \/>\nProdukt rodzinny<br \/>\nElita Piecz\u0119ci Szczeniaka<br \/>\nRodzaj produktu<br \/>\nNaprawiono ostrze<br \/>\nKraj pochodzenia<br \/>\nTajwan<br \/>\nOtw\u00f3r na smycz<br \/>\nTak<br \/>\nMateria\u0142 smyczy<br \/>\nNylon<br \/>\nMo\u017cliwo\u015b\u0107 grawerowania<br \/>\nTak<br \/>\nSko\u0144czy\u0107<br \/>\nTwarda obudowa w kolorze czarnym TiNi<br \/>\nTyp kraw\u0119dzi<br \/>\nCz\u0119\u015bciowo z\u0105bkowany<br \/>\nTyp ostrza ze stali<br \/>\nAUS-8<br \/>\nKszta\u0142t ostrza<br \/>\nPunkt klipu<br \/>\nTyp kr\u0119gos\u0142upa<br \/>\nZgrzyt<br \/>\nMateria\u0142 uchwytu<br \/>\nNylon wzmocniony w\u0142\u00f3knem szklanym<br \/>\nKolor uchwytu<br \/>\nCzarny<br \/>\nTwardo\u015b\u0107<br \/>\nRc. 57-58<br \/>\nPochwa w zestawie<br \/>\nTak<br \/>\nKolor pow\u0142oki<br \/>\nCzarny<\/p>\n<p>&nbsp;<\/p>\n","protected":false},"excerpt":{"rendered":"<div class=\"elementor-element elementor-element-bbb542b elementor-widget elementor-widget-woocommerce-product-short-description\" data-id=\"bbb542b\" data-element_type=\"widget\" data-widget_type=\"woocommerce-product-short-description.default\">\n<div class=\"elementor-widget-container\">\n<div class=\"woocommerce-product-details__short-description\">\n<div class=\"elementor-element elementor-element-bbb542b elementor-widget elementor-widget-woocommerce-product-short-description\" data-id=\"bbb542b\" data-element_type=\"widget\" data-widget_type=\"woocommerce-product-short-description.default\">\n<div class=\"elementor-widget-container\">\n<div class=\"woocommerce-product-details__short-description\">\n<p>Niezale\u017cnie od tego, czy chronisz innych, prowadzisz epick\u0105 wypraw\u0119 my\u015bliwsk\u0105, stawiasz czo\u0142a codziennym wyzwaniom \u017cycia, czy te\u017c stawiasz czo\u0142a najbardziej ekstremalnym warunkom, jakie kiedykolwiek stworzy\u0142e\u015b, pokonaj <strong>SOG<\/strong> .<\/p>\n<p><strong>Na wszystkie no\u017ce SOG udzielamy do\u017cywotniej gwarancji!<\/strong><\/p>\n<\/div>\n<\/div>\n<\/div>\n<\/div>\n<\/div>\n<\/div>\n","protected":false},"featured_media":344011,"comment_status":"open","ping_status":"closed","template":"","meta":[],"pwb-brand":[3606],"product_brand":[],"product_cat":[3297,3296],"product_tag":[3671],"class_list":{"0":"post-344010","1":"product","2":"type-product","3":"status-publish","4":"has-post-thumbnail","6":"pwb-brand-sog-pl","7":"product_cat-solidne-noze","8":"product_cat-noze-pl","9":"product_tag-b2b-pl","11":"first","12":"instock","13":"taxable","14":"shipping-taxable","15":"purchasable","16":"product-type-simple"},"brands":[{"id":3606,"name":"SOG","slug":"sog-pl"}],"_links":{"self":[{"href":"https:\/\/www.moskito.cz\/pl\/wp-json\/wp\/v2\/product\/344010","targetHints":{"allow":["GET"]}}],"collection":[{"href":"https:\/\/www.moskito.cz\/pl\/wp-json\/wp\/v2\/product"}],"about":[{"href":"https:\/\/www.moskito.cz\/pl\/wp-json\/wp\/v2\/types\/product"}],"replies":[{"embeddable":true,"href":"https:\/\/www.moskito.cz\/pl\/wp-json\/wp\/v2\/comments?post=344010"}],"wp:featuredmedia":[{"embeddable":true,"href":"https:\/\/www.moskito.cz\/pl\/wp-json\/wp\/v2\/media\/344011"}],"wp:attachment":[{"href":"https:\/\/www.moskito.cz\/pl\/wp-json\/wp\/v2\/media?parent=344010"}],"wp:term":[{"taxonomy":"pwb-brand","embeddable":true,"href":"https:\/\/www.moskito.cz\/pl\/wp-json\/wp\/v2\/pwb-brand?post=344010"},{"taxonomy":"product_brand","embeddable":true,"href":"https:\/\/www.moskito.cz\/pl\/wp-json\/wp\/v2\/product_brand?post=344010"},{"taxonomy":"product_cat","embeddable":true,"href":"https:\/\/www.moskito.cz\/pl\/wp-json\/wp\/v2\/product_cat?post=344010"},{"taxonomy":"product_tag","embeddable":true,"href":"https:\/\/www.moskito.cz\/pl\/wp-json\/wp\/v2\/product_tag?post=344010"}],"curies":[{"name":"wp","href":"https:\/\/api.w.org\/{rel}","templated":true}]}}