{"id":344043,"date":"2022-11-21T22:11:24","date_gmt":"2024-06-12T12:52:29","guid":{"rendered":"https:\/\/www.moskito.cz\/produkt\/solidny-noz-sog-recondo-fx-fde-straight-edge\/"},"modified":"2025-05-07T11:17:00","modified_gmt":"2025-05-07T10:17:00","slug":"solidny-noz-sog-recondo-fx-fde-straight-edge","status":"publish","type":"product","link":"https:\/\/www.moskito.cz\/pl\/produkt\/solidny-noz-sog-recondo-fx-fde-straight-edge\/","title":{"rendered":"Solidny n\u00f3\u017c SOG RECONDO FX FDE STRAIGHT EDGE"},"content":{"rendered":"<p>Solidny n\u00f3\u017c <strong>SOG<\/strong> RECONDO FX FDE STRAIGHT EDGE.<\/p>\n<p>Wyprofilowany gumowany uchwyt umo\u017cliwia optymalny chwyt we wszystkich pozycjach. Ostrze ze stali nierdzewnej CRYO 440C charakteryzuje si\u0119 doskona\u0142\u0105 odporno\u015bci\u0105 na korozj\u0119 i zu\u017cycie. Obudowa SOG kompatybilna z UMS jest dwustronna i zapewnia wiele opcji monta\u017cu.<\/p>\n<p>TAK MO\u017bLIWE, JAK TRUDNE<\/p>\n<p>Recondo przeznaczone jest przede wszystkim dla profesjonalist\u00f3w umundurowanych na ca\u0142ym \u015bwiecie. Jest lekki, p\u0142aski i nie b\u0119dzie przeszkadza\u0142, gdy zostanie mocno przymocowany do sprz\u0119tu.<\/p>\n<p>KRIO 440C<\/p>\n<p>Ostrze ze stali nierdzewnej CRYO 440C charakteryzuje si\u0119 doskona\u0142\u0105 odporno\u015bci\u0105 na korozj\u0119 i zu\u017cycie. Przechodzi przez niemal ca\u0142\u0105 r\u0119koje\u015b\u0107.<\/p>\n<p>OBUDOWA KOMPATYBILNA Z UMS<\/p>\n<p>Etui zapewnia wiele opcji monta\u017cu i oferuje system regulacji uchwytu bez u\u017cycia narz\u0119dzi. Dopasowany kr\u00f3j zapewnia doskona\u0142\u0105 przyczepno\u015b\u0107. Sprawa jest odpowiednia dla obu stron.<\/p>\n<p>GUMOWANY UCHWYT<\/p>\n<p>Formowany gumowany uchwyt pozwala na optymalne trzymanie d\u0142oni we wszystkich uchwytach, nawet je\u015bli d\u0142onie s\u0105 brudne.<\/p>\n<p>WAGA: 149 g<br \/>\nMATERIA\u0141 UCHWYTU: 30% GRN \/ TPU<br \/>\nGRUBO\u015a\u0106 OSTRZA: 4 mm<br \/>\nRODZAJ UBEZPIECZENIA: UMS<br \/>\nD\u0141UGO\u015a\u0106 OSTRZA: 117 mm<br \/>\nROZMIAR CA\u0141KOWITY: 244 mm<br \/>\nCzarny kolor<br \/>\nMATERIA\u0141 OBUDOWY: Polipropylen<br \/>\nSTAL: KRYO 440C<\/p>\n","protected":false},"excerpt":{"rendered":"<p>Recondo FX to nowoczesny scyzoryk ze sta\u0142\u0105 kling\u0105. Lekki, p\u0142aski i przygotowany na mocowanie Molle.<\/p>\n","protected":false},"featured_media":344044,"comment_status":"open","ping_status":"closed","template":"","meta":[],"pwb-brand":[3606],"product_brand":[],"product_cat":[3296,3297],"product_tag":[3671],"class_list":{"0":"post-344043","1":"product","2":"type-product","3":"status-publish","4":"has-post-thumbnail","6":"pwb-brand-sog-pl","7":"product_cat-noze-pl","8":"product_cat-solidne-noze","9":"product_tag-b2b-pl","11":"first","12":"instock","13":"taxable","14":"shipping-taxable","15":"purchasable","16":"product-type-simple"},"brands":[{"id":3606,"name":"SOG","slug":"sog-pl"}],"_links":{"self":[{"href":"https:\/\/www.moskito.cz\/pl\/wp-json\/wp\/v2\/product\/344043","targetHints":{"allow":["GET"]}}],"collection":[{"href":"https:\/\/www.moskito.cz\/pl\/wp-json\/wp\/v2\/product"}],"about":[{"href":"https:\/\/www.moskito.cz\/pl\/wp-json\/wp\/v2\/types\/product"}],"replies":[{"embeddable":true,"href":"https:\/\/www.moskito.cz\/pl\/wp-json\/wp\/v2\/comments?post=344043"}],"wp:featuredmedia":[{"embeddable":true,"href":"https:\/\/www.moskito.cz\/pl\/wp-json\/wp\/v2\/media\/344044"}],"wp:attachment":[{"href":"https:\/\/www.moskito.cz\/pl\/wp-json\/wp\/v2\/media?parent=344043"}],"wp:term":[{"taxonomy":"pwb-brand","embeddable":true,"href":"https:\/\/www.moskito.cz\/pl\/wp-json\/wp\/v2\/pwb-brand?post=344043"},{"taxonomy":"product_brand","embeddable":true,"href":"https:\/\/www.moskito.cz\/pl\/wp-json\/wp\/v2\/product_brand?post=344043"},{"taxonomy":"product_cat","embeddable":true,"href":"https:\/\/www.moskito.cz\/pl\/wp-json\/wp\/v2\/product_cat?post=344043"},{"taxonomy":"product_tag","embeddable":true,"href":"https:\/\/www.moskito.cz\/pl\/wp-json\/wp\/v2\/product_tag?post=344043"}],"curies":[{"name":"wp","href":"https:\/\/api.w.org\/{rel}","templated":true}]}}