{"id":344075,"date":"2021-09-24T17:25:45","date_gmt":"2024-06-12T12:55:52","guid":{"rendered":"https:\/\/www.moskito.cz\/produkt\/noz-zamykajacy-sog-flash-z-zabkowanym-zaciemnieniem\/"},"modified":"2025-05-07T11:17:01","modified_gmt":"2025-05-07T10:17:01","slug":"noz-zamykajacy-sog-flash-z-zabkowanym-zaciemnieniem","status":"publish","type":"product","link":"https:\/\/www.moskito.cz\/pl\/produkt\/noz-zamykajacy-sog-flash-z-zabkowanym-zaciemnieniem\/","title":{"rendered":"N\u00f3\u017c zamykaj\u0105cy SOG FLASH Z Z\u0104BKOWANYM ZAciemnieniem"},"content":{"rendered":"<p>N\u00f3\u017c zamykaj\u0105cy <strong>SOG<\/strong> FLASH Z Z\u0104BKOWANYM ZAciemnieniem.<\/p>\n<p>Nasza historia zaczyna si\u0119 w Wietnamie, gdzie cz\u0142onkowie \u015bci\u015ble tajnych ameryka\u0144skich si\u0142 specjalnych \u2013 znanych jako MACV \u2013 <strong>SOG<\/strong> \u2013 podczas tajnych misji zabierali do d\u017cungli wyj\u0105tkowy tajny n\u00f3\u017c. Kilka lat p\u00f3\u017aniej, w 1986 roku, n\u00f3\u017c ten zainspirowa\u0142 m\u0142odego projektanta Spencera Frazera do za\u0142o\u017cenia no\u017cy specjalnych SOG . Jego misja: odtworzenie oryginalnego no\u017ca SOG Bowie i z\u0142o\u017cenie ho\u0142du jednostce operacji specjalnych, kt\u00f3ra go stworzy\u0142a. To, co zacz\u0119\u0142o si\u0119 jako pojedynczy model pami\u0105tkowy, szybko przekszta\u0142ci\u0142o si\u0119 w ca\u0142\u0105 lini\u0119 innowacyjnych narz\u0119dzi \u2013 sprawdzonych przez ameryka\u0144skie si\u0142y specjalne, a nawet nagrodzonych jako ulubiony n\u00f3\u017c Navy SEAL. Dzi\u015b no\u017ce SOG \u015bmia\u0142o mo\u017cna nosi\u0107 w najbardziej wymagaj\u0105cych sytuacjach. Wykute z tradycji, zatwardzia\u0142e w polu, z\u0142o\u017cone dla Ciebie.<\/p>\n<p>Niezale\u017cnie od tego, czy chronisz innych, prowadzisz epick\u0105 wypraw\u0119 my\u015bliwsk\u0105, stawiasz czo\u0142a codziennym wyzwaniom \u017cycia, czy te\u017c stawiasz czo\u0142a najbardziej ekstremalnym warunkom, jakie kiedykolwiek stworzy\u0142e\u015b, pokonaj SOG.<\/p>\n<p>Zaprojektowany dla codziennego u\u017cytkownika, Flash AT oferuje szybkie wspomagane otwieranie dzi\u0119ki innowacyjnemu dwustronnemu zamkowi AT-XR SOG i bardziej op\u0142ywow\u0105, ergonomiczn\u0105 konstrukcj\u0119 uchwytu dla lepszego chwytu i komfortu. Flash AT jest kompaktowy i \u0142atwy do przenoszenia, wyposa\u017cony w wysokowydajne ostrze ze stali nierdzewnej D2 poddanej obr\u00f3bce kriogenicznej. Jego pot\u0119\u017cny mechanizm blokuj\u0105cy XR oferuje r\u00f3wnie\u017c niezawodne, wbudowane zabezpieczenie blokuj\u0105ce ostrze i system bezpiecze\u0144stwa montowany na grzbiecie. Kolejna ewolucja popularnego Flasha.<\/p>\n<p>SZALONY PROJEKT<br \/>\n\u0141\u0105czy w sobie nowoczesny design z wysok\u0105 wydajno\u015bci\u0105 i niezawodno\u015bci\u0105. Flash AT posiada elegancki, g\u0142\u0119boki klips i wydajny, ergonomiczny uchwyt.<\/p>\n<p>BLOKADA AT-XR<br \/>\nOpatentowany zamek XR firmy SOG z technologi\u0105 wspomagan\u0105 (AT) zapewnia szybkie otwieranie jedn\u0105 r\u0119k\u0105 i pewny zamek po otwarciu. Niezawodny i mocny, wytrzymuj\u0105cy si\u0142\u0119 1500 funt\u00f3w, zamek AT-XR zapewnia maksymalne wbudowane bezpiecze\u0144stwo blokowania ostrza podczas otwierania, zapewniaj\u0105c, \u017ce otworzy si\u0119 ono tylko wtedy, gdy jest to zamierzone.<\/p>\n<p>BEZPIECZE\u0143STWO 2.0<br \/>\nSOG wsp\u00f3\u0142pracowa\u0142o z u\u017cytkownikami w celu opracowania dwukierunkowego bezpiecze\u0144stwa, kt\u00f3re jest r\u00f3wnie \u0142atwe, jak i szybkie. Zosta\u0142 zaprojektowany tak, aby by\u0142 intuicyjny i wykorzystywa\u0142 naturalne ruchy d\u0142oni, co oznacza, \u017ce \u200b\u200bnie musisz \u0142ama\u0107 chwytu, aby go obs\u0142ugiwa\u0107. Po otwarciu blokuje si\u0119 na miejscu niczym ogranicznik kciuka. Wszystko, czym powinno by\u0107 bezpiecze\u0144stwo.<\/p>\n<p>STAL STAL KRYO D2<br \/>\nUniwersalna stal narz\u0119dziowa o wysokiej zawarto\u015bci w\u0119gla, poddawana kriogenicznej obr\u00f3bce cieplnej zgodnie z unikalnymi specyfikacjami SOG. D2 zapewnia idealne po\u0142\u0105czenie zachowania kraw\u0119dzi i trwa\u0142o\u015bci przy d\u0142ugotrwa\u0142ym u\u017cytkowaniu i \u0142atwej konserwacji.<\/p>\n<p>D\u0141UGO\u015a\u0106 CA\u0141KOWITA: 21 cm<br \/>\nD\u0141UGO\u015a\u0106 OSTRZA: 8,6 cm<br \/>\nWAGA: 4,49 uncji<br \/>\nTYP OSTRZA STALOWEGO: Cryo D2<br \/>\nMATERIA\u0141 UCHWYTU: GRN<br \/>\nWYKO\u0143CZENIA: Azotek tytanu<br \/>\nMECHANIZM BLOKUJ\u0104CY: AT-XR<br \/>\nMECHANIZM OTWARCIA: Wspomagany ko\u0142ek kciukowy<br \/>\nTYP KRAW\u0118DZI: Cz\u0119\u015bciowo z\u0105bkowana<\/p>\n<p>Zaprojektowany dla codziennych u\u017cytkownik\u00f3w, Flash AT oferuje szybkie wspomagane otwieranie dzi\u0119ki innowacyjnemu obur\u0119cznemu blokadzie AT-XR firmy SOG i op\u0142ywowej, ergonomicznej konstrukcji uchwytu zapewniaj\u0105cej lepsz\u0105 przyczepno\u015b\u0107 i wygod\u0119. Flash AT jest kompaktowy i \u0142atwy do przenoszenia, z wysoce funkcjonalnym ostrzem ze stali nierdzewnej D2 o \u015brednicy 3,5 cala, poddanej obr\u00f3bce kriogenicznej. Jego pot\u0119\u017cny mechanizm blokuj\u0105cy XR jest r\u00f3wnie\u017c wyposa\u017cony w niezawodne, wbudowane zabezpieczenie blokuj\u0105ce ostrze i system zabezpieczaj\u0105cy montowany na grzbiecie. Kolejna ewolucja popularnego Flasha.<\/p>\n<p>CA\u0141KOWITA D\u0141UGO\u015a\u0106<br \/>\n8,29&#8243;<br \/>\nD\u0141UGO\u015a\u0106 ZAMKNI\u0118TA<br \/>\n4,67&#8243;<br \/>\nD\u0141UGO\u015a\u0106 OSTRZA<br \/>\n3,45&#8243;<br \/>\nWAGA<br \/>\n4,49 uncji<br \/>\nTYP ostrzy ze stali<br \/>\nCryo D2<br \/>\nGRUBO\u015a\u0106 OSTRZY<br \/>\n0,12&#8243;<br \/>\nMATERIA\u0141 UCHWYTU<br \/>\nGRN<br \/>\nKOLOR UCHWYTU<br \/>\nZaciemnienie<br \/>\nSKO\u0143CZY\u0106<br \/>\nazotek tytanu<br \/>\nZAMYKAJ\u0104CY MECHANIZM<br \/>\nAT-XR<br \/>\nBEZPIECZNA<br \/>\nObur\u0119czny fotelik montowany na kr\u0119gos\u0142upie<br \/>\nMECHANIZM OTWIERANIA<br \/>\nWspomagany ko\u0142ek kciuka<br \/>\nKRAJ POCHODZENIA<br \/>\nTajwan<br \/>\nTYP KRAW\u0118DZI<br \/>\nCz\u0119\u015bciowo z\u0105bkowany<br \/>\nKSZTA\u0141T OSTRZA<br \/>\nProste plecy<\/p>\n","protected":false},"excerpt":{"rendered":"<p>Niezale\u017cnie od tego, czy chronisz innych, prowadzisz epick\u0105 wypraw\u0119 my\u015bliwsk\u0105, stawiasz czo\u0142a codziennym wyzwaniom \u017cycia, czy te\u017c stawiasz czo\u0142a najbardziej ekstremalnym warunkom, jakie kiedykolwiek stworzy\u0142e\u015b, pokonaj <strong>SOG<\/strong> .<\/p>\n<p><strong>Na wszystkie no\u017ce SOG udzielamy do\u017cywotniej gwarancji!<\/strong><\/p>\n","protected":false},"featured_media":344076,"comment_status":"open","ping_status":"closed","template":"","meta":[],"pwb-brand":[3606],"product_brand":[],"product_cat":[3296,3307],"product_tag":[3671],"class_list":{"0":"post-344075","1":"product","2":"type-product","3":"status-publish","4":"has-post-thumbnail","6":"pwb-brand-sog-pl","7":"product_cat-noze-pl","8":"product_cat-zamykanie-nozy","9":"product_tag-b2b-pl","11":"first","12":"instock","13":"taxable","14":"shipping-taxable","15":"purchasable","16":"product-type-simple"},"brands":[{"id":3606,"name":"SOG","slug":"sog-pl"}],"_links":{"self":[{"href":"https:\/\/www.moskito.cz\/pl\/wp-json\/wp\/v2\/product\/344075","targetHints":{"allow":["GET"]}}],"collection":[{"href":"https:\/\/www.moskito.cz\/pl\/wp-json\/wp\/v2\/product"}],"about":[{"href":"https:\/\/www.moskito.cz\/pl\/wp-json\/wp\/v2\/types\/product"}],"replies":[{"embeddable":true,"href":"https:\/\/www.moskito.cz\/pl\/wp-json\/wp\/v2\/comments?post=344075"}],"wp:featuredmedia":[{"embeddable":true,"href":"https:\/\/www.moskito.cz\/pl\/wp-json\/wp\/v2\/media\/344076"}],"wp:attachment":[{"href":"https:\/\/www.moskito.cz\/pl\/wp-json\/wp\/v2\/media?parent=344075"}],"wp:term":[{"taxonomy":"pwb-brand","embeddable":true,"href":"https:\/\/www.moskito.cz\/pl\/wp-json\/wp\/v2\/pwb-brand?post=344075"},{"taxonomy":"product_brand","embeddable":true,"href":"https:\/\/www.moskito.cz\/pl\/wp-json\/wp\/v2\/product_brand?post=344075"},{"taxonomy":"product_cat","embeddable":true,"href":"https:\/\/www.moskito.cz\/pl\/wp-json\/wp\/v2\/product_cat?post=344075"},{"taxonomy":"product_tag","embeddable":true,"href":"https:\/\/www.moskito.cz\/pl\/wp-json\/wp\/v2\/product_tag?post=344075"}],"curies":[{"name":"wp","href":"https:\/\/api.w.org\/{rel}","templated":true}]}}