{"id":344105,"date":"2022-05-02T20:59:51","date_gmt":"2024-06-13T12:58:34","guid":{"rendered":"https:\/\/www.moskito.cz\/produkt\/noz-zamykany-sog-centi-ii\/"},"modified":"2025-10-28T16:39:39","modified_gmt":"2025-10-28T15:39:39","slug":"noz-zamykany-sog-centi-ii","status":"publish","type":"product","link":"https:\/\/www.moskito.cz\/pl\/produkt\/noz-zamykany-sog-centi-ii\/","title":{"rendered":"N\u00f3\u017c zamykany SOG CENTI II"},"content":{"rendered":"<p>N\u00f3\u017c zamykany <strong>SOG<\/strong> CENTI II<\/p>\n<p>Zaprojektowane tak, aby mo\u017cna je by\u0142o zabra\u0107 ze sob\u0105 wsz\u0119dzie, sk\u0142adane no\u017ce Centi mo\u017cna z \u0142atwo\u015bci\u0105 nosi\u0107 na dowolnym breloczku lub smyczy. Centi II to ma\u0142y i wszechstronny scyzoryk wykonany z wysokiej jako\u015bci stali nierdzewnej, przeznaczony do noszenia na breloku do kluczy lub ukrytego w kieszeni. Posiada konstrukcj\u0119 z blokad\u0105 i 2,1-calowe ostrze ze stali nierdzewnej w prostej konstrukcji. To male\u0144kie narz\u0119dzie jest cie\u0144sze ni\u017c wi\u0119kszo\u015b\u0107 kluczy, ale wystarczaj\u0105co mocne, aby umo\u017cliwi\u0107 lekkie ci\u0119cie. Konstrukcja wykonana w ca\u0142o\u015bci ze stali nierdzewnej sprawia, \u017ce \u200b\u200bjest to trwa\u0142e narz\u0119dzie. Miej go zawsze przy sobie, a przyda Ci si\u0119 do szybkich, codziennych zada\u0144. Jest tam, kiedy go potrzebujesz i nie przeszkadza, gdy tego nie potrzebujesz.<\/p>\n<p>PARAMETRY PRODUKTU:<\/p>\n<p>STAL: 3Cr13<br \/>\nD\u0141UGO\u015a\u0106 OSTRZA: 5,3 cm<br \/>\nWAGA: 37g<br \/>\nGRUBO\u015a\u0106 OSTRZA: 1,8 mm<br \/>\nCzarny kolor<br \/>\nTYP BEZPIECZNIKA: LockBack<br \/>\nROZMIAR CA\u0141KOWITY: 12,7 cm<br \/>\nMATERIA\u0141 UCHWYTU: stal nierdzewna<\/p>\n<p><iframe title=\"SOG Centi I &amp; II\" width=\"800\" height=\"450\" src=\"https:\/\/www.youtube.com\/embed\/o2u5vudOSWM?feature=oembed\" frameborder=\"0\" allow=\"accelerometer; autoplay; clipboard-write; encrypted-media; gyroscope; picture-in-picture; web-share\" referrerpolicy=\"strict-origin-when-cross-origin\" allowfullscreen><\/iframe><\/p>\n<p>&nbsp;<\/p>\n","protected":false},"excerpt":{"rendered":"<p>Niezale\u017cnie od tego, czy chronisz innych, prowadzisz epick\u0105 wypraw\u0119 my\u015bliwsk\u0105, stawiasz czo\u0142a codziennym wyzwaniom \u017cycia, czy te\u017c stawiasz czo\u0142a najbardziej ekstremalnym warunkom, jakie kiedykolwiek stworzy\u0142e\u015b, pokonaj <strong>SOG<\/strong> .<\/p>\n<p><strong>Na wszystkie no\u017ce SOG udzielamy do\u017cywotniej gwarancji!<\/strong><\/p>\n","protected":false},"featured_media":344106,"comment_status":"open","ping_status":"closed","template":"","meta":[],"pwb-brand":[3606],"product_brand":[],"product_cat":[3296,3307],"product_tag":[3671],"class_list":{"0":"post-344105","1":"product","2":"type-product","3":"status-publish","4":"has-post-thumbnail","6":"pwb-brand-sog-pl","7":"product_cat-noze-pl","8":"product_cat-zamykanie-nozy","9":"product_tag-b2b-pl","11":"first","12":"outofstock","13":"taxable","14":"shipping-taxable","15":"purchasable","16":"product-type-simple"},"brands":[{"id":3606,"name":"SOG","slug":"sog-pl"}],"_links":{"self":[{"href":"https:\/\/www.moskito.cz\/pl\/wp-json\/wp\/v2\/product\/344105","targetHints":{"allow":["GET"]}}],"collection":[{"href":"https:\/\/www.moskito.cz\/pl\/wp-json\/wp\/v2\/product"}],"about":[{"href":"https:\/\/www.moskito.cz\/pl\/wp-json\/wp\/v2\/types\/product"}],"replies":[{"embeddable":true,"href":"https:\/\/www.moskito.cz\/pl\/wp-json\/wp\/v2\/comments?post=344105"}],"wp:featuredmedia":[{"embeddable":true,"href":"https:\/\/www.moskito.cz\/pl\/wp-json\/wp\/v2\/media\/344106"}],"wp:attachment":[{"href":"https:\/\/www.moskito.cz\/pl\/wp-json\/wp\/v2\/media?parent=344105"}],"wp:term":[{"taxonomy":"pwb-brand","embeddable":true,"href":"https:\/\/www.moskito.cz\/pl\/wp-json\/wp\/v2\/pwb-brand?post=344105"},{"taxonomy":"product_brand","embeddable":true,"href":"https:\/\/www.moskito.cz\/pl\/wp-json\/wp\/v2\/product_brand?post=344105"},{"taxonomy":"product_cat","embeddable":true,"href":"https:\/\/www.moskito.cz\/pl\/wp-json\/wp\/v2\/product_cat?post=344105"},{"taxonomy":"product_tag","embeddable":true,"href":"https:\/\/www.moskito.cz\/pl\/wp-json\/wp\/v2\/product_tag?post=344105"}],"curies":[{"name":"wp","href":"https:\/\/api.w.org\/{rel}","templated":true}]}}