{"id":344136,"date":"2023-03-13T22:05:01","date_gmt":"2024-06-13T13:03:03","guid":{"rendered":"https:\/\/www.moskito.cz\/produkt\/solidny-noz-sog-aegis-fx-rescue-red-indigo\/"},"modified":"2025-05-07T11:17:03","modified_gmt":"2025-05-07T10:17:03","slug":"solidny-noz-sog-aegis-fx-rescue-red-indigo","status":"publish","type":"product","link":"https:\/\/www.moskito.cz\/pl\/produkt\/solidny-noz-sog-aegis-fx-rescue-red-indigo\/","title":{"rendered":"Solidny n\u00f3\u017c SOG AEGIS FX RESCUE RED &amp; INDIGO"},"content":{"rendered":"<p>Solidny n\u00f3\u017c <strong>SOG<\/strong> AEGIS FX RESCUE RED &amp; INDIGO<\/p>\n<p><strong>Aegis FX<\/strong> to nieustraszony i niezawodny n\u00f3\u017c, kt\u00f3ry ma odegra\u0107 integraln\u0105 rol\u0119 w ka\u017cdej przygodzie na \u015bwie\u017cym powietrzu. Ostrze ze stali nierdzewnej CRYO 4116 Krupp na ca\u0142ej powierzchni jest odporne na korozj\u0119 i trwale ostre. Elastyczna kabura kompatybilna z uniwersalnym systemem mocowania pozwala na wiele opcji przenoszenia. Posiada r\u0119koje\u015b\u0107 GRN z formowanym gumowanym obszarem chwytu, kt\u00f3ry zapewnia wi\u0119kszy komfort nawet podczas u\u017cywania wielu r\u00f3\u017cnych chwyt\u00f3w.<\/p>\n<p><strong>GRN I GUMOWY UCHWYT<\/strong><br \/>\nR\u0119koje\u015b\u0107 Aegis FX GRN z gumowan\u0105 wk\u0142adk\u0105 i specyficzn\u0105 faktur\u0105 gwarantuje pewny chwyt, gdy na zewn\u0105trz jest zimno i mokro.<\/p>\n<p><strong>STAL CRYO 4116 KRUPPS<\/strong><br \/>\n4116 to drobnoziarnista stal nierdzewna produkowana przez niemieckich producent\u00f3w ThyssenKrupp. Stal zosta\u0142a pierwotnie opracowana do zastosowa\u0144 higienicznych, takich jak przemys\u0142 medyczny, ze wzgl\u0119du na jej niesamowit\u0105 odporno\u015b\u0107 na korozj\u0119, niezr\u00f3wnan\u0105 wytrzyma\u0142o\u015b\u0107 i doskona\u0142e zachowanie kraw\u0119dzi.<\/p>\n<p><strong>MIESZKANIE UMS<\/strong><br \/>\nKonfigurowalny uniwersalny system mocowania SOG zapewnia r\u00f3\u017cnorodne opcje noszenia, kt\u00f3re s\u0105 kompatybilne z ta\u015bmami, paskami i systemem MOLLE.<\/p>\n<p>WYMIAR CA\u0141KOWITY: 22 cm<br \/>\nKOLOR: srebrny<br \/>\nSTAL: CRYO KRUPP 4116<br \/>\nWAGA: 139g<br \/>\nD\u0141UGO\u015a\u0106 OSTRZA: 9,3 cm<br \/>\nMATERIA\u0141 UCHWYTU: 30% GRN \/ TPU<br \/>\nMATERIA\u0141 OBUDOWY: GRN<\/p>\n","protected":false},"excerpt":{"rendered":"<p><strong>Aegis FX to n\u00f3\u017c outdoorowy z solidnym ostrzem i g\u0142adk\u0105 kraw\u0119dzi\u0105. Bardzo niezawodny n\u00f3\u017c dzi\u0119ki konstrukcji fulltang dla wszystkich poszukiwaczy przyg\u00f3d.<\/strong><\/p>\n","protected":false},"featured_media":344137,"comment_status":"open","ping_status":"closed","template":"","meta":[],"pwb-brand":[3606],"product_brand":[],"product_cat":[3296,3297],"product_tag":[3671],"class_list":{"0":"post-344136","1":"product","2":"type-product","3":"status-publish","4":"has-post-thumbnail","6":"pwb-brand-sog-pl","7":"product_cat-noze-pl","8":"product_cat-solidne-noze","9":"product_tag-b2b-pl","11":"first","12":"instock","13":"taxable","14":"shipping-taxable","15":"purchasable","16":"product-type-simple"},"brands":[{"id":3606,"name":"SOG","slug":"sog-pl"}],"_links":{"self":[{"href":"https:\/\/www.moskito.cz\/pl\/wp-json\/wp\/v2\/product\/344136","targetHints":{"allow":["GET"]}}],"collection":[{"href":"https:\/\/www.moskito.cz\/pl\/wp-json\/wp\/v2\/product"}],"about":[{"href":"https:\/\/www.moskito.cz\/pl\/wp-json\/wp\/v2\/types\/product"}],"replies":[{"embeddable":true,"href":"https:\/\/www.moskito.cz\/pl\/wp-json\/wp\/v2\/comments?post=344136"}],"wp:featuredmedia":[{"embeddable":true,"href":"https:\/\/www.moskito.cz\/pl\/wp-json\/wp\/v2\/media\/344137"}],"wp:attachment":[{"href":"https:\/\/www.moskito.cz\/pl\/wp-json\/wp\/v2\/media?parent=344136"}],"wp:term":[{"taxonomy":"pwb-brand","embeddable":true,"href":"https:\/\/www.moskito.cz\/pl\/wp-json\/wp\/v2\/pwb-brand?post=344136"},{"taxonomy":"product_brand","embeddable":true,"href":"https:\/\/www.moskito.cz\/pl\/wp-json\/wp\/v2\/product_brand?post=344136"},{"taxonomy":"product_cat","embeddable":true,"href":"https:\/\/www.moskito.cz\/pl\/wp-json\/wp\/v2\/product_cat?post=344136"},{"taxonomy":"product_tag","embeddable":true,"href":"https:\/\/www.moskito.cz\/pl\/wp-json\/wp\/v2\/product_tag?post=344136"}],"curies":[{"name":"wp","href":"https:\/\/api.w.org\/{rel}","templated":true}]}}