{"id":344252,"date":"2022-11-23T22:42:43","date_gmt":"2024-06-13T13:04:32","guid":{"rendered":"https:\/\/www.moskito.cz\/produkt\/noz-solidny-sog-aegis-fx-indigo-acid-yellow\/"},"modified":"2025-05-07T11:17:05","modified_gmt":"2025-05-07T10:17:05","slug":"noz-solidny-sog-aegis-fx-indigo-acid-yellow","status":"publish","type":"product","link":"https:\/\/www.moskito.cz\/pl\/produkt\/noz-solidny-sog-aegis-fx-indigo-acid-yellow\/","title":{"rendered":"N\u00f3\u017c solidny SOG AEGIS FX INDIGO &amp; ACID YELLOW"},"content":{"rendered":"<p>Solidny n\u00f3\u017c <strong>SOG<\/strong> AEGIS FX INDIGO &amp; ACID YELLOW.<\/p>\n<p>Wyprofilowany gumowany uchwyt umo\u017cliwia optymalny chwyt we wszystkich pozycjach. Ostrze ze stali nierdzewnej CRYO 440C charakteryzuje si\u0119 doskona\u0142\u0105 odporno\u015bci\u0105 na korozj\u0119 i zu\u017cycie. Obudowa SOG kompatybilna z UMS jest dwustronna i zapewnia wiele opcji monta\u017cu.<\/p>\n<p>TAK MO\u017bLIWE, JAK TRUDNE<\/p>\n<p>Recondo przeznaczone jest przede wszystkim dla profesjonalist\u00f3w umundurowanych na ca\u0142ym \u015bwiecie. Jest lekki, p\u0142aski i nie b\u0119dzie przeszkadza\u0142, gdy zostanie mocno przymocowany do sprz\u0119tu.<\/p>\n<p>KRIO 440C<\/p>\n<p>Ostrze ze stali nierdzewnej CRYO 440C charakteryzuje si\u0119 doskona\u0142\u0105 odporno\u015bci\u0105 na korozj\u0119 i zu\u017cycie. Przechodzi przez niemal ca\u0142\u0105 r\u0119koje\u015b\u0107.<\/p>\n<p>OBUDOWA KOMPATYBILNA Z UMS<\/p>\n<p>Etui zapewnia wiele opcji monta\u017cu i oferuje system regulacji uchwytu bez u\u017cycia narz\u0119dzi. Dopasowany kr\u00f3j zapewnia doskona\u0142\u0105 przyczepno\u015b\u0107. Sprawa jest odpowiednia dla obu stron.<\/p>\n<p>GUMOWANY UCHWYT<\/p>\n<p>Formowany gumowany uchwyt pozwala na optymalne trzymanie d\u0142oni we wszystkich uchwytach, nawet je\u015bli d\u0142onie s\u0105 brudne.<\/p>\n<p>RODZAJ UBEZPIECZENIA: nie dotyczy<br \/>\nROZMIAR CA\u0141KOWITY: 223 mm<br \/>\nGRUBO\u015a\u0106 OSTRZA: 3,6 mm<br \/>\nD\u0141UGO\u015a\u0106 OSTRZA: 93 mm<br \/>\nKOLOR: srebrny<br \/>\nWAGA: 139 g<br \/>\nSTAL: CRYO KRUPP 4116<br \/>\nMATERIA\u0141 UCHWYTU: 30% GRN \/ TPU<br \/>\nMATERIA\u0141 OBUDOWY: GRN<\/p>\n<p>&nbsp;<\/p>\n","protected":false},"excerpt":{"rendered":"<p>Aegis FX to n\u00f3\u017c outdoorowy z solidnym ostrzem i g\u0142adk\u0105 kraw\u0119dzi\u0105. Bardzo niezawodny n\u00f3\u017c dzi\u0119ki konstrukcji fulltang dla wszystkich poszukiwaczy przyg\u00f3d.<\/p>\n","protected":false},"featured_media":344253,"comment_status":"open","ping_status":"closed","template":"","meta":[],"pwb-brand":[3606],"product_brand":[],"product_cat":[3296,3297],"product_tag":[3671],"class_list":{"0":"post-344252","1":"product","2":"type-product","3":"status-publish","4":"has-post-thumbnail","6":"pwb-brand-sog-pl","7":"product_cat-noze-pl","8":"product_cat-solidne-noze","9":"product_tag-b2b-pl","11":"first","12":"instock","13":"taxable","14":"shipping-taxable","15":"purchasable","16":"product-type-simple"},"brands":[{"id":3606,"name":"SOG","slug":"sog-pl"}],"_links":{"self":[{"href":"https:\/\/www.moskito.cz\/pl\/wp-json\/wp\/v2\/product\/344252","targetHints":{"allow":["GET"]}}],"collection":[{"href":"https:\/\/www.moskito.cz\/pl\/wp-json\/wp\/v2\/product"}],"about":[{"href":"https:\/\/www.moskito.cz\/pl\/wp-json\/wp\/v2\/types\/product"}],"replies":[{"embeddable":true,"href":"https:\/\/www.moskito.cz\/pl\/wp-json\/wp\/v2\/comments?post=344252"}],"wp:featuredmedia":[{"embeddable":true,"href":"https:\/\/www.moskito.cz\/pl\/wp-json\/wp\/v2\/media\/344253"}],"wp:attachment":[{"href":"https:\/\/www.moskito.cz\/pl\/wp-json\/wp\/v2\/media?parent=344252"}],"wp:term":[{"taxonomy":"pwb-brand","embeddable":true,"href":"https:\/\/www.moskito.cz\/pl\/wp-json\/wp\/v2\/pwb-brand?post=344252"},{"taxonomy":"product_brand","embeddable":true,"href":"https:\/\/www.moskito.cz\/pl\/wp-json\/wp\/v2\/product_brand?post=344252"},{"taxonomy":"product_cat","embeddable":true,"href":"https:\/\/www.moskito.cz\/pl\/wp-json\/wp\/v2\/product_cat?post=344252"},{"taxonomy":"product_tag","embeddable":true,"href":"https:\/\/www.moskito.cz\/pl\/wp-json\/wp\/v2\/product_tag?post=344252"}],"curies":[{"name":"wp","href":"https:\/\/api.w.org\/{rel}","templated":true}]}}