{"id":344293,"date":"2021-05-09T21:37:43","date_gmt":"2021-05-09T20:37:43","guid":{"rendered":"https:\/\/www.moskito.cz\/produkt\/naprawiono-wspolczynnik-ekstrema-noza-kreios\/"},"modified":"2025-05-07T11:17:06","modified_gmt":"2025-05-07T10:17:06","slug":"naprawiono-wspolczynnik-ekstrema-noza-kreios","status":"publish","type":"product","link":"https:\/\/www.moskito.cz\/pl\/produkt\/naprawiono-wspolczynnik-ekstrema-noza-kreios\/","title":{"rendered":"Naprawiono wsp\u00f3\u0142czynnik ekstrema no\u017ca KREIOS"},"content":{"rendered":"<p>Naprawiono wsp\u00f3\u0142czynnik ekstrema no\u017ca KREIOS<\/p>\n<p>Zaprojektowali\u015bmy i opracowali\u015bmy KREIOS wraz z g\u0142\u00f3wnym instruktorem Daniele Dal Cante z FISSS (W\u0142oskiej Federacji Survivalu), kt\u00f3ry nazwa\u0142 go \u201eoff-road\u201d z ostrymi narz\u0119dziami. Nie jest to zatem projekt przeznaczony tylko do jednego konkretnego zastosowania, ale niezwykle wszechstronne, wielofunkcyjne narz\u0119dzie do szerokiego zakresu aktywno\u015bci na \u015bwie\u017cym powietrzu. Dzi\u0119ki swojej ergonomii, wadze i rozmiarom KREIOS jest bardzo skuteczny w wycinaniu \u015bcie\u017cki przez g\u0119ste li\u015bcie, szczeg\u00f3lnie gdy wymagana jest bezpieczna odleg\u0142o\u015b\u0107 od ciernistej lub w inny spos\u00f3b niebezpiecznej ro\u015blinno\u015bci. Dzi\u0119ki swojej wytrzyma\u0142o\u015bci \u015bwietnie sprawdza si\u0119 r\u00f3wnie\u017c jako maczeta do ci\u0119\u017ckich prac polowych, np. przy \u015bcinaniu drzew czy r\u0105baniu drewna na opa\u0142. D\u0142ugo\u015b\u0107 ca\u0142kowicie p\u0142askiego ostrza o \u015brednicy 12\u201d\u00be\u201d w po\u0142\u0105czeniu z k\u0105tem ostrza skierowanym w d\u00f3\u0142 11\u00b0 zapewnia chwyt i du\u017c\u0105 wag\u0119 22 \u00bd uncji. wydajno\u015b\u0107 masowa ma wyj\u0105tkow\u0105 zdolno\u015b\u0107 ci\u0119cia i bardzo wysok\u0105 tolerancj\u0119 napr\u0119\u017cenia rozci\u0105gaj\u0105cego. Wsp\u00f3\u0142czesne geometrie i materia\u0142y \u0142\u0105cz\u0105 si\u0119 z tradycjami malezyjskimi i afryka\u0144skimi, tworz\u0105c wytrzyma\u0142e narz\u0119dzie do pracy w terenie, kt\u00f3re w sytuacjach awaryjnych mo\u017ce r\u00f3wnie\u017c s\u0142u\u017cy\u0107 jako bro\u0144 do obrony i ataku. Zawiera pochw\u0119 w systemie MOLLE i bezpieczny pasek na rami\u0119.<br \/>\nKARTA TECHNICZNA<br \/>\nWaga g.: 642<br \/>\nWaga ok.: 22,6<br \/>\nD\u0142ugo\u015b\u0107 ostrza (mm): 324<br \/>\nD\u0142ugo\u015b\u0107 ostrza (w calach): 12,8<br \/>\nD\u0142ugo\u015b\u0107 ca\u0142kowita (mm): 476<br \/>\nD\u0142ugo\u015b\u0107 ca\u0142kowita (w calach): 18,7<br \/>\nGrubo\u015b\u0107 ostrza (mm): 6,3<br \/>\nGrubo\u015b\u0107 ostrza (w calach): 0,25<br \/>\nMateria\u0142 ostrza: STAL B\u00f6HLER N690 (58HRC)<br \/>\nWyko\u0144czenie ostrza: OGRZEWANIE MIL-C-13924<br \/>\nG\u0142\u00f3wna siatka: P\u0141ASKA<br \/>\nMateria\u0142 r\u0119koje\u015bci: FORPRENE<\/p>\n","protected":false},"excerpt":{"rendered":"<p><strong>Firma Extrema Ratio<\/strong> z siedzib\u0105 w Prato we W\u0142oszech projektuje i produkuje wysokiej jako\u015bci no\u017ce bojowe, wojskowe, kuchenne, my\u015bliwskie i taktyczne od 1997 roku i cieszy si\u0119 reputacj\u0105 dzi\u0119ki najwy\u017cszej jako\u015bci, kt\u00f3ra nie ma sobie r\u00f3wnych w bran\u017cy no\u017cy wojskowych i taktycznych. <strong>Bezp\u0142atny transport.<\/strong><\/p>\n","protected":false},"featured_media":431289,"comment_status":"open","ping_status":"closed","template":"","meta":[],"pwb-brand":[3666],"product_brand":[],"product_cat":[3297,3296],"product_tag":[3671],"class_list":{"0":"post-344293","1":"product","2":"type-product","3":"status-publish","4":"has-post-thumbnail","6":"pwb-brand-stosunek-ekstremow","7":"product_cat-solidne-noze","8":"product_cat-noze-pl","9":"product_tag-b2b-pl","11":"first","12":"instock","13":"taxable","14":"shipping-taxable","15":"purchasable","16":"product-type-simple"},"brands":[{"id":3666,"name":"Stosunek ekstrem\u00f3w","slug":"stosunek-ekstremow"}],"_links":{"self":[{"href":"https:\/\/www.moskito.cz\/pl\/wp-json\/wp\/v2\/product\/344293","targetHints":{"allow":["GET"]}}],"collection":[{"href":"https:\/\/www.moskito.cz\/pl\/wp-json\/wp\/v2\/product"}],"about":[{"href":"https:\/\/www.moskito.cz\/pl\/wp-json\/wp\/v2\/types\/product"}],"replies":[{"embeddable":true,"href":"https:\/\/www.moskito.cz\/pl\/wp-json\/wp\/v2\/comments?post=344293"}],"wp:featuredmedia":[{"embeddable":true,"href":"https:\/\/www.moskito.cz\/pl\/wp-json\/wp\/v2\/media\/431289"}],"wp:attachment":[{"href":"https:\/\/www.moskito.cz\/pl\/wp-json\/wp\/v2\/media?parent=344293"}],"wp:term":[{"taxonomy":"pwb-brand","embeddable":true,"href":"https:\/\/www.moskito.cz\/pl\/wp-json\/wp\/v2\/pwb-brand?post=344293"},{"taxonomy":"product_brand","embeddable":true,"href":"https:\/\/www.moskito.cz\/pl\/wp-json\/wp\/v2\/product_brand?post=344293"},{"taxonomy":"product_cat","embeddable":true,"href":"https:\/\/www.moskito.cz\/pl\/wp-json\/wp\/v2\/product_cat?post=344293"},{"taxonomy":"product_tag","embeddable":true,"href":"https:\/\/www.moskito.cz\/pl\/wp-json\/wp\/v2\/product_tag?post=344293"}],"curies":[{"name":"wp","href":"https:\/\/api.w.org\/{rel}","templated":true}]}}