{"id":344383,"date":"2024-06-14T08:31:49","date_gmt":"2024-06-14T07:32:59","guid":{"rendered":"https:\/\/www.moskito.cz\/produkt\/noz-do-rzucania-cold-steel-mini-flight-sport\/"},"modified":"2025-05-07T11:17:09","modified_gmt":"2025-05-07T10:17:09","slug":"noz-do-rzucania-cold-steel-mini-flight-sport","status":"publish","type":"product","link":"https:\/\/www.moskito.cz\/pl\/produkt\/noz-do-rzucania-cold-steel-mini-flight-sport\/","title":{"rendered":"N\u00f3\u017c do rzucania Cold Steel MINI FLIGHT SPORT"},"content":{"rendered":"<p>N\u00f3\u017c do rzucania <strong>Cold Steel<\/strong> MINI FLIGHT SPORT.<\/p>\n<p>Od wielu lat oferujemy jedne z najlepszych profesjonalnych no\u017cy do rzucania klasy premium. Nasi miotacze stali si\u0119 ostoj\u0105 spo\u0142eczno\u015bci rzucania i regularnie uczestnicz\u0105 w najwy\u017cszych zawodach w rzucaniu na ca\u0142ym \u015bwiecie. Teraz, ze wzgl\u0119du na du\u017ce zapotrzebowanie, z dum\u0105 przedstawiamy now\u0105 gam\u0119 niedrogich miotaczy sportowych \u015bredniej klasy. Te sportowe modele, zbudowane zgodnie z tymi samymi rygorystycznymi standardami i z tak\u0105 sam\u0105 twardo\u015bci\u0105, jak nasze modele z wy\u017cszej p\u00f3\u0142ki, s\u0105 nieco cie\u0144sze i l\u017cejsze, ale maj\u0105 tak\u0105 sam\u0105 trwa\u0142o\u015b\u0107 i wywa\u017cenie, jakich oczekuj\u0105 nasi klienci. S\u0105 odpowiednie dla ka\u017cdego poziomu umiej\u0119tno\u015bci. s\u0105 znacznie ta\u0144sze ni\u017c nasze oryginalne, profesjonalne modele i sprawiaj\u0105, \u017ce ta przyjemna i satysfakcjonuj\u0105ca rozrywka jest \u0142atwiejsza ni\u017c kiedykolwiek.<\/p>\n<p>Czarny kolor<br \/>\nWaga: 181,43 g<br \/>\nRozmiar ca\u0142kowity: 25,4 cm<br \/>\nGrubo\u015b\u0107 ostrza: 0,35 cm<br \/>\nStal: stal w\u0119glowa 1055<\/p>\n","protected":false},"excerpt":{"rendered":"<p><strong>Przedstawiamy gam\u0119 no\u017cy do rzucania Flight Sport, kt\u00f3re s\u0105 dost\u0119pne w trzech rozmiarach.<\/strong><\/p>\n<p><strong>Mini Flight Sport firmy Cold Steel to ma\u0142y (181 g) n\u00f3\u017c do rzucania.<\/strong><\/p>\n","protected":false},"featured_media":344376,"comment_status":"open","ping_status":"closed","template":"","meta":[],"pwb-brand":[3596],"product_brand":[],"product_cat":[3296,3543],"product_tag":[3671],"class_list":{"0":"post-344383","1":"product","2":"type-product","3":"status-publish","4":"has-post-thumbnail","6":"pwb-brand-zimna-stal","7":"product_cat-noze-pl","8":"product_cat-rzucac-nozami","9":"product_tag-b2b-pl","11":"first","12":"outofstock","13":"taxable","14":"shipping-taxable","15":"purchasable","16":"product-type-simple"},"brands":[{"id":3596,"name":"Zimna stal","slug":"zimna-stal"}],"_links":{"self":[{"href":"https:\/\/www.moskito.cz\/pl\/wp-json\/wp\/v2\/product\/344383","targetHints":{"allow":["GET"]}}],"collection":[{"href":"https:\/\/www.moskito.cz\/pl\/wp-json\/wp\/v2\/product"}],"about":[{"href":"https:\/\/www.moskito.cz\/pl\/wp-json\/wp\/v2\/types\/product"}],"replies":[{"embeddable":true,"href":"https:\/\/www.moskito.cz\/pl\/wp-json\/wp\/v2\/comments?post=344383"}],"wp:featuredmedia":[{"embeddable":true,"href":"https:\/\/www.moskito.cz\/pl\/wp-json\/wp\/v2\/media\/344376"}],"wp:attachment":[{"href":"https:\/\/www.moskito.cz\/pl\/wp-json\/wp\/v2\/media?parent=344383"}],"wp:term":[{"taxonomy":"pwb-brand","embeddable":true,"href":"https:\/\/www.moskito.cz\/pl\/wp-json\/wp\/v2\/pwb-brand?post=344383"},{"taxonomy":"product_brand","embeddable":true,"href":"https:\/\/www.moskito.cz\/pl\/wp-json\/wp\/v2\/product_brand?post=344383"},{"taxonomy":"product_cat","embeddable":true,"href":"https:\/\/www.moskito.cz\/pl\/wp-json\/wp\/v2\/product_cat?post=344383"},{"taxonomy":"product_tag","embeddable":true,"href":"https:\/\/www.moskito.cz\/pl\/wp-json\/wp\/v2\/product_tag?post=344383"}],"curies":[{"name":"wp","href":"https:\/\/api.w.org\/{rel}","templated":true}]}}