{"id":344431,"date":"2024-06-14T08:58:32","date_gmt":"2024-06-14T08:00:28","guid":{"rendered":"https:\/\/www.moskito.cz\/produkt\/throwing-stars-cold-steel-lekkie-pewne-uderzenie-3-zestawy\/"},"modified":"2025-05-07T11:17:10","modified_gmt":"2025-05-07T10:17:10","slug":"throwing-stars-cold-steel-lekkie-pewne-uderzenie-3-zestawy","status":"publish","type":"product","link":"https:\/\/www.moskito.cz\/pl\/produkt\/throwing-stars-cold-steel-lekkie-pewne-uderzenie-3-zestawy\/","title":{"rendered":"Throwing Stars Cold Steel LEKKIE PEWNE UDERZENIE (3 ZESTAWY)"},"content":{"rendered":"<p>Throwing Stars <strong>Cold Steel<\/strong> LEKKIE PEWNE UDERZENIE (3 PAKIETY).<\/p>\n<p><strong>Sure Strike<\/strong> to nasza interpretacja klasycznego Shurikena, czyli gwiazdy do rzucania. U\u017cywana od wiek\u00f3w w Chinach i Japonii gwiazda do rzucania sk\u0142ada si\u0119 z dobrze wywa\u017conego kawa\u0142ka sp\u0142aszczonej stali z 3 lub wi\u0119cej ostrymi ko\u0144cami. Rzucony nad g\u0142ow\u0105 jak baseball, bro\u0144 boczna, pod pach\u0105 lub bekhend jak lataj\u0105cy spodek, za ka\u017cdym razem trafia co najmniej w jeden punkt. Nasze Sure Strikes nie przypominaj\u0105 tanich, marnych gwiazdek do rzucania, kt\u00f3re mo\u017cna zobaczy\u0107 na pchlich targach, pokazach broni i magazynach o sztukach walki. S\u0105 precyzyjnie wycinane laserowo ze stali wysokow\u0119glowej i przed ostrzeniem poddawane obr\u00f3bce cieplnej w celu uzyskania trwa\u0142ej spr\u0119\u017cyny. Nast\u0119pnie s\u0105 zabezpieczane czarnym, pieczonym wyko\u0144czeniem epoksydowym, aby chroni\u0107 je przed trudnymi warunkami pogodowymi i wielokrotnym rzucaniem. Dost\u0119pny w trzech wariantach wagowych: lekki, \u015bredni i ci\u0119\u017cki.<\/p>\n<p>Waga: 79 g<\/p>\n<p>Grubo\u015b\u0107 ostrza: 0,2 cm<\/p>\n<p>Ostrza stalowe: w\u0119giel 1055<\/p>\n<p>D\u0142ugo\u015b\u0107 ca\u0142kowita: 14,6 cm<\/p>\n<p>Styl: gwiazda<\/p>\n<p>Rodzina stali: stale wysokow\u0119glowe<\/p>\n<p>&nbsp;<\/p>\n<p>&nbsp;<\/p>\n","protected":false},"excerpt":{"rendered":"<p><strong>Sure Strike to nasza interpretacja klasycznego Shurikena, czyli gwiazdy do rzucania.<\/strong><\/p>\n","protected":false},"featured_media":344424,"comment_status":"open","ping_status":"closed","template":"","meta":[],"pwb-brand":[3596],"product_brand":[],"product_cat":[3543,3296],"product_tag":[3671],"class_list":{"0":"post-344431","1":"product","2":"type-product","3":"status-publish","4":"has-post-thumbnail","6":"pwb-brand-zimna-stal","7":"product_cat-rzucac-nozami","8":"product_cat-noze-pl","9":"product_tag-b2b-pl","11":"first","12":"instock","13":"taxable","14":"shipping-taxable","15":"purchasable","16":"product-type-simple"},"brands":[{"id":3596,"name":"Zimna stal","slug":"zimna-stal"}],"_links":{"self":[{"href":"https:\/\/www.moskito.cz\/pl\/wp-json\/wp\/v2\/product\/344431","targetHints":{"allow":["GET"]}}],"collection":[{"href":"https:\/\/www.moskito.cz\/pl\/wp-json\/wp\/v2\/product"}],"about":[{"href":"https:\/\/www.moskito.cz\/pl\/wp-json\/wp\/v2\/types\/product"}],"replies":[{"embeddable":true,"href":"https:\/\/www.moskito.cz\/pl\/wp-json\/wp\/v2\/comments?post=344431"}],"wp:featuredmedia":[{"embeddable":true,"href":"https:\/\/www.moskito.cz\/pl\/wp-json\/wp\/v2\/media\/344424"}],"wp:attachment":[{"href":"https:\/\/www.moskito.cz\/pl\/wp-json\/wp\/v2\/media?parent=344431"}],"wp:term":[{"taxonomy":"pwb-brand","embeddable":true,"href":"https:\/\/www.moskito.cz\/pl\/wp-json\/wp\/v2\/pwb-brand?post=344431"},{"taxonomy":"product_brand","embeddable":true,"href":"https:\/\/www.moskito.cz\/pl\/wp-json\/wp\/v2\/product_brand?post=344431"},{"taxonomy":"product_cat","embeddable":true,"href":"https:\/\/www.moskito.cz\/pl\/wp-json\/wp\/v2\/product_cat?post=344431"},{"taxonomy":"product_tag","embeddable":true,"href":"https:\/\/www.moskito.cz\/pl\/wp-json\/wp\/v2\/product_tag?post=344431"}],"curies":[{"name":"wp","href":"https:\/\/api.w.org\/{rel}","templated":true}]}}