{"id":344464,"date":"2024-06-14T09:51:53","date_gmt":"2024-06-14T08:55:13","guid":{"rendered":"https:\/\/www.moskito.cz\/produkt\/rzucanie-cold-steel-templari-x\/"},"modified":"2025-05-07T11:17:13","modified_gmt":"2025-05-07T10:17:13","slug":"rzucanie-cold-steel-templari-x","status":"publish","type":"product","link":"https:\/\/www.moskito.cz\/pl\/produkt\/rzucanie-cold-steel-templari-x\/","title":{"rendered":"Rzucanie Cold Steel TEMPLARI X"},"content":{"rendered":"<p>Rzucanie <strong>Cold Steel<\/strong> TEMPLARI X.<\/p>\n<p><strong>Templar firmy Cold Steel<\/strong> to specjalistyczne narz\u0119dzie do rzucania stworzone z my\u015bl\u0105 o nowoczesnym rzucaniu sportowym lub wyczynowym. Zaprojektowany przez niestandardowe ostrze Dave&#8217;a Bakera, Templar jest inspirowany staro\u017cytnym, historycznym toporem do rzucania znanym jako Hurlbat. Wykonany z jednego kawa\u0142ka wytrzyma\u0142ej, utwardzanej spr\u0119\u017cynowo stali w\u0119glowej, Templar rzuca si\u0119 przyjemnie i jest \u0142atwy w u\u017cyciu. Je\u015bli chodzi o potencja\u0142 \u201echwytania\u201d, jest to druga najlepsza rzecz w por\u00f3wnaniu z shurikenem lub gwiazd\u0105 do rzucania, kt\u00f3ra za ka\u017cdym razem l\u0105duje z satysfakcjonuj\u0105cym \u201egrzmotem\u201d! Dzi\u0119ki g\u0142\u00f3wce przypominaj\u0105cej top\u00f3r, g\u00f3rnej i tylnej ko\u0144c\u00f3wce oraz \u015bci\u0119tej r\u0119koje\u015bci uderza mocno z niemal ka\u017cdej odleg\u0142o\u015bci i dowolnego obrotu, a wywa\u017cenie du\u017cej g\u0142\u00f3wki pozwala na d\u0142u\u017csze rzuty.<\/p>\n<p>Waga: 16,9 uncji<\/p>\n<p>Grubo\u015b\u0107 ostrza: 0,5 cm<\/p>\n<p>Ostrza ze stali: 1065 o wysokiej zawarto\u015bci w\u0119gla<\/p>\n<p>Styl: Top\u00f3r<\/p>\n<p>Rodzina stali: stale wysokow\u0119glowe<\/p>\n<div class=\"detaillist-row\">\n<div class=\"detaillist-row-name\">Ca\u0142kowity rozmiar. 37cm<\/div>\n<\/div>\n<p>&nbsp;<\/p>\n<p>&nbsp;<\/p>\n","protected":false},"excerpt":{"rendered":"<p><strong>Templar firmy Cold Steel to specjalistyczne narz\u0119dzie do rzucania stworzone z my\u015bl\u0105 o nowoczesnym rzucaniu sportowym lub wyczynowym.<\/strong><\/p>\n","protected":false},"featured_media":344456,"comment_status":"open","ping_status":"closed","template":"","meta":[],"pwb-brand":[3596],"product_brand":[],"product_cat":[3296,3543],"product_tag":[3671],"class_list":{"0":"post-344464","1":"product","2":"type-product","3":"status-publish","4":"has-post-thumbnail","6":"pwb-brand-zimna-stal","7":"product_cat-noze-pl","8":"product_cat-rzucac-nozami","9":"product_tag-b2b-pl","11":"first","12":"outofstock","13":"taxable","14":"shipping-taxable","15":"purchasable","16":"product-type-simple"},"brands":[{"id":3596,"name":"Zimna stal","slug":"zimna-stal"}],"_links":{"self":[{"href":"https:\/\/www.moskito.cz\/pl\/wp-json\/wp\/v2\/product\/344464","targetHints":{"allow":["GET"]}}],"collection":[{"href":"https:\/\/www.moskito.cz\/pl\/wp-json\/wp\/v2\/product"}],"about":[{"href":"https:\/\/www.moskito.cz\/pl\/wp-json\/wp\/v2\/types\/product"}],"replies":[{"embeddable":true,"href":"https:\/\/www.moskito.cz\/pl\/wp-json\/wp\/v2\/comments?post=344464"}],"wp:featuredmedia":[{"embeddable":true,"href":"https:\/\/www.moskito.cz\/pl\/wp-json\/wp\/v2\/media\/344456"}],"wp:attachment":[{"href":"https:\/\/www.moskito.cz\/pl\/wp-json\/wp\/v2\/media?parent=344464"}],"wp:term":[{"taxonomy":"pwb-brand","embeddable":true,"href":"https:\/\/www.moskito.cz\/pl\/wp-json\/wp\/v2\/pwb-brand?post=344464"},{"taxonomy":"product_brand","embeddable":true,"href":"https:\/\/www.moskito.cz\/pl\/wp-json\/wp\/v2\/product_brand?post=344464"},{"taxonomy":"product_cat","embeddable":true,"href":"https:\/\/www.moskito.cz\/pl\/wp-json\/wp\/v2\/product_cat?post=344464"},{"taxonomy":"product_tag","embeddable":true,"href":"https:\/\/www.moskito.cz\/pl\/wp-json\/wp\/v2\/product_tag?post=344464"}],"curies":[{"name":"wp","href":"https:\/\/api.w.org\/{rel}","templated":true}]}}