{"id":344591,"date":"2024-06-14T10:34:52","date_gmt":"2024-06-14T09:34:52","guid":{"rendered":"https:\/\/www.moskito.cz\/produkt\/zestaw-3-gwiazdek-cold-steel-z-woreczkiem\/"},"modified":"2025-05-07T11:17:18","modified_gmt":"2025-05-07T10:17:18","slug":"zestaw-3-gwiazdek-cold-steel-z-woreczkiem","status":"publish","type":"product","link":"https:\/\/www.moskito.cz\/pl\/produkt\/zestaw-3-gwiazdek-cold-steel-z-woreczkiem\/","title":{"rendered":"Zestaw 3 gwiazdek Cold Steel z woreczkiem"},"content":{"rendered":"<p>Zestaw 3 gwiazdek <strong>Cold Steel<\/strong> z woreczkiem.<\/p>\n<p>Te gwiazdki do rzucania s\u0105 nowoczesn\u0105 interpretacj\u0105 klasycznego Shurikena. U\u017cywana od wiek\u00f3w w Chinach i Japonii gwiazda do rzucania sk\u0142ada si\u0119 z dobrze wywa\u017conego kawa\u0142ka sp\u0142aszczonej stali z 3 lub wi\u0119cej ostrymi ko\u0144cami. Rzucony nad g\u0142ow\u0105 jak baseball, bro\u0144 boczna, pod pach\u0105 lub bekhend jak lataj\u0105cy spodek, za ka\u017cdym razem trafia co najmniej w jeden punkt. Zestaw trzech gwiazdek do rzucania wykonany jest z wysokiej jako\u015bci stali 420SS z trwa\u0142\u0105 pow\u0142ok\u0105 z czarnego tlenku i umieszczony w por\u0119cznej nylonowej obudowie.<\/p>\n<p>Czarny kolor<br \/>\nWaga: 43 g<br \/>\nRozmiar ca\u0142kowity: 9,9 cm<br \/>\nD\u0142ugo\u015b\u0107 ostrza: 3,8 cm<br \/>\nGrubo\u015b\u0107 ostrza: 0,3 mm<br \/>\nStal: 420SS<br \/>\nMateria\u0142 obudowy: nylon<\/p>\n","protected":false},"excerpt":{"rendered":"<p><strong>Te gwiazdki do rzucania s\u0105 nowoczesn\u0105 interpretacj\u0105 klasycznego Shurikena.<\/strong><\/p>\n","protected":false},"featured_media":344525,"comment_status":"open","ping_status":"closed","template":"","meta":[],"pwb-brand":[3596],"product_brand":[],"product_cat":[3543,3296],"product_tag":[3671],"class_list":{"0":"post-344591","1":"product","2":"type-product","3":"status-publish","4":"has-post-thumbnail","6":"pwb-brand-zimna-stal","7":"product_cat-rzucac-nozami","8":"product_cat-noze-pl","9":"product_tag-b2b-pl","11":"first","12":"instock","13":"taxable","14":"shipping-taxable","15":"purchasable","16":"product-type-simple"},"brands":[{"id":3596,"name":"Zimna stal","slug":"zimna-stal"}],"_links":{"self":[{"href":"https:\/\/www.moskito.cz\/pl\/wp-json\/wp\/v2\/product\/344591","targetHints":{"allow":["GET"]}}],"collection":[{"href":"https:\/\/www.moskito.cz\/pl\/wp-json\/wp\/v2\/product"}],"about":[{"href":"https:\/\/www.moskito.cz\/pl\/wp-json\/wp\/v2\/types\/product"}],"replies":[{"embeddable":true,"href":"https:\/\/www.moskito.cz\/pl\/wp-json\/wp\/v2\/comments?post=344591"}],"wp:featuredmedia":[{"embeddable":true,"href":"https:\/\/www.moskito.cz\/pl\/wp-json\/wp\/v2\/media\/344525"}],"wp:attachment":[{"href":"https:\/\/www.moskito.cz\/pl\/wp-json\/wp\/v2\/media?parent=344591"}],"wp:term":[{"taxonomy":"pwb-brand","embeddable":true,"href":"https:\/\/www.moskito.cz\/pl\/wp-json\/wp\/v2\/pwb-brand?post=344591"},{"taxonomy":"product_brand","embeddable":true,"href":"https:\/\/www.moskito.cz\/pl\/wp-json\/wp\/v2\/product_brand?post=344591"},{"taxonomy":"product_cat","embeddable":true,"href":"https:\/\/www.moskito.cz\/pl\/wp-json\/wp\/v2\/product_cat?post=344591"},{"taxonomy":"product_tag","embeddable":true,"href":"https:\/\/www.moskito.cz\/pl\/wp-json\/wp\/v2\/product_tag?post=344591"}],"curies":[{"name":"wp","href":"https:\/\/api.w.org\/{rel}","templated":true}]}}